{"id":895,"date":"2023-05-03T10:08:54","date_gmt":"2023-05-03T08:08:54","guid":{"rendered":"https:\/\/staging.konzeptionisten.net\/?page_id=895"},"modified":"2024-04-16T11:04:31","modified_gmt":"2024-04-16T09:04:31","slug":"water-fun","status":"publish","type":"page","link":"https:\/\/staging.konzeptionisten.net\/en\/recreational-experience\/water-fun","title":{"rendered":"Water fun &amp; lidos"},"content":{"rendered":"<div class=\"lazyblock-seenland-booking-1M7TUp wp-block-lazyblock-seenland-booking\"><div id=\"bookingform\">\r\n  <h3 class=\"en_GB\">This is where your next holiday begins...<\/h3>\r\n  <div class=\"container\">\r\n  <form  onsubmit=\"return onFormSubmit()\" method=\"get\" action=\"\">\r\n    <div class=\"book-column dates\">\r\n       <div class=\"form-group\">\r\n         <label for=\"selArrivaldate\">Arrival:<\/label>\r\n         <input type=\"date\" class=\"has-datepicker\" id=\"selArrivaldate\" name=\"selArrivaldate\" min=\"2026-04-19\" value=\"2026-04-19\">\r\n       <\/div> \r\n       <span class=\"booking-trenner\">&nbsp; &#8211; &nbsp;<\/span>\r\n       <div class=\"form-group\">\r\n         <label for=\"selDeparturedate\">Departure:<\/label>\r\n         <input type=\"date\" class=\"has-datepicker\" id=\"selDeparturedate\" name=\"selDeparturedate\" value=\"2026-04-26\">\r\n       <\/div> \r\n     <\/div>\r\n      <div class=\"book-column persons\">\r\n     <div class=\"form-group border-left\">\r\n       <label for=\"selAdults\">Adults:<\/label>\r\n       <select id=\"selAdults\" name=\"selAdults\">\r\n        <option value=\"1\">1<\/option>\r\n        <option value=\"2\" selected>2<\/option>\r\n        <option value=\"3\">3<\/option>\r\n        <option value=\"4\">4<\/option>\r\n        <option value=\"5\">5<\/option>\r\n        <option value=\"6\">6<\/option>\r\n        <option value=\"7\">7<\/option>\r\n        <option value=\"8\">8<\/option>\r\n        <option value=\"9\">9<\/option>\r\n        <option value=\"10\">10<\/option>\r\n       <\/select>\r\n     <\/div>\r\n     <div class=\"form-group\">\r\n      <label for=\"selKids\">Children:<\/label>\r\n       <select id=\"selKids\" name=\"selKids\">\r\n        <option value=\"0\" selected>0<\/option>\r\n        <option value=\"1\">1<\/option>\r\n        <option value=\"2\">2<\/option>\r\n        <option value=\"3\">3<\/option>\r\n        <option value=\"4\">4<\/option>\r\n        <option value=\"5\">5<\/option>\r\n        <option value=\"6\">6<\/option>\r\n        <option value=\"7\">7<\/option>\r\n        <option value=\"8\">8<\/option>\r\n        <option value=\"9\">9<\/option>\r\n        <option value=\"10\">10<\/option>\r\n       <\/select> \r\n     <\/div>\r\n    <\/div>\r\n     <div class=\"button-column buttons\">\r\n        <input type=\"hidden\" id=\"selLocation\" name=\"selLocation\" value=\"58c4b89d-25c7-49db-8d5e-8382bbdb57e4\"> \r\n  \t\t  <input type=\"hidden\" id=\"selCategories\" name=\"selCategories\" value=\"\">\r\n  \t\t   <input type=\"hidden\" id=\"rc\" name=\"rc\" value=\"1\">\r\n  \t\t   <input type=\"hidden\" name=\"selNights\" \/>\r\n  \t\t  <input type=\"hidden\" id=\"selNumberofUnits\" name=\"selNumberofUnits\" value=\"1\">\r\n  \t\t  <button class=\"acco-find rounded\" type=\"submit\">Find accommodation<\/button> &nbsp; \r\n  \t\t  <a class=\"req-button rounded\" href=\"https:\/\/staging.konzeptionisten.net\/en\/info#\/quickinquiry\" role=\"button\">Non-binding request<\/a> \r\n      <\/div>\r\n  <input type=\"hidden\" name=\"trp-form-language\" value=\"en\"\/><\/form>\r\n <\/div>\r\n<\/div>\r\n<script src=\"https:\/\/web5.deskline.net\/dwutility.js\" async><\/script>\r\n\r\n<script>\r\n    function onFormSubmit(){\r\n\t\r\n\tvar anreise = new Date(document.getElementsByName('selArrivaldate')[0].value); \/\/console.log(anreise);\r\n\tvar abreise = new Date(document.getElementsByName('selDeparturedate')[0].value); \/\/console.log(abreise);\r\n\tvar erwachsene = document.getElementsByName('selAdults')[0].value; \/\/console.log(erwachsene);\r\n\t\r\n        dw.accommodationQuickFind(\r\n            \/\/ LocalStorageID: \r\n            'seenlandelixhausen',\r\n\r\n            \/\/ Gastdaten\r\n            {\r\n                dateFrom: anreise,\r\n                dateTo: abreise,\r\n                occupancy1:{\r\n                    units:1,\r\n                    adults: erwachsene,\r\n                    children:[]\r\n                }\r\n            },\r\n            function() {\r\n                \/\/ Callback Funktion, Maybe redirecting\r\n                window.location.href = \"en\/info\";\r\n            });\r\n\r\n        return false;\r\n    }\r\n<\/script><\/div>\n\n<div class=\"lazyblock-orte-intro-1mPP6K wp-block-lazyblock-orte-intro\"><div class=\"mini-logo\"><\/div>\r\n <h1 class=\"duo-heading aligncenter\">Water experience <br><span class=\"after-color\">in Salzburg Seenland<\/span><\/h1>\r\n  <p>&nbsp;<\/p>\r\n  <div class=\"container\">\r\n  <div class=\"flex-grid\">\r\n  \t<div class=\"flex-img-half\">\r\n  \t\t<img loading=\"lazy\" decoding=\"async\" width=\"545\" height=\"630\" src=\"https:\/\/staging.konzeptionisten.net\/wp-content\/uploads\/2023\/06\/SalzburgerSeenland_family_CHeikoMandl-57-545x630.jpg\" class=\"img-responsive intro-bild rounded wp-image-3653 b-lazy\" alt=\"SalzburgerSeenland_family_(C)HeikoMandl (57)\" data-src=\"https:\/\/staging.konzeptionisten.net\/wp-content\/uploads\/2023\/06\/SalzburgerSeenland_family_CHeikoMandl-57-545x630.jpg\" \/>  \t<\/div>\r\n  \t<div class=\"flex-text-half\">\r\n  \t  <div class=\"intro-story\">\r\n  \t      \t    <div class=\"video-player\" data-videoid=\"tMNItD1sMO8\" data-videobg=\"https:\/\/staging.konzeptionisten.net\/wp-content\/uploads\/2023\/05\/video-thumb_wassererlebnis_fraeulein-flora.jpg\">\r\n  \t      <!-- -->\r\n  \t      <\/div>\r\n  \t    <p>&nbsp;<\/p>\r\n  \t      \t    <p>In Salzburg Seenland is all about water. Cool off on hot summer days at one of our family-friendly lidos. Snooze in the sun, enjoy life in the shade of a tree or read a book and jump into the cool water in between.<br \/>\n<br \/>\nFree visit is only valid with <a href=\"https:\/\/staging.konzeptionisten.net\/en\/seenland-card\/\"><b>Seenland Card<\/b><\/a> which you can get from our inclusive rentals. The most beautiful lidos in Austria await you. Child-friendly facilities, large sunbathing and play areas, slides, diving towers and much more!<\/p>\r\n  \t  <\/div>\r\n  \t<\/div>\r\n  <\/div>\r\n <\/div><\/div>\n\n<div class=\"lazyblock-related-posts-2q5OMI wp-block-lazyblock-related-posts\"><div class=\"sase-block light-background\">\r\n  <p>&nbsp;<\/p>\r\n  <div class=\"container\">\r\n   <h2 class=\"duo-heading aligncenter\">\r\n\t\tBeach and adventure pools <br> <span class=\"after-color\">in Salzburg Seenland<\/span>\r\n\t <\/h2> \r\n\t<p class=\"aligncenter\">&nbsp;<\/p>\r\n\t<div class=\"flex-grid\">\r\n\t<div class=\"flex-child col-lg-3\"><div class=\"box-with-text rounded\">\r\n\t\t\t        <a href=\"https:\/\/staging.konzeptionisten.net\/en\/water-fun\/lido-seeham\">\r\n\t\t\t          <img decoding=\"async\" class=\"b-lazy img-responsive wp-image-1952\" src=\"data:image\/gif;base64,R0lGODlhAQABAAAAACH5BAEKAAEALAAAAAABAAEAAAICTAEAOw==\" data-src=\"https:\/\/staging.konzeptionisten.net\/wp-content\/uploads\/2023\/05\/SalzburgerSeenland_family_Obertrumersee_SeehamCHeikoMandl-145-405x240.jpg\" \/>\r\n\t\t\t        <\/a> \r\n\t\t\t        <div class=\"box-text-content\">\r\n\t\t\t          <h3><a href=\"https:\/\/staging.konzeptionisten.net\/en\/water-fun\/lido-seeham\">Seeham lido barrier-free<\/a><\/h3>\r\n\t\t\t          <p>Fun is guaranteed with the \"Aqua Jump\" water trampoline and the 40 m long slide....<\/p>\r\n\t\t\t        <\/div>\r\n\t\t\t     <\/div><\/div><div class=\"flex-child col-lg-3\"><div class=\"box-with-text rounded\">\r\n\t\t\t        <a href=\"https:\/\/staging.konzeptionisten.net\/en\/water-fun\/lido-mattsee\">\r\n\t\t\t          <img decoding=\"async\" class=\"b-lazy img-responsive wp-image-1741\" src=\"data:image\/gif;base64,R0lGODlhAQABAAAAACH5BAEKAAEALAAAAAABAAEAAAICTAEAOw==\" data-src=\"https:\/\/staging.konzeptionisten.net\/wp-content\/uploads\/2023\/05\/@C.Hofer-20220714_MI30863-405x240.jpg\" \/>\r\n\t\t\t        <\/a> \r\n\t\t\t        <div class=\"box-text-content\">\r\n\t\t\t          <h3><a href=\"https:\/\/staging.konzeptionisten.net\/en\/water-fun\/lido-mattsee\">Lido Mattsee<\/a><\/h3>\r\n\t\t\t          <p>Since the 1920s, young and old have enjoyed the lido Mattsee. Thanks to gentle...<\/p>\r\n\t\t\t        <\/div>\r\n\t\t\t     <\/div><\/div><div class=\"flex-child col-lg-3\"><div class=\"box-with-text rounded\">\r\n\t\t\t        <a href=\"https:\/\/staging.konzeptionisten.net\/en\/water-fun\/lido-henndorf\">\r\n\t\t\t          <img decoding=\"async\" class=\"b-lazy img-responsive wp-image-549\" src=\"data:image\/gif;base64,R0lGODlhAQABAAAAACH5BAEKAAEALAAAAAABAAEAAAICTAEAOw==\" data-src=\"https:\/\/staging.konzeptionisten.net\/wp-content\/uploads\/2023\/04\/Eisberg-und-Trampolin_kl-405x240.jpg\" \/>\r\n\t\t\t        <\/a> \r\n\t\t\t        <div class=\"box-text-content\">\r\n\t\t\t          <h3><a href=\"https:\/\/staging.konzeptionisten.net\/en\/water-fun\/lido-henndorf\">Henndorf lido<\/a><\/h3>\r\n\t\t\t          <p>Sunbathing and play areas, pool and baby pool, beach volleyball court, free parking, children's playground, lido restaurant and...<\/p>\r\n\t\t\t        <\/div>\r\n\t\t\t     <\/div><\/div><div class=\"flex-child col-lg-3\"><div class=\"box-with-text rounded\">\r\n\t\t\t        <a href=\"https:\/\/staging.konzeptionisten.net\/en\/water-fun\/lido-neumarkt-am-wallersee\">\r\n\t\t\t          <img decoding=\"async\" class=\"b-lazy img-responsive wp-image-1271\" src=\"data:image\/gif;base64,R0lGODlhAQABAAAAACH5BAEKAAEALAAAAAABAAEAAAICTAEAOw==\" data-src=\"https:\/\/staging.konzeptionisten.net\/wp-content\/uploads\/2023\/05\/plusregion-neumarkt_2013-08_48-405x240.jpg\" \/>\r\n\t\t\t        <\/a> \r\n\t\t\t        <div class=\"box-text-content\">\r\n\t\t\t          <h3><a href=\"https:\/\/staging.konzeptionisten.net\/en\/water-fun\/lido-neumarkt-am-wallersee\">Neumarkt lido on Wallersee<\/a><\/h3>\r\n\t\t\t          <p>The Wallersee is one of the warmest bathing lakes in Austria. The shallow-sloping, fine-sand natural bathing beach...<\/p>\r\n\t\t\t        <\/div>\r\n\t\t\t     <\/div><\/div><div class=\"flex-child col-lg-3\"><div class=\"box-with-text rounded\">\r\n\t\t\t        <a href=\"https:\/\/staging.konzeptionisten.net\/en\/water-fun\/lido-seekirchen\">\r\n\t\t\t          <img decoding=\"async\" class=\"b-lazy img-responsive wp-image-1573\" src=\"data:image\/gif;base64,R0lGODlhAQABAAAAACH5BAEKAAEALAAAAAABAAEAAAICTAEAOw==\" data-src=\"https:\/\/staging.konzeptionisten.net\/wp-content\/uploads\/2023\/06\/Clip_radfahren_family-83-Strandbad-405x240.jpg\" \/>\r\n\t\t\t        <\/a> \r\n\t\t\t        <div class=\"box-text-content\">\r\n\t\t\t          <h3><a href=\"https:\/\/staging.konzeptionisten.net\/en\/water-fun\/lido-seekirchen\">Seekirchen lido barrier-free<\/a><\/h3>\r\n\t\t\t          <p>The freely accessible and barrier-free Seekirchen lido leaves nothing to be desired: the large sunbathing lawn invites you to...<\/p>\r\n\t\t\t        <\/div>\r\n\t\t\t     <\/div><\/div><div class=\"flex-child col-lg-3\"><div class=\"box-with-text rounded\">\r\n\t\t\t        <a href=\"https:\/\/staging.konzeptionisten.net\/en\/water-fun\/natural-bathing-beach-zell-am-wallersee\">\r\n\t\t\t          <img decoding=\"async\" class=\"b-lazy img-responsive wp-image-1577\" src=\"data:image\/gif;base64,R0lGODlhAQABAAAAACH5BAEKAAEALAAAAAABAAEAAAICTAEAOw==\" data-src=\"https:\/\/staging.konzeptionisten.net\/wp-content\/uploads\/2023\/05\/csm_2019-09-21_Wallersee159-HDR_web_4391580389-405x240.jpg\" \/>\r\n\t\t\t        <\/a> \r\n\t\t\t        <div class=\"box-text-content\">\r\n\t\t\t          <h3><a href=\"https:\/\/staging.konzeptionisten.net\/en\/water-fun\/natural-bathing-beach-zell-am-wallersee\">Natural bathing beach Zell am Wallersee<\/a><\/h3>\r\n\t\t\t          <p>Situated directly on the lake, the spacious bathing area scores with the enchanting view...<\/p>\r\n\t\t\t        <\/div>\r\n\t\t\t     <\/div><\/div><div class=\"flex-child col-lg-3\"><div class=\"box-with-text rounded\">\r\n\t\t\t        <a href=\"https:\/\/staging.konzeptionisten.net\/en\/water-fun\/lido-perwang\">\r\n\t\t\t          <img decoding=\"async\" class=\"b-lazy img-responsive wp-image-751\" src=\"data:image\/gif;base64,R0lGODlhAQABAAAAACH5BAEKAAEALAAAAAABAAEAAAICTAEAOw==\" data-src=\"https:\/\/staging.konzeptionisten.net\/wp-content\/uploads\/2023\/05\/SalzburgerSeenland_Strandbad_Perwang-405x240.jpg\" \/>\r\n\t\t\t        <\/a> \r\n\t\t\t        <div class=\"box-text-content\">\r\n\t\t\t          <h3><a href=\"https:\/\/staging.konzeptionisten.net\/en\/water-fun\/lido-perwang\">Perwang lido<\/a><\/h3>\r\n\t\t\t          <p>The Perwang lido is an insider tip for those who like it a bit...<\/p>\r\n\t\t\t        <\/div>\r\n\t\t\t     <\/div><\/div><div class=\"flex-child col-lg-3\"><div class=\"box-with-text rounded\">\r\n\t\t\t        <a href=\"https:\/\/staging.konzeptionisten.net\/en\/water-fun\/adventure-pool-strasswalchen\">\r\n\t\t\t          <img decoding=\"async\" class=\"b-lazy img-responsive wp-image-634\" src=\"data:image\/gif;base64,R0lGODlhAQABAAAAACH5BAEKAAEALAAAAAABAAEAAAICTAEAOw==\" data-src=\"https:\/\/staging.konzeptionisten.net\/wp-content\/uploads\/2023\/04\/20160803_151139-405x240.jpg\" \/>\r\n\t\t\t        <\/a> \r\n\t\t\t        <div class=\"box-text-content\">\r\n\t\t\t          <h3><a href=\"https:\/\/staging.konzeptionisten.net\/en\/water-fun\/adventure-pool-strasswalchen\">Outdoor pool Stra\u00dfwalchen<\/a><\/h3>\r\n\t\t\t          <p>Water, fun and good humour in the Stra\u00dfwalchen adventure pool. The adventure pool scores...<\/p>\r\n\t\t\t        <\/div>\r\n\t\t\t     <\/div><\/div><div class=\"flex-child col-lg-3\"><div class=\"box-with-text rounded\">\r\n\t\t\t        <a href=\"https:\/\/staging.konzeptionisten.net\/en\/water-fun\/lido-obertrum-am-see\">\r\n\t\t\t          <img decoding=\"async\" class=\"b-lazy img-responsive wp-image-2463\" src=\"data:image\/gif;base64,R0lGODlhAQABAAAAACH5BAEKAAEALAAAAAABAAEAAAICTAEAOw==\" data-src=\"https:\/\/staging.konzeptionisten.net\/wp-content\/uploads\/2023\/06\/SalzburgerSeenland_Obertrum_Staffel-405x240.jpg\" \/>\r\n\t\t\t        <\/a> \r\n\t\t\t        <div class=\"box-text-content\">\r\n\t\t\t          <h3><a href=\"https:\/\/staging.konzeptionisten.net\/en\/water-fun\/lido-obertrum-am-see\">Obertrum am See lido<\/a><\/h3>\r\n\t\t\t          <p>The lido in Obertrum am See is open from May - September each...<\/p>\r\n\t\t\t        <\/div>\r\n\t\t\t     <\/div><\/div><div class=\"flex-child col-lg-3\"><div class=\"box-with-text rounded\">\r\n\t\t\t        <a href=\"https:\/\/staging.konzeptionisten.net\/en\/water-fun\/lido-gebertsham-lochen-am-see\">\r\n\t\t\t          <img decoding=\"async\" class=\"b-lazy img-responsive wp-image-1215\" src=\"data:image\/gif;base64,R0lGODlhAQABAAAAACH5BAEKAAEALAAAAAABAAEAAAICTAEAOw==\" data-src=\"https:\/\/staging.konzeptionisten.net\/wp-content\/uploads\/2023\/05\/SalzburgerSeenland_Lochen_am_See-8-405x240.jpg\" \/>\r\n\t\t\t        <\/a> \r\n\t\t\t        <div class=\"box-text-content\">\r\n\t\t\t          <h3><a href=\"https:\/\/staging.konzeptionisten.net\/en\/water-fun\/lido-gebertsham-lochen-am-see\">Lido Lochen am See<\/a><\/h3>\r\n\t\t\t          <p>This lido is particularly popular with families due to the gently sloping shore area....<\/p>\r\n\t\t\t        <\/div>\r\n\t\t\t     <\/div><\/div><div class=\"flex-child col-lg-3\"><div class=\"box-with-text rounded\">\r\n\t\t\t        <a href=\"https:\/\/staging.konzeptionisten.net\/en\/water-fun\/more-bathespas\">\r\n\t\t\t          <img decoding=\"async\" class=\"b-lazy img-responsive wp-image-4418\" src=\"data:image\/gif;base64,R0lGODlhAQABAAAAACH5BAEKAAEALAAAAAABAAEAAAICTAEAOw==\" data-src=\"https:\/\/staging.konzeptionisten.net\/wp-content\/uploads\/2023\/05\/csm_Genusspaddeln_Mattsee_mit_Schloss_34e1102178-405x240.jpg\" \/>\r\n\t\t\t        <\/a> \r\n\t\t\t        <div class=\"box-text-content\">\r\n\t\t\t          <h3><a href=\"https:\/\/staging.konzeptionisten.net\/en\/water-fun\/more-bathespas\">SUP, Boat &amp; more<\/a><\/h3>\r\n\t\t\t          <p>Explore sailing, electric and pedal boating or pleasure paddling, SUP,....<\/p>\r\n\t\t\t        <\/div>\r\n\t\t\t     <\/div><\/div> \r\n\t<\/div>\r\n  <p style=\"clear:both;\">&nbsp;<br \/><br \/><\/p>\r\n<\/div>\r\n<\/div><\/div>","protected":false},"excerpt":{"rendered":"","protected":false},"author":1,"featured_media":896,"parent":404,"menu_order":0,"comment_status":"closed","ping_status":"closed","template":"","meta":{"footnotes":""},"class_list":["post-895","page","type-page","status-publish","has-post-thumbnail","hentry"],"yoast_head":"<!-- This site is optimized with the Yoast SEO plugin v26.9 - https:\/\/yoast.com\/product\/yoast-seo-wordpress\/ -->\n<title>Wasserspa\u00df &amp; Strandb\u00e4der - Salzburger Seenland<\/title>\n<meta name=\"description\" content=\"Im Salzburger Seenland dreht sich alles ums Wasser &amp; Seen. Abk\u00fchlung an hei\u00dfen Sommertagen finden Sie in einem unserer familienfreundlichen Strandb\u00e4der. In der Sonne d\u00f6sen, im Schatten eines Baumes das Leben genie\u00dfen oder ein Buch lesen und dazwischen ins k\u00fchle Nass springen.\" \/>\n<meta name=\"robots\" content=\"noindex, follow, max-snippet:-1, max-image-preview:large, max-video-preview:-1\" \/>\n<meta property=\"og:locale\" content=\"en_GB\" \/>\n<meta property=\"og:type\" content=\"article\" \/>\n<meta property=\"og:title\" content=\"Wasserspa\u00df &amp; Strandb\u00e4der - Salzburger Seenland\" \/>\n<meta property=\"og:description\" content=\"Im Salzburger Seenland dreht sich alles ums Wasser &amp; Seen. Abk\u00fchlung an hei\u00dfen Sommertagen finden Sie in einem unserer familienfreundlichen Strandb\u00e4der. In der Sonne d\u00f6sen, im Schatten eines Baumes das Leben genie\u00dfen oder ein Buch lesen und dazwischen ins k\u00fchle Nass springen.\" \/>\n<meta property=\"og:url\" content=\"https:\/\/staging.konzeptionisten.net\/en\/recreational-experience\/water-fun\" \/>\n<meta property=\"og:site_name\" content=\"Salzburger Seenland\" \/>\n<meta property=\"article:modified_time\" content=\"2024-04-16T09:04:31+00:00\" \/>\n<meta property=\"og:image\" content=\"https:\/\/staging.konzeptionisten.net\/wp-content\/uploads\/2023\/05\/SalzburgerSeenland_Springer-scaled.jpg\" \/>\n\t<meta property=\"og:image:width\" content=\"2560\" \/>\n\t<meta property=\"og:image:height\" content=\"1771\" \/>\n\t<meta property=\"og:image:type\" content=\"image\/jpeg\" \/>\n<meta name=\"twitter:card\" content=\"summary_large_image\" \/>\n<meta name=\"twitter:label1\" content=\"Estimated reading time\" \/>\n\t<meta name=\"twitter:data1\" content=\"5 minutes\" \/>\n<script type=\"application\/ld+json\" class=\"yoast-schema-graph\">{\"@context\":\"https:\/\/schema.org\",\"@graph\":[{\"@type\":\"WebPage\",\"@id\":\"https:\/\/staging.konzeptionisten.net\/erlebnis-freizeit\/wasserspass\",\"url\":\"https:\/\/staging.konzeptionisten.net\/erlebnis-freizeit\/wasserspass\",\"name\":\"Wasserspa\u00df & Strandb\u00e4der - Salzburger Seenland\",\"isPartOf\":{\"@id\":\"https:\/\/staging.konzeptionisten.net\/#website\"},\"primaryImageOfPage\":{\"@id\":\"https:\/\/staging.konzeptionisten.net\/erlebnis-freizeit\/wasserspass#primaryimage\"},\"image\":{\"@id\":\"https:\/\/staging.konzeptionisten.net\/erlebnis-freizeit\/wasserspass#primaryimage\"},\"thumbnailUrl\":\"https:\/\/staging.konzeptionisten.net\/wp-content\/uploads\/2023\/05\/SalzburgerSeenland_Springer-scaled.jpg\",\"datePublished\":\"2023-05-03T08:08:54+00:00\",\"dateModified\":\"2024-04-16T09:04:31+00:00\",\"description\":\"Im Salzburger Seenland dreht sich alles ums Wasser & Seen. Abk\u00fchlung an hei\u00dfen Sommertagen finden Sie in einem unserer familienfreundlichen Strandb\u00e4der. In der Sonne d\u00f6sen, im Schatten eines Baumes das Leben genie\u00dfen oder ein Buch lesen und dazwischen ins k\u00fchle Nass springen.\",\"breadcrumb\":{\"@id\":\"https:\/\/staging.konzeptionisten.net\/erlebnis-freizeit\/wasserspass#breadcrumb\"},\"inLanguage\":\"en-GB\",\"potentialAction\":[{\"@type\":\"ReadAction\",\"target\":[\"https:\/\/staging.konzeptionisten.net\/erlebnis-freizeit\/wasserspass\"]}]},{\"@type\":\"ImageObject\",\"inLanguage\":\"en-GB\",\"@id\":\"https:\/\/staging.konzeptionisten.net\/erlebnis-freizeit\/wasserspass#primaryimage\",\"url\":\"https:\/\/staging.konzeptionisten.net\/wp-content\/uploads\/2023\/05\/SalzburgerSeenland_Springer-scaled.jpg\",\"contentUrl\":\"https:\/\/staging.konzeptionisten.net\/wp-content\/uploads\/2023\/05\/SalzburgerSeenland_Springer-scaled.jpg\",\"width\":2560,\"height\":1771,\"caption\":\"Wasserspa\u00df im Salzburger Seenland - Springer\"},{\"@type\":\"BreadcrumbList\",\"@id\":\"https:\/\/staging.konzeptionisten.net\/erlebnis-freizeit\/wasserspass#breadcrumb\",\"itemListElement\":[{\"@type\":\"ListItem\",\"position\":1,\"name\":\"Startseite\",\"item\":\"https:\/\/staging.konzeptionisten.net\/\"},{\"@type\":\"ListItem\",\"position\":2,\"name\":\"Erlebnis &#038; Freizeit\",\"item\":\"https:\/\/staging.konzeptionisten.net\/erlebnis-freizeit\"},{\"@type\":\"ListItem\",\"position\":3,\"name\":\"Wasserspa\u00df &#038; Strandb\u00e4der\"}]},{\"@type\":\"WebSite\",\"@id\":\"https:\/\/staging.konzeptionisten.net\/#website\",\"url\":\"https:\/\/staging.konzeptionisten.net\/\",\"name\":\"Salzburger Seenland\",\"description\":\"eintauchen erleben genie\u00dfen\",\"potentialAction\":[{\"@type\":\"SearchAction\",\"target\":{\"@type\":\"EntryPoint\",\"urlTemplate\":\"https:\/\/staging.konzeptionisten.net\/?s={search_term_string}\"},\"query-input\":{\"@type\":\"PropertyValueSpecification\",\"valueRequired\":true,\"valueName\":\"search_term_string\"}}],\"inLanguage\":\"en-GB\"}]}<\/script>\n<!-- \/ Yoast SEO plugin. -->","yoast_head_json":{"title":"Water Fun &amp; Beach Pools - Salzburg Seenland","description":"In Salzburg Seenland is all about water &amp; lakes. Cool off on hot summer days at one of our family-friendly lidos. Snooze in the sun, enjoy life in the shade of a tree or read a book and jump into the cool water in between.","robots":{"index":"noindex","follow":"follow","max-snippet":"max-snippet:-1","max-image-preview":"max-image-preview:large","max-video-preview":"max-video-preview:-1"},"og_locale":"en_GB","og_type":"article","og_title":"Wasserspa\u00df & Strandb\u00e4der - Salzburger Seenland","og_description":"Im Salzburger Seenland dreht sich alles ums Wasser & Seen. Abk\u00fchlung an hei\u00dfen Sommertagen finden Sie in einem unserer familienfreundlichen Strandb\u00e4der. In der Sonne d\u00f6sen, im Schatten eines Baumes das Leben genie\u00dfen oder ein Buch lesen und dazwischen ins k\u00fchle Nass springen.","og_url":"https:\/\/staging.konzeptionisten.net\/en\/recreational-experience\/water-fun","og_site_name":"Salzburger Seenland","article_modified_time":"2024-04-16T09:04:31+00:00","og_image":[{"width":2560,"height":1771,"url":"https:\/\/staging.konzeptionisten.net\/wp-content\/uploads\/2023\/05\/SalzburgerSeenland_Springer-scaled.jpg","type":"image\/jpeg"}],"twitter_card":"summary_large_image","twitter_misc":{"Estimated reading time":"5 minutes"},"schema":{"@context":"https:\/\/schema.org","@graph":[{"@type":"WebPage","@id":"https:\/\/staging.konzeptionisten.net\/erlebnis-freizeit\/wasserspass","url":"https:\/\/staging.konzeptionisten.net\/erlebnis-freizeit\/wasserspass","name":"Water Fun &amp; Beach Pools - Salzburg Seenland","isPartOf":{"@id":"https:\/\/staging.konzeptionisten.net\/#website"},"primaryImageOfPage":{"@id":"https:\/\/staging.konzeptionisten.net\/erlebnis-freizeit\/wasserspass#primaryimage"},"image":{"@id":"https:\/\/staging.konzeptionisten.net\/erlebnis-freizeit\/wasserspass#primaryimage"},"thumbnailUrl":"https:\/\/staging.konzeptionisten.net\/wp-content\/uploads\/2023\/05\/SalzburgerSeenland_Springer-scaled.jpg","datePublished":"2023-05-03T08:08:54+00:00","dateModified":"2024-04-16T09:04:31+00:00","description":"In Salzburg Seenland is all about water &amp; lakes. Cool off on hot summer days at one of our family-friendly lidos. Snooze in the sun, enjoy life in the shade of a tree or read a book and jump into the cool water in between.","breadcrumb":{"@id":"https:\/\/staging.konzeptionisten.net\/erlebnis-freizeit\/wasserspass#breadcrumb"},"inLanguage":"en-GB","potentialAction":[{"@type":"ReadAction","target":["https:\/\/staging.konzeptionisten.net\/erlebnis-freizeit\/wasserspass"]}]},{"@type":"ImageObject","inLanguage":"en-GB","@id":"https:\/\/staging.konzeptionisten.net\/erlebnis-freizeit\/wasserspass#primaryimage","url":"https:\/\/staging.konzeptionisten.net\/wp-content\/uploads\/2023\/05\/SalzburgerSeenland_Springer-scaled.jpg","contentUrl":"https:\/\/staging.konzeptionisten.net\/wp-content\/uploads\/2023\/05\/SalzburgerSeenland_Springer-scaled.jpg","width":2560,"height":1771,"caption":"Wasserspa\u00df im Salzburger Seenland - Springer"},{"@type":"BreadcrumbList","@id":"https:\/\/staging.konzeptionisten.net\/erlebnis-freizeit\/wasserspass#breadcrumb","itemListElement":[{"@type":"ListItem","position":1,"name":"Startseite","item":"https:\/\/staging.konzeptionisten.net\/"},{"@type":"ListItem","position":2,"name":"Erlebnis &#038; Freizeit","item":"https:\/\/staging.konzeptionisten.net\/erlebnis-freizeit"},{"@type":"ListItem","position":3,"name":"Wasserspa\u00df &#038; Strandb\u00e4der"}]},{"@type":"WebSite","@id":"https:\/\/staging.konzeptionisten.net\/#website","url":"https:\/\/staging.konzeptionisten.net\/","name":"Salzburg Seenland","description":"immerse experience enjoy","potentialAction":[{"@type":"SearchAction","target":{"@type":"EntryPoint","urlTemplate":"https:\/\/staging.konzeptionisten.net\/?s={search_term_string}"},"query-input":{"@type":"PropertyValueSpecification","valueRequired":true,"valueName":"search_term_string"}}],"inLanguage":"en-GB"}]}},"_links":{"self":[{"href":"https:\/\/staging.konzeptionisten.net\/en\/wp-json\/wp\/v2\/pages\/895","targetHints":{"allow":["GET"]}}],"collection":[{"href":"https:\/\/staging.konzeptionisten.net\/en\/wp-json\/wp\/v2\/pages"}],"about":[{"href":"https:\/\/staging.konzeptionisten.net\/en\/wp-json\/wp\/v2\/types\/page"}],"author":[{"embeddable":true,"href":"https:\/\/staging.konzeptionisten.net\/en\/wp-json\/wp\/v2\/users\/1"}],"replies":[{"embeddable":true,"href":"https:\/\/staging.konzeptionisten.net\/en\/wp-json\/wp\/v2\/comments?post=895"}],"version-history":[{"count":5,"href":"https:\/\/staging.konzeptionisten.net\/en\/wp-json\/wp\/v2\/pages\/895\/revisions"}],"predecessor-version":[{"id":5678,"href":"https:\/\/staging.konzeptionisten.net\/en\/wp-json\/wp\/v2\/pages\/895\/revisions\/5678"}],"up":[{"embeddable":true,"href":"https:\/\/staging.konzeptionisten.net\/en\/wp-json\/wp\/v2\/pages\/404"}],"wp:featuredmedia":[{"embeddable":true,"href":"https:\/\/staging.konzeptionisten.net\/en\/wp-json\/wp\/v2\/media\/896"}],"wp:attachment":[{"href":"https:\/\/staging.konzeptionisten.net\/en\/wp-json\/wp\/v2\/media?parent=895"}],"curies":[{"name":"wp","href":"https:\/\/api.w.org\/{rel}","templated":true}]}}