{"id":485,"date":"2023-04-25T11:49:19","date_gmt":"2023-04-25T09:49:19","guid":{"rendered":"https:\/\/staging.konzeptionisten.net\/?page_id=485"},"modified":"2024-02-19T14:14:04","modified_gmt":"2024-02-19T13:14:04","slug":"infra","status":"publish","type":"page","link":"https:\/\/staging.konzeptionisten.net\/en\/infra","title":{"rendered":"Inftrastructure module"},"content":{"rendered":"","protected":false},"excerpt":{"rendered":"","protected":false},"author":1,"featured_media":4361,"parent":0,"menu_order":0,"comment_status":"closed","ping_status":"closed","template":"page-tosc5-infrastructure.php","meta":{"footnotes":""},"class_list":["post-485","page","type-page","status-publish","has-post-thumbnail","hentry"],"yoast_head":"<!-- This site is optimized with the Yoast SEO plugin v26.9 - https:\/\/yoast.com\/product\/yoast-seo-wordpress\/ -->\n<title>Inftrastruktur Modul - Salzburger Seenland<\/title>\n<meta name=\"description\" content=\"Entdecke die vielf\u00e4ltige Infrastruktur im Salzburger Seenland und finde alles, was du f\u00fcr einen gelungenen Aufenthalt ben\u00f6tigst! Suche nach Restaurants, Caf\u00e9s und Bars f\u00fcr kulinarische Gen\u00fcsse, entdecke eBike-Verleihe f\u00fcr aktive Erkundungen und finde weitere Highlights in der Region. Ob Shoppingm\u00f6glichkeiten, Apotheken oder Freizeiteinrichtungen \u2013 hier findest du alles auf einen Blick.\" \/>\n<meta name=\"robots\" content=\"noindex, follow, max-snippet:-1, max-image-preview:large, max-video-preview:-1\" \/>\n<meta property=\"og:locale\" content=\"en_GB\" \/>\n<meta property=\"og:type\" content=\"article\" \/>\n<meta property=\"og:title\" content=\"Inftrastruktur Modul - Salzburger Seenland\" \/>\n<meta property=\"og:description\" content=\"Entdecke die vielf\u00e4ltige Infrastruktur im Salzburger Seenland und finde alles, was du f\u00fcr einen gelungenen Aufenthalt ben\u00f6tigst! Suche nach Restaurants, Caf\u00e9s und Bars f\u00fcr kulinarische Gen\u00fcsse, entdecke eBike-Verleihe f\u00fcr aktive Erkundungen und finde weitere Highlights in der Region. Ob Shoppingm\u00f6glichkeiten, Apotheken oder Freizeiteinrichtungen \u2013 hier findest du alles auf einen Blick.\" \/>\n<meta property=\"og:url\" content=\"https:\/\/staging.konzeptionisten.net\/en\/infra\" \/>\n<meta property=\"og:site_name\" content=\"Salzburger Seenland\" \/>\n<meta property=\"article:modified_time\" content=\"2024-02-19T13:14:04+00:00\" \/>\n<meta property=\"og:image\" content=\"https:\/\/staging.konzeptionisten.net\/wp-content\/uploads\/2023\/08\/Fussballgolf_CHaberl-2.jpg\" \/>\n\t<meta property=\"og:image:width\" content=\"1498\" \/>\n\t<meta property=\"og:image:height\" content=\"998\" \/>\n\t<meta property=\"og:image:type\" content=\"image\/jpeg\" \/>\n<meta name=\"twitter:card\" content=\"summary_large_image\" \/>\n<meta name=\"twitter:label1\" content=\"Estimated reading time\" \/>\n\t<meta name=\"twitter:data1\" content=\"1 minute\" \/>\n<script type=\"application\/ld+json\" class=\"yoast-schema-graph\">{\"@context\":\"https:\/\/schema.org\",\"@graph\":[{\"@type\":\"WebPage\",\"@id\":\"https:\/\/staging.konzeptionisten.net\/en\/infra\",\"url\":\"https:\/\/staging.konzeptionisten.net\/en\/infra\",\"name\":\"Inftrastruktur Modul - Salzburger Seenland\",\"isPartOf\":{\"@id\":\"https:\/\/staging.konzeptionisten.net\/#website\"},\"primaryImageOfPage\":{\"@id\":\"https:\/\/staging.konzeptionisten.net\/en\/infra#primaryimage\"},\"image\":{\"@id\":\"https:\/\/staging.konzeptionisten.net\/en\/infra#primaryimage\"},\"thumbnailUrl\":\"https:\/\/staging.konzeptionisten.net\/wp-content\/uploads\/2023\/08\/Fussballgolf_CHaberl-2.jpg\",\"datePublished\":\"2023-04-25T09:49:19+00:00\",\"dateModified\":\"2024-02-19T13:14:04+00:00\",\"description\":\"Entdecke die vielf\u00e4ltige Infrastruktur im Salzburger Seenland und finde alles, was du f\u00fcr einen gelungenen Aufenthalt ben\u00f6tigst! Suche nach Restaurants, Caf\u00e9s und Bars f\u00fcr kulinarische Gen\u00fcsse, entdecke eBike-Verleihe f\u00fcr aktive Erkundungen und finde weitere Highlights in der Region. Ob Shoppingm\u00f6glichkeiten, Apotheken oder Freizeiteinrichtungen \u2013 hier findest du alles auf einen Blick.\",\"breadcrumb\":{\"@id\":\"https:\/\/staging.konzeptionisten.net\/en\/infra#breadcrumb\"},\"inLanguage\":\"en-GB\",\"potentialAction\":[{\"@type\":\"ReadAction\",\"target\":[\"https:\/\/staging.konzeptionisten.net\/en\/infra\"]}]},{\"@type\":\"ImageObject\",\"inLanguage\":\"en-GB\",\"@id\":\"https:\/\/staging.konzeptionisten.net\/en\/infra#primaryimage\",\"url\":\"https:\/\/staging.konzeptionisten.net\/wp-content\/uploads\/2023\/08\/Fussballgolf_CHaberl-2.jpg\",\"contentUrl\":\"https:\/\/staging.konzeptionisten.net\/wp-content\/uploads\/2023\/08\/Fussballgolf_CHaberl-2.jpg\",\"width\":1498,\"height\":998,\"caption\":\"Fu\u00dfballgolf \u00a9 Haberl\"},{\"@type\":\"BreadcrumbList\",\"@id\":\"https:\/\/staging.konzeptionisten.net\/en\/infra#breadcrumb\",\"itemListElement\":[{\"@type\":\"ListItem\",\"position\":1,\"name\":\"Startseite\",\"item\":\"https:\/\/staging.konzeptionisten.net\/\"},{\"@type\":\"ListItem\",\"position\":2,\"name\":\"Inftrastruktur Modul\"}]},{\"@type\":\"WebSite\",\"@id\":\"https:\/\/staging.konzeptionisten.net\/#website\",\"url\":\"https:\/\/staging.konzeptionisten.net\/\",\"name\":\"Salzburger Seenland\",\"description\":\"eintauchen erleben genie\u00dfen\",\"potentialAction\":[{\"@type\":\"SearchAction\",\"target\":{\"@type\":\"EntryPoint\",\"urlTemplate\":\"https:\/\/staging.konzeptionisten.net\/?s={search_term_string}\"},\"query-input\":{\"@type\":\"PropertyValueSpecification\",\"valueRequired\":true,\"valueName\":\"search_term_string\"}}],\"inLanguage\":\"en-GB\"}]}<\/script>\n<!-- \/ Yoast SEO plugin. -->","yoast_head_json":{"title":"Inftrastructure Module - Salzburg Seenland","description":"Discover the diverse infrastructure in Salzburg Seenland and find everything you need for a successful stay! Search for restaurants, caf\u00e9s and bars for culinary delights, discover eBike rentals for active explorations and find other highlights in the region. Whether shopping, pharmacies or leisure facilities - you'll find everything here at a glance.","robots":{"index":"noindex","follow":"follow","max-snippet":"max-snippet:-1","max-image-preview":"max-image-preview:large","max-video-preview":"max-video-preview:-1"},"og_locale":"en_GB","og_type":"article","og_title":"Inftrastruktur Modul - Salzburger Seenland","og_description":"Entdecke die vielf\u00e4ltige Infrastruktur im Salzburger Seenland und finde alles, was du f\u00fcr einen gelungenen Aufenthalt ben\u00f6tigst! Suche nach Restaurants, Caf\u00e9s und Bars f\u00fcr kulinarische Gen\u00fcsse, entdecke eBike-Verleihe f\u00fcr aktive Erkundungen und finde weitere Highlights in der Region. Ob Shoppingm\u00f6glichkeiten, Apotheken oder Freizeiteinrichtungen \u2013 hier findest du alles auf einen Blick.","og_url":"https:\/\/staging.konzeptionisten.net\/en\/infra","og_site_name":"Salzburger Seenland","article_modified_time":"2024-02-19T13:14:04+00:00","og_image":[{"width":1498,"height":998,"url":"https:\/\/staging.konzeptionisten.net\/wp-content\/uploads\/2023\/08\/Fussballgolf_CHaberl-2.jpg","type":"image\/jpeg"}],"twitter_card":"summary_large_image","twitter_misc":{"Estimated reading time":"1 minute"},"schema":{"@context":"https:\/\/schema.org","@graph":[{"@type":"WebPage","@id":"https:\/\/staging.konzeptionisten.net\/en\/infra","url":"https:\/\/staging.konzeptionisten.net\/en\/infra","name":"Inftrastructure Module - Salzburg Seenland","isPartOf":{"@id":"https:\/\/staging.konzeptionisten.net\/#website"},"primaryImageOfPage":{"@id":"https:\/\/staging.konzeptionisten.net\/en\/infra#primaryimage"},"image":{"@id":"https:\/\/staging.konzeptionisten.net\/en\/infra#primaryimage"},"thumbnailUrl":"https:\/\/staging.konzeptionisten.net\/wp-content\/uploads\/2023\/08\/Fussballgolf_CHaberl-2.jpg","datePublished":"2023-04-25T09:49:19+00:00","dateModified":"2024-02-19T13:14:04+00:00","description":"Discover the diverse infrastructure in Salzburg Seenland and find everything you need for a successful stay! Search for restaurants, caf\u00e9s and bars for culinary delights, discover eBike rentals for active explorations and find other highlights in the region. Whether shopping, pharmacies or leisure facilities - you'll find everything here at a glance.","breadcrumb":{"@id":"https:\/\/staging.konzeptionisten.net\/en\/infra#breadcrumb"},"inLanguage":"en-GB","potentialAction":[{"@type":"ReadAction","target":["https:\/\/staging.konzeptionisten.net\/en\/infra"]}]},{"@type":"ImageObject","inLanguage":"en-GB","@id":"https:\/\/staging.konzeptionisten.net\/en\/infra#primaryimage","url":"https:\/\/staging.konzeptionisten.net\/wp-content\/uploads\/2023\/08\/Fussballgolf_CHaberl-2.jpg","contentUrl":"https:\/\/staging.konzeptionisten.net\/wp-content\/uploads\/2023\/08\/Fussballgolf_CHaberl-2.jpg","width":1498,"height":998,"caption":"Fu\u00dfballgolf \u00a9 Haberl"},{"@type":"BreadcrumbList","@id":"https:\/\/staging.konzeptionisten.net\/en\/infra#breadcrumb","itemListElement":[{"@type":"ListItem","position":1,"name":"Startseite","item":"https:\/\/staging.konzeptionisten.net\/"},{"@type":"ListItem","position":2,"name":"Inftrastruktur Modul"}]},{"@type":"WebSite","@id":"https:\/\/staging.konzeptionisten.net\/#website","url":"https:\/\/staging.konzeptionisten.net\/","name":"Salzburg Seenland","description":"immerse experience enjoy","potentialAction":[{"@type":"SearchAction","target":{"@type":"EntryPoint","urlTemplate":"https:\/\/staging.konzeptionisten.net\/?s={search_term_string}"},"query-input":{"@type":"PropertyValueSpecification","valueRequired":true,"valueName":"search_term_string"}}],"inLanguage":"en-GB"}]}},"_links":{"self":[{"href":"https:\/\/staging.konzeptionisten.net\/en\/wp-json\/wp\/v2\/pages\/485","targetHints":{"allow":["GET"]}}],"collection":[{"href":"https:\/\/staging.konzeptionisten.net\/en\/wp-json\/wp\/v2\/pages"}],"about":[{"href":"https:\/\/staging.konzeptionisten.net\/en\/wp-json\/wp\/v2\/types\/page"}],"author":[{"embeddable":true,"href":"https:\/\/staging.konzeptionisten.net\/en\/wp-json\/wp\/v2\/users\/1"}],"replies":[{"embeddable":true,"href":"https:\/\/staging.konzeptionisten.net\/en\/wp-json\/wp\/v2\/comments?post=485"}],"version-history":[{"count":1,"href":"https:\/\/staging.konzeptionisten.net\/en\/wp-json\/wp\/v2\/pages\/485\/revisions"}],"predecessor-version":[{"id":489,"href":"https:\/\/staging.konzeptionisten.net\/en\/wp-json\/wp\/v2\/pages\/485\/revisions\/489"}],"wp:featuredmedia":[{"embeddable":true,"href":"https:\/\/staging.konzeptionisten.net\/en\/wp-json\/wp\/v2\/media\/4361"}],"wp:attachment":[{"href":"https:\/\/staging.konzeptionisten.net\/en\/wp-json\/wp\/v2\/media?parent=485"}],"curies":[{"name":"wp","href":"https:\/\/api.w.org\/{rel}","templated":true}]}}