{"id":484,"date":"2023-04-25T11:48:53","date_gmt":"2023-04-25T09:48:53","guid":{"rendered":"https:\/\/staging.konzeptionisten.net\/?page_id=484"},"modified":"2023-07-04T22:32:20","modified_gmt":"2023-07-04T20:32:20","slug":"events","status":"publish","type":"page","link":"https:\/\/staging.konzeptionisten.net\/en\/events","title":{"rendered":"Events Module"},"content":{"rendered":"","protected":false},"excerpt":{"rendered":"","protected":false},"author":1,"featured_media":0,"parent":0,"menu_order":0,"comment_status":"closed","ping_status":"closed","template":"page-tosc5-events.php","meta":{"footnotes":""},"class_list":["post-484","page","type-page","status-publish","hentry"],"yoast_head":"<!-- This site is optimized with the Yoast SEO plugin v26.9 - https:\/\/yoast.com\/product\/yoast-seo-wordpress\/ -->\n<title>Events Modul - Salzburger Seenland<\/title>\n<meta name=\"description\" content=\"Was ist los im Salzburger Seenland? Finde die besten Events und Veranstaltungen f\u00fcr unvergessliche Erlebnisse! Tauche ein in eine Welt voller Kultur, Musik, Sport und Tradition. Erfahre mehr \u00fcber Konzerte, Kabarett, Sommerkino und regionale Highlights. Finde heraus, was w\u00e4hrend deines Aufenthalts geboten wird und verpasse kein Highlight.\" \/>\n<meta name=\"robots\" content=\"noindex, follow, max-snippet:-1, max-image-preview:large, max-video-preview:-1\" \/>\n<meta property=\"og:locale\" content=\"en_GB\" \/>\n<meta property=\"og:type\" content=\"article\" \/>\n<meta property=\"og:title\" content=\"Events Modul - Salzburger Seenland\" \/>\n<meta property=\"og:description\" content=\"Was ist los im Salzburger Seenland? Finde die besten Events und Veranstaltungen f\u00fcr unvergessliche Erlebnisse! Tauche ein in eine Welt voller Kultur, Musik, Sport und Tradition. Erfahre mehr \u00fcber Konzerte, Kabarett, Sommerkino und regionale Highlights. Finde heraus, was w\u00e4hrend deines Aufenthalts geboten wird und verpasse kein Highlight.\" \/>\n<meta property=\"og:url\" content=\"https:\/\/staging.konzeptionisten.net\/en\/events\" \/>\n<meta property=\"og:site_name\" content=\"Salzburger Seenland\" \/>\n<meta property=\"article:modified_time\" content=\"2023-07-04T20:32:20+00:00\" \/>\n<meta name=\"twitter:card\" content=\"summary_large_image\" \/>\n<script type=\"application\/ld+json\" class=\"yoast-schema-graph\">{\"@context\":\"https:\/\/schema.org\",\"@graph\":[{\"@type\":\"WebPage\",\"@id\":\"https:\/\/staging.konzeptionisten.net\/events\",\"url\":\"https:\/\/staging.konzeptionisten.net\/events\",\"name\":\"Events Modul - Salzburger Seenland\",\"isPartOf\":{\"@id\":\"https:\/\/staging.konzeptionisten.net\/#website\"},\"datePublished\":\"2023-04-25T09:48:53+00:00\",\"dateModified\":\"2023-07-04T20:32:20+00:00\",\"description\":\"Was ist los im Salzburger Seenland? Finde die besten Events und Veranstaltungen f\u00fcr unvergessliche Erlebnisse! Tauche ein in eine Welt voller Kultur, Musik, Sport und Tradition. Erfahre mehr \u00fcber Konzerte, Kabarett, Sommerkino und regionale Highlights. Finde heraus, was w\u00e4hrend deines Aufenthalts geboten wird und verpasse kein Highlight.\",\"breadcrumb\":{\"@id\":\"https:\/\/staging.konzeptionisten.net\/events#breadcrumb\"},\"inLanguage\":\"en-GB\",\"potentialAction\":[{\"@type\":\"ReadAction\",\"target\":[\"https:\/\/staging.konzeptionisten.net\/events\"]}]},{\"@type\":\"BreadcrumbList\",\"@id\":\"https:\/\/staging.konzeptionisten.net\/events#breadcrumb\",\"itemListElement\":[{\"@type\":\"ListItem\",\"position\":1,\"name\":\"Startseite\",\"item\":\"https:\/\/staging.konzeptionisten.net\/\"},{\"@type\":\"ListItem\",\"position\":2,\"name\":\"Events Modul\"}]},{\"@type\":\"WebSite\",\"@id\":\"https:\/\/staging.konzeptionisten.net\/#website\",\"url\":\"https:\/\/staging.konzeptionisten.net\/\",\"name\":\"Salzburger Seenland\",\"description\":\"eintauchen erleben genie\u00dfen\",\"potentialAction\":[{\"@type\":\"SearchAction\",\"target\":{\"@type\":\"EntryPoint\",\"urlTemplate\":\"https:\/\/staging.konzeptionisten.net\/?s={search_term_string}\"},\"query-input\":{\"@type\":\"PropertyValueSpecification\",\"valueRequired\":true,\"valueName\":\"search_term_string\"}}],\"inLanguage\":\"en-GB\"}]}<\/script>\n<!-- \/ Yoast SEO plugin. -->","yoast_head_json":{"title":"Events Module - Salzburg Seenland","description":"What's on in Salzburg Seenland? Find the best events and happenings for unforgettable experiences! Immerse yourself in a world full of culture, music, sport and tradition. Find out more about concerts, cabaret, summer cinema and regional highlights. Find out what's on during your stay and never miss a highlight.","robots":{"index":"noindex","follow":"follow","max-snippet":"max-snippet:-1","max-image-preview":"max-image-preview:large","max-video-preview":"max-video-preview:-1"},"og_locale":"en_GB","og_type":"article","og_title":"Events Modul - Salzburger Seenland","og_description":"Was ist los im Salzburger Seenland? Finde die besten Events und Veranstaltungen f\u00fcr unvergessliche Erlebnisse! Tauche ein in eine Welt voller Kultur, Musik, Sport und Tradition. Erfahre mehr \u00fcber Konzerte, Kabarett, Sommerkino und regionale Highlights. Finde heraus, was w\u00e4hrend deines Aufenthalts geboten wird und verpasse kein Highlight.","og_url":"https:\/\/staging.konzeptionisten.net\/en\/events","og_site_name":"Salzburger Seenland","article_modified_time":"2023-07-04T20:32:20+00:00","twitter_card":"summary_large_image","schema":{"@context":"https:\/\/schema.org","@graph":[{"@type":"WebPage","@id":"https:\/\/staging.konzeptionisten.net\/events","url":"https:\/\/staging.konzeptionisten.net\/events","name":"Events Module - Salzburg Seenland","isPartOf":{"@id":"https:\/\/staging.konzeptionisten.net\/#website"},"datePublished":"2023-04-25T09:48:53+00:00","dateModified":"2023-07-04T20:32:20+00:00","description":"What's on in Salzburg Seenland? Find the best events and happenings for unforgettable experiences! Immerse yourself in a world full of culture, music, sport and tradition. Find out more about concerts, cabaret, summer cinema and regional highlights. Find out what's on during your stay and never miss a highlight.","breadcrumb":{"@id":"https:\/\/staging.konzeptionisten.net\/events#breadcrumb"},"inLanguage":"en-GB","potentialAction":[{"@type":"ReadAction","target":["https:\/\/staging.konzeptionisten.net\/events"]}]},{"@type":"BreadcrumbList","@id":"https:\/\/staging.konzeptionisten.net\/events#breadcrumb","itemListElement":[{"@type":"ListItem","position":1,"name":"Startseite","item":"https:\/\/staging.konzeptionisten.net\/"},{"@type":"ListItem","position":2,"name":"Events Modul"}]},{"@type":"WebSite","@id":"https:\/\/staging.konzeptionisten.net\/#website","url":"https:\/\/staging.konzeptionisten.net\/","name":"Salzburg Seenland","description":"immerse experience enjoy","potentialAction":[{"@type":"SearchAction","target":{"@type":"EntryPoint","urlTemplate":"https:\/\/staging.konzeptionisten.net\/?s={search_term_string}"},"query-input":{"@type":"PropertyValueSpecification","valueRequired":true,"valueName":"search_term_string"}}],"inLanguage":"en-GB"}]}},"_links":{"self":[{"href":"https:\/\/staging.konzeptionisten.net\/en\/wp-json\/wp\/v2\/pages\/484","targetHints":{"allow":["GET"]}}],"collection":[{"href":"https:\/\/staging.konzeptionisten.net\/en\/wp-json\/wp\/v2\/pages"}],"about":[{"href":"https:\/\/staging.konzeptionisten.net\/en\/wp-json\/wp\/v2\/types\/page"}],"author":[{"embeddable":true,"href":"https:\/\/staging.konzeptionisten.net\/en\/wp-json\/wp\/v2\/users\/1"}],"replies":[{"embeddable":true,"href":"https:\/\/staging.konzeptionisten.net\/en\/wp-json\/wp\/v2\/comments?post=484"}],"version-history":[{"count":1,"href":"https:\/\/staging.konzeptionisten.net\/en\/wp-json\/wp\/v2\/pages\/484\/revisions"}],"predecessor-version":[{"id":488,"href":"https:\/\/staging.konzeptionisten.net\/en\/wp-json\/wp\/v2\/pages\/484\/revisions\/488"}],"wp:attachment":[{"href":"https:\/\/staging.konzeptionisten.net\/en\/wp-json\/wp\/v2\/media?parent=484"}],"curies":[{"name":"wp","href":"https:\/\/api.w.org\/{rel}","templated":true}]}}