{"id":466,"date":"2023-04-25T11:32:38","date_gmt":"2023-04-25T09:32:38","guid":{"rendered":"https:\/\/staging.konzeptionisten.net\/?page_id=466"},"modified":"2024-02-19T13:27:32","modified_gmt":"2024-02-19T12:27:32","slug":"imprint","status":"publish","type":"page","link":"https:\/\/staging.konzeptionisten.net\/en\/imprint","title":{"rendered":"Imprint"},"content":{"rendered":"<h1 class=\"wp-block-heading\">Imprint<\/h1>\n\n\n\n<h3 class=\"wp-block-heading\">Media owner:<\/h3>\n\n\n\n<p><strong>Seenland Tourism Ltd.<br><\/strong>Seeweg 1, 5164 Seeham<\/p>\n\n\n\n<p>T: +43 6217 20220<br>W: &nbsp;&nbsp;<a href=\"http:\/\/staging.konzeptionisten.net\/en\/\">staging.konzeptionisten.net<\/a><\/p>\n\n\n\n<p><br><strong>Management:<\/strong><br>Manuela Bacher<\/p>\n\n\n\n<p><strong>Object of the company:<\/strong><br>Tourism \/ Leisure<\/p>\n\n\n\n<p><strong>Basic direction:<\/strong><br>Tourist information and booking platform<\/p>\n\n\n\n<p><strong>self. g. Company name:<\/strong><br>Salzburg Seenland Tourismus GmbH&nbsp;&nbsp;<\/p>\n\n\n\n<p><strong>Company register number:<\/strong><br>207020t<\/p>\n\n\n\n<p><strong>UID number:<\/strong><br>ATU 51437501<\/p>\n\n\n\n<p><strong>Company Register Court:<\/strong><br>Salzburg regional court<\/p>\n\n\n\n<p><strong>Authority pursuant to ECG:<\/strong><br>Salzburg-Umgebung District Administration<\/p>\n\n\n\n<p><strong>Chamber \/ Professional Association:<\/strong><br>Salzburg Economic Chamber<\/p>\n\n\n\n<p><a href=\"https:\/\/www.wko.at\/oe\/tourismus-freizeitwirtschaft\/hotellerie\/agb-hotellerie.pdf\" target=\"_blank\" rel=\"noreferrer noopener\">General Terms and Conditions for the Hotel Industry<\/a>&nbsp;(AGBs for short)<\/p>\n\n\n\n<h2 class=\"wp-block-heading\">Legal notice<\/h2>\n\n\n\n<p>No liability can be accepted for completeness, errors of an editorial or technical nature, omissions, etc., or for the accuracy of the entries - also because of the rapid changes in the media sector and on the Internet.<br><br>In particular, no guarantee can be given for the completeness and correctness of information that can be reached via further links. We have placed links to other pages on the Internet on this homepage. The following applies to all links on these pages:<br><br>We would like to expressly emphasise that we have no influence whatsoever on the design and content of the linked pages. Therefore, we hereby expressly distance ourselves from all contents of all linked pages on this homepage and do not adopt their contents as our own. This declaration applies to all pages of this homepage and the links placed there. If the information system of the Seenland Tourismus GmbH website refers to pages whose content gives cause for complaint, the editors ask to be informed.<br><br>The editors of the Seenland Tourismus GmbH website reserve the right to make changes or additions to the information provided without prior notice and, if necessary, to remove information.<br><br>The information on the website of Seenland Tourismus GmbH is without guarantee.<\/p>\n\n\n\n<h2 class=\"wp-block-heading\">Picture credits<\/h2>\n\n\n\n<p>The pictures used on this website were either taken by us or were taken for us by a photographer in the course of an assignment and the rights of use were paid for, or were made available by the regional tourism associations or businesses.<\/p>\n\n\n\n<p>If an image infringes a copyright in any way, please let us know immediately and we will remove the image immediately.<\/p>\n\n\n\n<p><strong>Copyright proof for further images used:<\/strong><\/p>\n\n\n\n<p>We thank you for the provision of photographic material:<\/p>\n\n\n\n<p>Agentur Dreirad, Karl Witzmann, Taro Ebihara, Amir Kuljikovic, Chris Hofer, Achim Meurer, Hans Ziller, Peter Mayr, Josef Kohlberger, Emma Sommeregger, Matth\u00e4us Maislinger, Paul Lechner, Stadt Seekirchen, Stadt Neumarkt, Eva Frischling, Blue Sky (aerial photography), Bernhard Rieger, Norbert Eisele-Hein, Helmut M\u00fchlbacher, Stefan Schwab, Romantik Hotel Gmachl, Seewirt Mattsee, Ferienhotel Herzog, Tom Ott, Ernest Stierschneider, Plusregion, Haus der Natur, NeumayrLeo, Robert Maybach, Heiko Mandl, Cornelia Stummvoll, Hermann Hermeter, Rochus Hess, Peter S\u00fct\u00f6, Skyblue Salzburg, Fuschlseeregion, TVB Gr\u00f6dig, Gabriel Reissig<\/p>","protected":false},"excerpt":{"rendered":"<p>Imprint Media owner: Seenland Tourismus GmbHSeeweg 1, 5164 Seeham T: +43 6217 20220W: staging.konzeptionisten.net Management:Manuela Bacher Business purpose:Tourism \/ Leisure Basic direction:Tourist information and booking platform itself. g. Company name:Salzburger Seenland Tourismus GmbH Company register number:207020t UID number:ATU 51437501 Company register court:Landesgericht Salzburg Authority according to ECG:Bezirkshauptmannschaft Salzburg-Umgebung Chamber \/ professional association:Wirtschaftskammer Salzburg General Terms and Conditions for the Hotel Industry (AGBs for short) Legal notice For completeness, errors [...]<\/p>","protected":false},"author":1,"featured_media":0,"parent":0,"menu_order":0,"comment_status":"closed","ping_status":"closed","template":"","meta":{"footnotes":""},"class_list":["post-466","page","type-page","status-publish","hentry"],"yoast_head":"<!-- This site is optimized with the Yoast SEO plugin v26.9 - https:\/\/yoast.com\/product\/yoast-seo-wordpress\/ -->\n<title>Impressum - Salzburger Seenland<\/title>\n<meta name=\"robots\" content=\"noindex, follow\" \/>\n<meta property=\"og:locale\" content=\"en_GB\" \/>\n<meta property=\"og:type\" content=\"article\" \/>\n<meta property=\"og:title\" content=\"Impressum - Salzburger Seenland\" \/>\n<meta property=\"og:description\" content=\"Impressum Medieninhaber: Seenland Tourismus GmbHSeeweg 1, 5164 Seeham T: &nbsp;&nbsp;&nbsp; +43 6217 20220W: &nbsp;&nbsp;staging.konzeptionisten.net Gesch\u00e4ftsf\u00fchrung:Manuela Bacher Unternehmensgegenstand:Tourismus \/ Freizeit Grundlegende Richtung:touristische Informations- und Buchungsplattform selbst. g. Unternehmensbezeichnung:Salzburger Seenland Tourismus GmbH&nbsp;&nbsp; Firmenbuchnummer:207020t UID Nummer:ATU 51437501 Firmenbuchgericht:Landesgericht Salzburg Beh\u00f6rde gem. ECG:Bezirkshauptmannschaft Salzburg-Umgebung Kammer \/ Berufsverband:Wirtschaftskammer Salzburg Allgemeine Gesch\u00e4ftsbedingungen f\u00fcr die Hotellerie&nbsp;(kurz AGBs) Rechtlicher Hinweis F\u00fcr Vollst\u00e4ndigkeit, Fehler [&hellip;]\" \/>\n<meta property=\"og:url\" content=\"https:\/\/staging.konzeptionisten.net\/en\/imprint\" \/>\n<meta property=\"og:site_name\" content=\"Salzburger Seenland\" \/>\n<meta property=\"article:modified_time\" content=\"2024-02-19T12:27:32+00:00\" \/>\n<meta name=\"twitter:card\" content=\"summary_large_image\" \/>\n<meta name=\"twitter:label1\" content=\"Estimated reading time\" \/>\n\t<meta name=\"twitter:data1\" content=\"3 minutes\" \/>\n<script type=\"application\/ld+json\" class=\"yoast-schema-graph\">{\"@context\":\"https:\/\/schema.org\",\"@graph\":[{\"@type\":\"WebPage\",\"@id\":\"https:\/\/staging.konzeptionisten.net\/impressum\",\"url\":\"https:\/\/staging.konzeptionisten.net\/impressum\",\"name\":\"Impressum - Salzburger Seenland\",\"isPartOf\":{\"@id\":\"https:\/\/staging.konzeptionisten.net\/#website\"},\"datePublished\":\"2023-04-25T09:32:38+00:00\",\"dateModified\":\"2024-02-19T12:27:32+00:00\",\"breadcrumb\":{\"@id\":\"https:\/\/staging.konzeptionisten.net\/impressum#breadcrumb\"},\"inLanguage\":\"en-GB\",\"potentialAction\":[{\"@type\":\"ReadAction\",\"target\":[\"https:\/\/staging.konzeptionisten.net\/impressum\"]}]},{\"@type\":\"BreadcrumbList\",\"@id\":\"https:\/\/staging.konzeptionisten.net\/impressum#breadcrumb\",\"itemListElement\":[{\"@type\":\"ListItem\",\"position\":1,\"name\":\"Startseite\",\"item\":\"https:\/\/staging.konzeptionisten.net\/\"},{\"@type\":\"ListItem\",\"position\":2,\"name\":\"Impressum\"}]},{\"@type\":\"WebSite\",\"@id\":\"https:\/\/staging.konzeptionisten.net\/#website\",\"url\":\"https:\/\/staging.konzeptionisten.net\/\",\"name\":\"Salzburger Seenland\",\"description\":\"eintauchen erleben genie\u00dfen\",\"potentialAction\":[{\"@type\":\"SearchAction\",\"target\":{\"@type\":\"EntryPoint\",\"urlTemplate\":\"https:\/\/staging.konzeptionisten.net\/?s={search_term_string}\"},\"query-input\":{\"@type\":\"PropertyValueSpecification\",\"valueRequired\":true,\"valueName\":\"search_term_string\"}}],\"inLanguage\":\"en-GB\"}]}<\/script>\n<!-- \/ Yoast SEO plugin. -->","yoast_head_json":{"title":"Imprint - Salzburg Seenland","robots":{"index":"noindex","follow":"follow"},"og_locale":"en_GB","og_type":"article","og_title":"Impressum - Salzburger Seenland","og_description":"Impressum Medieninhaber: Seenland Tourismus GmbHSeeweg 1, 5164 Seeham T: &nbsp;&nbsp;&nbsp; +43 6217 20220W: &nbsp;&nbsp;staging.konzeptionisten.net Gesch\u00e4ftsf\u00fchrung:Manuela Bacher Unternehmensgegenstand:Tourismus \/ Freizeit Grundlegende Richtung:touristische Informations- und Buchungsplattform selbst. g. Unternehmensbezeichnung:Salzburger Seenland Tourismus GmbH&nbsp;&nbsp; Firmenbuchnummer:207020t UID Nummer:ATU 51437501 Firmenbuchgericht:Landesgericht Salzburg Beh\u00f6rde gem. ECG:Bezirkshauptmannschaft Salzburg-Umgebung Kammer \/ Berufsverband:Wirtschaftskammer Salzburg Allgemeine Gesch\u00e4ftsbedingungen f\u00fcr die Hotellerie&nbsp;(kurz AGBs) Rechtlicher Hinweis F\u00fcr Vollst\u00e4ndigkeit, Fehler [&hellip;]","og_url":"https:\/\/staging.konzeptionisten.net\/en\/imprint","og_site_name":"Salzburger Seenland","article_modified_time":"2024-02-19T12:27:32+00:00","twitter_card":"summary_large_image","twitter_misc":{"Estimated reading time":"3 minutes"},"schema":{"@context":"https:\/\/schema.org","@graph":[{"@type":"WebPage","@id":"https:\/\/staging.konzeptionisten.net\/impressum","url":"https:\/\/staging.konzeptionisten.net\/impressum","name":"Imprint - Salzburg Seenland","isPartOf":{"@id":"https:\/\/staging.konzeptionisten.net\/#website"},"datePublished":"2023-04-25T09:32:38+00:00","dateModified":"2024-02-19T12:27:32+00:00","breadcrumb":{"@id":"https:\/\/staging.konzeptionisten.net\/impressum#breadcrumb"},"inLanguage":"en-GB","potentialAction":[{"@type":"ReadAction","target":["https:\/\/staging.konzeptionisten.net\/impressum"]}]},{"@type":"BreadcrumbList","@id":"https:\/\/staging.konzeptionisten.net\/impressum#breadcrumb","itemListElement":[{"@type":"ListItem","position":1,"name":"Startseite","item":"https:\/\/staging.konzeptionisten.net\/"},{"@type":"ListItem","position":2,"name":"Impressum"}]},{"@type":"WebSite","@id":"https:\/\/staging.konzeptionisten.net\/#website","url":"https:\/\/staging.konzeptionisten.net\/","name":"Salzburg Seenland","description":"immerse experience enjoy","potentialAction":[{"@type":"SearchAction","target":{"@type":"EntryPoint","urlTemplate":"https:\/\/staging.konzeptionisten.net\/?s={search_term_string}"},"query-input":{"@type":"PropertyValueSpecification","valueRequired":true,"valueName":"search_term_string"}}],"inLanguage":"en-GB"}]}},"_links":{"self":[{"href":"https:\/\/staging.konzeptionisten.net\/en\/wp-json\/wp\/v2\/pages\/466","targetHints":{"allow":["GET"]}}],"collection":[{"href":"https:\/\/staging.konzeptionisten.net\/en\/wp-json\/wp\/v2\/pages"}],"about":[{"href":"https:\/\/staging.konzeptionisten.net\/en\/wp-json\/wp\/v2\/types\/page"}],"author":[{"embeddable":true,"href":"https:\/\/staging.konzeptionisten.net\/en\/wp-json\/wp\/v2\/users\/1"}],"replies":[{"embeddable":true,"href":"https:\/\/staging.konzeptionisten.net\/en\/wp-json\/wp\/v2\/comments?post=466"}],"version-history":[{"count":3,"href":"https:\/\/staging.konzeptionisten.net\/en\/wp-json\/wp\/v2\/pages\/466\/revisions"}],"predecessor-version":[{"id":5411,"href":"https:\/\/staging.konzeptionisten.net\/en\/wp-json\/wp\/v2\/pages\/466\/revisions\/5411"}],"wp:attachment":[{"href":"https:\/\/staging.konzeptionisten.net\/en\/wp-json\/wp\/v2\/media?parent=466"}],"curies":[{"name":"wp","href":"https:\/\/api.w.org\/{rel}","templated":true}]}}