{"id":421,"date":"2023-04-25T09:03:38","date_gmt":"2023-04-25T07:03:38","guid":{"rendered":"https:\/\/staging.konzeptionisten.net\/?page_id=421"},"modified":"2023-05-20T10:25:18","modified_gmt":"2023-05-20T08:25:18","slug":"interactive-cycling-map","status":"publish","type":"page","link":"https:\/\/staging.konzeptionisten.net\/en\/interactive-cycling-map","title":{"rendered":"Interactive cycling map"},"content":{"rendered":"","protected":false},"excerpt":{"rendered":"","protected":false},"author":1,"featured_media":425,"parent":0,"menu_order":0,"comment_status":"closed","ping_status":"closed","template":"page-radkarte.php","meta":{"footnotes":""},"class_list":["post-421","page","type-page","status-publish","has-post-thumbnail","hentry"],"yoast_head":"<!-- This site is optimized with the Yoast SEO plugin v26.9 - https:\/\/yoast.com\/product\/yoast-seo-wordpress\/ -->\n<title>Interaktive Radkarte - Salzburger Seenland<\/title>\n<meta name=\"description\" content=\"Velodrom - 600 km Radwege unter einem &quot;Dach&quot;. Hier k\u00f6nnen Sie alle Tourdaten ansehen und mitnehmen. Die sanfte H\u00fcgellandschaft des Alpenvorlandes mit Wallersee, Mattsee, Grabensee und Obertrumer See steht f\u00fcr abwechslungsreiche Touren im Velodrom Salzburger Seenland.\" \/>\n<meta name=\"robots\" content=\"noindex, follow, max-snippet:-1, max-image-preview:large, max-video-preview:-1\" \/>\n<meta property=\"og:locale\" content=\"en_GB\" \/>\n<meta property=\"og:type\" content=\"article\" \/>\n<meta property=\"og:title\" content=\"Interaktive Radkarte - Salzburger Seenland\" \/>\n<meta property=\"og:description\" content=\"Velodrom - 600 km Radwege unter einem &quot;Dach&quot;. Hier k\u00f6nnen Sie alle Tourdaten ansehen und mitnehmen. Die sanfte H\u00fcgellandschaft des Alpenvorlandes mit Wallersee, Mattsee, Grabensee und Obertrumer See steht f\u00fcr abwechslungsreiche Touren im Velodrom Salzburger Seenland.\" \/>\n<meta property=\"og:url\" content=\"https:\/\/staging.konzeptionisten.net\/en\/interactive-cycling-map\" \/>\n<meta property=\"og:site_name\" content=\"Salzburger Seenland\" \/>\n<meta property=\"article:modified_time\" content=\"2023-05-20T08:25:18+00:00\" \/>\n<meta property=\"og:image\" content=\"https:\/\/staging.konzeptionisten.net\/wp-content\/uploads\/2023\/04\/map_interaktive-radkarte.jpg\" \/>\n\t<meta property=\"og:image:width\" content=\"881\" \/>\n\t<meta property=\"og:image:height\" content=\"595\" \/>\n\t<meta property=\"og:image:type\" content=\"image\/jpeg\" \/>\n<meta name=\"twitter:card\" content=\"summary_large_image\" \/>\n<script type=\"application\/ld+json\" class=\"yoast-schema-graph\">{\"@context\":\"https:\/\/schema.org\",\"@graph\":[{\"@type\":\"WebPage\",\"@id\":\"https:\/\/staging.konzeptionisten.net\/interaktive-radkarte\",\"url\":\"https:\/\/staging.konzeptionisten.net\/interaktive-radkarte\",\"name\":\"Interaktive Radkarte - Salzburger Seenland\",\"isPartOf\":{\"@id\":\"https:\/\/staging.konzeptionisten.net\/#website\"},\"primaryImageOfPage\":{\"@id\":\"https:\/\/staging.konzeptionisten.net\/interaktive-radkarte#primaryimage\"},\"image\":{\"@id\":\"https:\/\/staging.konzeptionisten.net\/interaktive-radkarte#primaryimage\"},\"thumbnailUrl\":\"https:\/\/staging.konzeptionisten.net\/wp-content\/uploads\/2023\/04\/map_interaktive-radkarte.jpg\",\"datePublished\":\"2023-04-25T07:03:38+00:00\",\"dateModified\":\"2023-05-20T08:25:18+00:00\",\"description\":\"Velodrom - 600 km Radwege unter einem \\\"Dach\\\". Hier k\u00f6nnen Sie alle Tourdaten ansehen und mitnehmen. Die sanfte H\u00fcgellandschaft des Alpenvorlandes mit Wallersee, Mattsee, Grabensee und Obertrumer See steht f\u00fcr abwechslungsreiche Touren im Velodrom Salzburger Seenland.\",\"breadcrumb\":{\"@id\":\"https:\/\/staging.konzeptionisten.net\/interaktive-radkarte#breadcrumb\"},\"inLanguage\":\"en-GB\",\"potentialAction\":[{\"@type\":\"ReadAction\",\"target\":[\"https:\/\/staging.konzeptionisten.net\/interaktive-radkarte\"]}]},{\"@type\":\"ImageObject\",\"inLanguage\":\"en-GB\",\"@id\":\"https:\/\/staging.konzeptionisten.net\/interaktive-radkarte#primaryimage\",\"url\":\"https:\/\/staging.konzeptionisten.net\/wp-content\/uploads\/2023\/04\/map_interaktive-radkarte.jpg\",\"contentUrl\":\"https:\/\/staging.konzeptionisten.net\/wp-content\/uploads\/2023\/04\/map_interaktive-radkarte.jpg\",\"width\":881,\"height\":595,\"caption\":\"interaktive Radkarte - Salzburger Seenland Velodrom\"},{\"@type\":\"BreadcrumbList\",\"@id\":\"https:\/\/staging.konzeptionisten.net\/interaktive-radkarte#breadcrumb\",\"itemListElement\":[{\"@type\":\"ListItem\",\"position\":1,\"name\":\"Startseite\",\"item\":\"https:\/\/staging.konzeptionisten.net\/\"},{\"@type\":\"ListItem\",\"position\":2,\"name\":\"Interaktive Radkarte\"}]},{\"@type\":\"WebSite\",\"@id\":\"https:\/\/staging.konzeptionisten.net\/#website\",\"url\":\"https:\/\/staging.konzeptionisten.net\/\",\"name\":\"Salzburger Seenland\",\"description\":\"eintauchen erleben genie\u00dfen\",\"potentialAction\":[{\"@type\":\"SearchAction\",\"target\":{\"@type\":\"EntryPoint\",\"urlTemplate\":\"https:\/\/staging.konzeptionisten.net\/?s={search_term_string}\"},\"query-input\":{\"@type\":\"PropertyValueSpecification\",\"valueRequired\":true,\"valueName\":\"search_term_string\"}}],\"inLanguage\":\"en-GB\"}]}<\/script>\n<!-- \/ Yoast SEO plugin. -->","yoast_head_json":{"title":"Interactive cycle map - Salzburg Seenland","description":"Velodrome - 600 km of cycle routes under one \"roof\". Here you can view all the tour data and take it with you. The gentle hilly landscape of the Alpine foothills with Wallersee, Mattsee, Grabensee and Obertrumer See stands for varied tours in the Velodrom Salzburg Seenland.","robots":{"index":"noindex","follow":"follow","max-snippet":"max-snippet:-1","max-image-preview":"max-image-preview:large","max-video-preview":"max-video-preview:-1"},"og_locale":"en_GB","og_type":"article","og_title":"Interaktive Radkarte - Salzburger Seenland","og_description":"Velodrom - 600 km Radwege unter einem \"Dach\". Hier k\u00f6nnen Sie alle Tourdaten ansehen und mitnehmen. Die sanfte H\u00fcgellandschaft des Alpenvorlandes mit Wallersee, Mattsee, Grabensee und Obertrumer See steht f\u00fcr abwechslungsreiche Touren im Velodrom Salzburger Seenland.","og_url":"https:\/\/staging.konzeptionisten.net\/en\/interactive-cycling-map","og_site_name":"Salzburger Seenland","article_modified_time":"2023-05-20T08:25:18+00:00","og_image":[{"width":881,"height":595,"url":"https:\/\/staging.konzeptionisten.net\/wp-content\/uploads\/2023\/04\/map_interaktive-radkarte.jpg","type":"image\/jpeg"}],"twitter_card":"summary_large_image","schema":{"@context":"https:\/\/schema.org","@graph":[{"@type":"WebPage","@id":"https:\/\/staging.konzeptionisten.net\/interaktive-radkarte","url":"https:\/\/staging.konzeptionisten.net\/interaktive-radkarte","name":"Interactive cycle map - Salzburg Seenland","isPartOf":{"@id":"https:\/\/staging.konzeptionisten.net\/#website"},"primaryImageOfPage":{"@id":"https:\/\/staging.konzeptionisten.net\/interaktive-radkarte#primaryimage"},"image":{"@id":"https:\/\/staging.konzeptionisten.net\/interaktive-radkarte#primaryimage"},"thumbnailUrl":"https:\/\/staging.konzeptionisten.net\/wp-content\/uploads\/2023\/04\/map_interaktive-radkarte.jpg","datePublished":"2023-04-25T07:03:38+00:00","dateModified":"2023-05-20T08:25:18+00:00","description":"Velodrome - 600 km of cycle routes under one \"roof\". Here you can view all the tour data and take it with you. The gentle hilly landscape of the Alpine foothills with Wallersee, Mattsee, Grabensee and Obertrumer See stands for varied tours in the Velodrom Salzburg Seenland.","breadcrumb":{"@id":"https:\/\/staging.konzeptionisten.net\/interaktive-radkarte#breadcrumb"},"inLanguage":"en-GB","potentialAction":[{"@type":"ReadAction","target":["https:\/\/staging.konzeptionisten.net\/interaktive-radkarte"]}]},{"@type":"ImageObject","inLanguage":"en-GB","@id":"https:\/\/staging.konzeptionisten.net\/interaktive-radkarte#primaryimage","url":"https:\/\/staging.konzeptionisten.net\/wp-content\/uploads\/2023\/04\/map_interaktive-radkarte.jpg","contentUrl":"https:\/\/staging.konzeptionisten.net\/wp-content\/uploads\/2023\/04\/map_interaktive-radkarte.jpg","width":881,"height":595,"caption":"interaktive Radkarte - Salzburger Seenland Velodrom"},{"@type":"BreadcrumbList","@id":"https:\/\/staging.konzeptionisten.net\/interaktive-radkarte#breadcrumb","itemListElement":[{"@type":"ListItem","position":1,"name":"Startseite","item":"https:\/\/staging.konzeptionisten.net\/"},{"@type":"ListItem","position":2,"name":"Interaktive Radkarte"}]},{"@type":"WebSite","@id":"https:\/\/staging.konzeptionisten.net\/#website","url":"https:\/\/staging.konzeptionisten.net\/","name":"Salzburg Seenland","description":"immerse experience enjoy","potentialAction":[{"@type":"SearchAction","target":{"@type":"EntryPoint","urlTemplate":"https:\/\/staging.konzeptionisten.net\/?s={search_term_string}"},"query-input":{"@type":"PropertyValueSpecification","valueRequired":true,"valueName":"search_term_string"}}],"inLanguage":"en-GB"}]}},"_links":{"self":[{"href":"https:\/\/staging.konzeptionisten.net\/en\/wp-json\/wp\/v2\/pages\/421","targetHints":{"allow":["GET"]}}],"collection":[{"href":"https:\/\/staging.konzeptionisten.net\/en\/wp-json\/wp\/v2\/pages"}],"about":[{"href":"https:\/\/staging.konzeptionisten.net\/en\/wp-json\/wp\/v2\/types\/page"}],"author":[{"embeddable":true,"href":"https:\/\/staging.konzeptionisten.net\/en\/wp-json\/wp\/v2\/users\/1"}],"replies":[{"embeddable":true,"href":"https:\/\/staging.konzeptionisten.net\/en\/wp-json\/wp\/v2\/comments?post=421"}],"version-history":[{"count":1,"href":"https:\/\/staging.konzeptionisten.net\/en\/wp-json\/wp\/v2\/pages\/421\/revisions"}],"predecessor-version":[{"id":423,"href":"https:\/\/staging.konzeptionisten.net\/en\/wp-json\/wp\/v2\/pages\/421\/revisions\/423"}],"wp:featuredmedia":[{"embeddable":true,"href":"https:\/\/staging.konzeptionisten.net\/en\/wp-json\/wp\/v2\/media\/425"}],"wp:attachment":[{"href":"https:\/\/staging.konzeptionisten.net\/en\/wp-json\/wp\/v2\/media?parent=421"}],"curies":[{"name":"wp","href":"https:\/\/api.w.org\/{rel}","templated":true}]}}