{"id":356,"date":"2023-04-25T08:17:09","date_gmt":"2023-04-25T06:17:09","guid":{"rendered":"https:\/\/staging.konzeptionisten.net\/?page_id=356"},"modified":"2023-06-03T10:08:23","modified_gmt":"2023-06-03T08:08:23","slug":"obertrumer-lake","status":"publish","type":"page","link":"https:\/\/staging.konzeptionisten.net\/en\/our-lakes\/obertrumer-lake","title":{"rendered":"Obertrumer See"},"content":{"rendered":"<div class=\"lazyblock-seenland-booking-U6r75 wp-block-lazyblock-seenland-booking\"><div id=\"bookingform\">\r\n  <h3 class=\"en_GB\">This is where your next holiday begins...<\/h3>\r\n  <div class=\"container\">\r\n  <form  onsubmit=\"return onFormSubmit()\" method=\"get\" action=\"\">\r\n    <div class=\"book-column dates\">\r\n       <div class=\"form-group\">\r\n         <label for=\"selArrivaldate\">Arrival:<\/label>\r\n         <input type=\"date\" class=\"has-datepicker\" id=\"selArrivaldate\" name=\"selArrivaldate\" min=\"2026-04-19\" value=\"2026-04-19\">\r\n       <\/div> \r\n       <span class=\"booking-trenner\">&nbsp; &#8211; &nbsp;<\/span>\r\n       <div class=\"form-group\">\r\n         <label for=\"selDeparturedate\">Departure:<\/label>\r\n         <input type=\"date\" class=\"has-datepicker\" id=\"selDeparturedate\" name=\"selDeparturedate\" value=\"2026-04-26\">\r\n       <\/div> \r\n     <\/div>\r\n      <div class=\"book-column persons\">\r\n     <div class=\"form-group border-left\">\r\n       <label for=\"selAdults\">Adults:<\/label>\r\n       <select id=\"selAdults\" name=\"selAdults\">\r\n        <option value=\"1\">1<\/option>\r\n        <option value=\"2\" selected>2<\/option>\r\n        <option value=\"3\">3<\/option>\r\n        <option value=\"4\">4<\/option>\r\n        <option value=\"5\">5<\/option>\r\n        <option value=\"6\">6<\/option>\r\n        <option value=\"7\">7<\/option>\r\n        <option value=\"8\">8<\/option>\r\n        <option value=\"9\">9<\/option>\r\n        <option value=\"10\">10<\/option>\r\n       <\/select>\r\n     <\/div>\r\n     <div class=\"form-group\">\r\n      <label for=\"selKids\">Children:<\/label>\r\n       <select id=\"selKids\" name=\"selKids\">\r\n        <option value=\"0\" selected>0<\/option>\r\n        <option value=\"1\">1<\/option>\r\n        <option value=\"2\">2<\/option>\r\n        <option value=\"3\">3<\/option>\r\n        <option value=\"4\">4<\/option>\r\n        <option value=\"5\">5<\/option>\r\n        <option value=\"6\">6<\/option>\r\n        <option value=\"7\">7<\/option>\r\n        <option value=\"8\">8<\/option>\r\n        <option value=\"9\">9<\/option>\r\n        <option value=\"10\">10<\/option>\r\n       <\/select> \r\n     <\/div>\r\n    <\/div>\r\n     <div class=\"button-column buttons\">\r\n        <input type=\"hidden\" id=\"selLocation\" name=\"selLocation\" value=\"58c4b89d-25c7-49db-8d5e-8382bbdb57e4\"> \r\n  \t\t  <input type=\"hidden\" id=\"selCategories\" name=\"selCategories\" value=\"\">\r\n  \t\t   <input type=\"hidden\" id=\"rc\" name=\"rc\" value=\"1\">\r\n  \t\t   <input type=\"hidden\" name=\"selNights\" \/>\r\n  \t\t  <input type=\"hidden\" id=\"selNumberofUnits\" name=\"selNumberofUnits\" value=\"1\">\r\n  \t\t  <button class=\"acco-find rounded\" type=\"submit\">Find accommodation<\/button> &nbsp; \r\n  \t\t  <a class=\"req-button rounded\" href=\"https:\/\/staging.konzeptionisten.net\/en\/info#\/quickinquiry\" role=\"button\">Non-binding request<\/a> \r\n      <\/div>\r\n  <input type=\"hidden\" name=\"trp-form-language\" value=\"en\"\/><\/form>\r\n <\/div>\r\n<\/div>\r\n<script src=\"https:\/\/web5.deskline.net\/dwutility.js\" async><\/script>\r\n\r\n<script>\r\n    function onFormSubmit(){\r\n\t\r\n\tvar anreise = new Date(document.getElementsByName('selArrivaldate')[0].value); \/\/console.log(anreise);\r\n\tvar abreise = new Date(document.getElementsByName('selDeparturedate')[0].value); \/\/console.log(abreise);\r\n\tvar erwachsene = document.getElementsByName('selAdults')[0].value; \/\/console.log(erwachsene);\r\n\t\r\n        dw.accommodationQuickFind(\r\n            \/\/ LocalStorageID: \r\n            'seenlandelixhausen',\r\n\r\n            \/\/ Gastdaten\r\n            {\r\n                dateFrom: anreise,\r\n                dateTo: abreise,\r\n                occupancy1:{\r\n                    units:1,\r\n                    adults: erwachsene,\r\n                    children:[]\r\n                }\r\n            },\r\n            function() {\r\n                \/\/ Callback Funktion, Maybe redirecting\r\n                window.location.href = \"en\/info\";\r\n            });\r\n\r\n        return false;\r\n    }\r\n<\/script><\/div>\n\n<div class=\"lazyblock-zweifarbige-uberschrift-Z1mttmp wp-block-lazyblock-zweifarbige-uberschrift\"><div class=\"container\">\n  <h1 class=\"duo-heading alignleft\">\n  The \n  \n  <span class=\"after-color\">Obertrumer See<\/span>\n<\/h1>\n<div style=\"clear:both;\"><\/div>\n<\/div><\/div>\n\n\n<p>Popular bathing lake with excellent water quality: Obertrumer See with its 4.9 square kilometres is the largest of the three <strong>\"Trumer Seen\"<\/strong>.<\/p>\n\n\n\n<p>There are lidos in Seeham and Obertrum - each offers child-friendly access to the water and ample parking.<\/p>\n\n\n\n<p>As soon as the bathing season and the summer hustle and bustle are over, the Obertrumer See shows its other side: with idyllic walks and pilgrimage paths along the shore as well as all kinds of entertainment and cosiness.<\/p>\n\n\n<div class=\"lazyblock-related-posts-19nWVH wp-block-lazyblock-related-posts\"><div class=\"sase-block light-background\">\r\n  <p>&nbsp;<\/p>\r\n  <div class=\"container\">\r\n   <h2 class=\"duo-heading aligncenter\">\r\n\t\tThe places at the <br> <span class=\"after-color\">Obertrumer See<\/span>\r\n\t <\/h2> \r\n\t<p class=\"aligncenter\">&nbsp;<\/p>\r\n\t<div class=\"flex-grid\">\r\n\t<div class=\"flex-child col-lg-3\"><div class=\"box-with-text rounded\">\r\n\t\t\t        <a href=\"https:\/\/staging.konzeptionisten.net\/en\/our-places\/mattsee-2\">\r\n\t\t\t          <img decoding=\"async\" class=\"b-lazy img-responsive wp-image-297\" src=\"data:image\/gif;base64,R0lGODlhAQABAAAAACH5BAEKAAEALAAAAAABAAEAAAICTAEAOw==\" data-src=\"https:\/\/staging.konzeptionisten.net\/wp-content\/uploads\/2023\/04\/c-hofer-luftbild-mattsee-kl-405x240.jpg\" \/>\r\n\t\t\t        <\/a> \r\n\t\t\t        <div class=\"box-text-content\">\r\n\t\t\t          <h3><a href=\"https:\/\/staging.konzeptionisten.net\/en\/our-places\/mattsee-2\">Mattsee (location)<\/a><\/h3>\r\n\t\t\t          <p><\/p>\r\n\t\t\t        <\/div>\r\n\t\t\t     <\/div><\/div><div class=\"flex-child col-lg-3\"><div class=\"box-with-text rounded\">\r\n\t\t\t        <a href=\"https:\/\/staging.konzeptionisten.net\/en\/our-places\/biodorf-seeham\">\r\n\t\t\t          <img decoding=\"async\" class=\"b-lazy img-responsive wp-image-309\" src=\"data:image\/gif;base64,R0lGODlhAQABAAAAACH5BAEKAAEALAAAAAABAAEAAAICTAEAOw==\" data-src=\"https:\/\/staging.konzeptionisten.net\/wp-content\/uploads\/2023\/04\/BiodorfSeehamBlumenKolarikFoto_kl-405x240.jpg\" \/>\r\n\t\t\t        <\/a> \r\n\t\t\t        <div class=\"box-text-content\">\r\n\t\t\t          <h3><a href=\"https:\/\/staging.konzeptionisten.net\/en\/our-places\/biodorf-seeham\">Biodorf Seeham<\/a><\/h3>\r\n\t\t\t          <p><\/p>\r\n\t\t\t        <\/div>\r\n\t\t\t     <\/div><\/div><div class=\"flex-child col-lg-3\"><div class=\"box-with-text rounded\">\r\n\t\t\t        <a href=\"https:\/\/staging.konzeptionisten.net\/en\/our-places\/obertrum-on-the-lake\">\r\n\t\t\t          <img decoding=\"async\" class=\"b-lazy img-responsive wp-image-305\" src=\"data:image\/gif;base64,R0lGODlhAQABAAAAACH5BAEKAAEALAAAAAABAAEAAAICTAEAOw==\" data-src=\"https:\/\/staging.konzeptionisten.net\/wp-content\/uploads\/2023\/06\/SalzburgerSeenland_Obertrum-16-405x240.jpg\" \/>\r\n\t\t\t        <\/a> \r\n\t\t\t        <div class=\"box-text-content\">\r\n\t\t\t          <h3><a href=\"https:\/\/staging.konzeptionisten.net\/en\/our-places\/obertrum-on-the-lake\">Obertrum on the lake<\/a><\/h3>\r\n\t\t\t          <p><\/p>\r\n\t\t\t        <\/div>\r\n\t\t\t     <\/div><\/div> \r\n\t<\/div>\r\n  <p style=\"clear:both;\">&nbsp;<br \/><br \/><\/p>\r\n<\/div>\r\n<\/div><\/div>","protected":false},"excerpt":{"rendered":"<p>Popular bathing lake with excellent water quality: the Obertrumer See with its 4.9 square kilometres is the largest of the three \"Trumer Seen\". There are lidos in Seeham and Obertrum - each offers child-friendly access to the water and ample parking facilities. As soon as the bathing season and the summer hustle and bustle are over, the Obertrumer See shows its other side: with idyllic [...]<\/p>","protected":false},"author":1,"featured_media":363,"parent":350,"menu_order":0,"comment_status":"closed","ping_status":"closed","template":"","meta":{"footnotes":""},"class_list":["post-356","page","type-page","status-publish","has-post-thumbnail","hentry"],"yoast_head":"<!-- This site is optimized with the Yoast SEO plugin v26.9 - https:\/\/yoast.com\/product\/yoast-seo-wordpress\/ -->\n<title>Obertrumer See - Salzburger Seenland<\/title>\n<meta name=\"description\" content=\"Der Obertrumer See ist mit 4,9 km\u00b2 der gr\u00f6\u00dfte der drei Trumer Seen. Die Mattig durchflie\u00dft von S\u00fcden nach Norden den Obertrumer See und anschlie\u00dfend den Grabensee, der Mattsee entw\u00e4ssert \u00fcber einen Kanal in den Obertrumer See.\" \/>\n<meta name=\"robots\" content=\"noindex, follow, max-snippet:-1, max-image-preview:large, max-video-preview:-1\" \/>\n<meta property=\"og:locale\" content=\"en_GB\" \/>\n<meta property=\"og:type\" content=\"article\" \/>\n<meta property=\"og:title\" content=\"Obertrumer See - Salzburger Seenland\" \/>\n<meta property=\"og:description\" content=\"Der Obertrumer See ist mit 4,9 km\u00b2 der gr\u00f6\u00dfte der drei Trumer Seen. Die Mattig durchflie\u00dft von S\u00fcden nach Norden den Obertrumer See und anschlie\u00dfend den Grabensee, der Mattsee entw\u00e4ssert \u00fcber einen Kanal in den Obertrumer See.\" \/>\n<meta property=\"og:url\" content=\"https:\/\/staging.konzeptionisten.net\/en\/our-lakes\/obertrumer-lake\" \/>\n<meta property=\"og:site_name\" content=\"Salzburger Seenland\" \/>\n<meta property=\"article:modified_time\" content=\"2023-06-03T08:08:23+00:00\" \/>\n<meta property=\"og:image\" content=\"https:\/\/staging.konzeptionisten.net\/wp-content\/uploads\/2023\/04\/Obertrumer-See-scaled.jpg\" \/>\n\t<meta property=\"og:image:width\" content=\"2560\" \/>\n\t<meta property=\"og:image:height\" content=\"1708\" \/>\n\t<meta property=\"og:image:type\" content=\"image\/jpeg\" \/>\n<meta name=\"twitter:card\" content=\"summary_large_image\" \/>\n<meta name=\"twitter:label1\" content=\"Estimated reading time\" \/>\n\t<meta name=\"twitter:data1\" content=\"1 minute\" \/>\n<script type=\"application\/ld+json\" class=\"yoast-schema-graph\">{\"@context\":\"https:\/\/schema.org\",\"@graph\":[{\"@type\":\"WebPage\",\"@id\":\"https:\/\/staging.konzeptionisten.net\/unsere-seen\/obertrumer-see\",\"url\":\"https:\/\/staging.konzeptionisten.net\/unsere-seen\/obertrumer-see\",\"name\":\"Obertrumer See - Salzburger Seenland\",\"isPartOf\":{\"@id\":\"https:\/\/staging.konzeptionisten.net\/#website\"},\"primaryImageOfPage\":{\"@id\":\"https:\/\/staging.konzeptionisten.net\/unsere-seen\/obertrumer-see#primaryimage\"},\"image\":{\"@id\":\"https:\/\/staging.konzeptionisten.net\/unsere-seen\/obertrumer-see#primaryimage\"},\"thumbnailUrl\":\"https:\/\/staging.konzeptionisten.net\/wp-content\/uploads\/2023\/04\/Obertrumer-See-scaled.jpg\",\"datePublished\":\"2023-04-25T06:17:09+00:00\",\"dateModified\":\"2023-06-03T08:08:23+00:00\",\"description\":\"Der Obertrumer See ist mit 4,9 km\u00b2 der gr\u00f6\u00dfte der drei Trumer Seen. Die Mattig durchflie\u00dft von S\u00fcden nach Norden den Obertrumer See und anschlie\u00dfend den Grabensee, der Mattsee entw\u00e4ssert \u00fcber einen Kanal in den Obertrumer See.\",\"breadcrumb\":{\"@id\":\"https:\/\/staging.konzeptionisten.net\/unsere-seen\/obertrumer-see#breadcrumb\"},\"inLanguage\":\"en-GB\",\"potentialAction\":[{\"@type\":\"ReadAction\",\"target\":[\"https:\/\/staging.konzeptionisten.net\/unsere-seen\/obertrumer-see\"]}]},{\"@type\":\"ImageObject\",\"inLanguage\":\"en-GB\",\"@id\":\"https:\/\/staging.konzeptionisten.net\/unsere-seen\/obertrumer-see#primaryimage\",\"url\":\"https:\/\/staging.konzeptionisten.net\/wp-content\/uploads\/2023\/04\/Obertrumer-See-scaled.jpg\",\"contentUrl\":\"https:\/\/staging.konzeptionisten.net\/wp-content\/uploads\/2023\/04\/Obertrumer-See-scaled.jpg\",\"width\":2560,\"height\":1708,\"caption\":\"Obertrumer See\"},{\"@type\":\"BreadcrumbList\",\"@id\":\"https:\/\/staging.konzeptionisten.net\/unsere-seen\/obertrumer-see#breadcrumb\",\"itemListElement\":[{\"@type\":\"ListItem\",\"position\":1,\"name\":\"Startseite\",\"item\":\"https:\/\/staging.konzeptionisten.net\/\"},{\"@type\":\"ListItem\",\"position\":2,\"name\":\"Unsere Seen\",\"item\":\"https:\/\/staging.konzeptionisten.net\/unsere-seen\"},{\"@type\":\"ListItem\",\"position\":3,\"name\":\"Obertrumer See\"}]},{\"@type\":\"WebSite\",\"@id\":\"https:\/\/staging.konzeptionisten.net\/#website\",\"url\":\"https:\/\/staging.konzeptionisten.net\/\",\"name\":\"Salzburger Seenland\",\"description\":\"eintauchen erleben genie\u00dfen\",\"potentialAction\":[{\"@type\":\"SearchAction\",\"target\":{\"@type\":\"EntryPoint\",\"urlTemplate\":\"https:\/\/staging.konzeptionisten.net\/?s={search_term_string}\"},\"query-input\":{\"@type\":\"PropertyValueSpecification\",\"valueRequired\":true,\"valueName\":\"search_term_string\"}}],\"inLanguage\":\"en-GB\"}]}<\/script>\n<!-- \/ Yoast SEO plugin. -->","yoast_head_json":{"title":"Obertrumer See - Salzburg Seenland","description":"The Obertrumer See is the largest of the three Trumer lakes with 4.9 km\u00b2. The Mattig flows from south to north through the Obertrumer See and then the Grabensee, the Mattsee drains into the Obertrumer See via a canal.","robots":{"index":"noindex","follow":"follow","max-snippet":"max-snippet:-1","max-image-preview":"max-image-preview:large","max-video-preview":"max-video-preview:-1"},"og_locale":"en_GB","og_type":"article","og_title":"Obertrumer See - Salzburger Seenland","og_description":"Der Obertrumer See ist mit 4,9 km\u00b2 der gr\u00f6\u00dfte der drei Trumer Seen. Die Mattig durchflie\u00dft von S\u00fcden nach Norden den Obertrumer See und anschlie\u00dfend den Grabensee, der Mattsee entw\u00e4ssert \u00fcber einen Kanal in den Obertrumer See.","og_url":"https:\/\/staging.konzeptionisten.net\/en\/our-lakes\/obertrumer-lake","og_site_name":"Salzburger Seenland","article_modified_time":"2023-06-03T08:08:23+00:00","og_image":[{"width":2560,"height":1708,"url":"https:\/\/staging.konzeptionisten.net\/wp-content\/uploads\/2023\/04\/Obertrumer-See-scaled.jpg","type":"image\/jpeg"}],"twitter_card":"summary_large_image","twitter_misc":{"Estimated reading time":"1 minute"},"schema":{"@context":"https:\/\/schema.org","@graph":[{"@type":"WebPage","@id":"https:\/\/staging.konzeptionisten.net\/unsere-seen\/obertrumer-see","url":"https:\/\/staging.konzeptionisten.net\/unsere-seen\/obertrumer-see","name":"Obertrumer See - Salzburg Seenland","isPartOf":{"@id":"https:\/\/staging.konzeptionisten.net\/#website"},"primaryImageOfPage":{"@id":"https:\/\/staging.konzeptionisten.net\/unsere-seen\/obertrumer-see#primaryimage"},"image":{"@id":"https:\/\/staging.konzeptionisten.net\/unsere-seen\/obertrumer-see#primaryimage"},"thumbnailUrl":"https:\/\/staging.konzeptionisten.net\/wp-content\/uploads\/2023\/04\/Obertrumer-See-scaled.jpg","datePublished":"2023-04-25T06:17:09+00:00","dateModified":"2023-06-03T08:08:23+00:00","description":"The Obertrumer See is the largest of the three Trumer lakes with 4.9 km\u00b2. The Mattig flows from south to north through the Obertrumer See and then the Grabensee, the Mattsee drains into the Obertrumer See via a canal.","breadcrumb":{"@id":"https:\/\/staging.konzeptionisten.net\/unsere-seen\/obertrumer-see#breadcrumb"},"inLanguage":"en-GB","potentialAction":[{"@type":"ReadAction","target":["https:\/\/staging.konzeptionisten.net\/unsere-seen\/obertrumer-see"]}]},{"@type":"ImageObject","inLanguage":"en-GB","@id":"https:\/\/staging.konzeptionisten.net\/unsere-seen\/obertrumer-see#primaryimage","url":"https:\/\/staging.konzeptionisten.net\/wp-content\/uploads\/2023\/04\/Obertrumer-See-scaled.jpg","contentUrl":"https:\/\/staging.konzeptionisten.net\/wp-content\/uploads\/2023\/04\/Obertrumer-See-scaled.jpg","width":2560,"height":1708,"caption":"Obertrumer See"},{"@type":"BreadcrumbList","@id":"https:\/\/staging.konzeptionisten.net\/unsere-seen\/obertrumer-see#breadcrumb","itemListElement":[{"@type":"ListItem","position":1,"name":"Startseite","item":"https:\/\/staging.konzeptionisten.net\/"},{"@type":"ListItem","position":2,"name":"Unsere Seen","item":"https:\/\/staging.konzeptionisten.net\/unsere-seen"},{"@type":"ListItem","position":3,"name":"Obertrumer See"}]},{"@type":"WebSite","@id":"https:\/\/staging.konzeptionisten.net\/#website","url":"https:\/\/staging.konzeptionisten.net\/","name":"Salzburg Seenland","description":"immerse experience enjoy","potentialAction":[{"@type":"SearchAction","target":{"@type":"EntryPoint","urlTemplate":"https:\/\/staging.konzeptionisten.net\/?s={search_term_string}"},"query-input":{"@type":"PropertyValueSpecification","valueRequired":true,"valueName":"search_term_string"}}],"inLanguage":"en-GB"}]}},"_links":{"self":[{"href":"https:\/\/staging.konzeptionisten.net\/en\/wp-json\/wp\/v2\/pages\/356","targetHints":{"allow":["GET"]}}],"collection":[{"href":"https:\/\/staging.konzeptionisten.net\/en\/wp-json\/wp\/v2\/pages"}],"about":[{"href":"https:\/\/staging.konzeptionisten.net\/en\/wp-json\/wp\/v2\/types\/page"}],"author":[{"embeddable":true,"href":"https:\/\/staging.konzeptionisten.net\/en\/wp-json\/wp\/v2\/users\/1"}],"replies":[{"embeddable":true,"href":"https:\/\/staging.konzeptionisten.net\/en\/wp-json\/wp\/v2\/comments?post=356"}],"version-history":[{"count":3,"href":"https:\/\/staging.konzeptionisten.net\/en\/wp-json\/wp\/v2\/pages\/356\/revisions"}],"predecessor-version":[{"id":3648,"href":"https:\/\/staging.konzeptionisten.net\/en\/wp-json\/wp\/v2\/pages\/356\/revisions\/3648"}],"up":[{"embeddable":true,"href":"https:\/\/staging.konzeptionisten.net\/en\/wp-json\/wp\/v2\/pages\/350"}],"wp:featuredmedia":[{"embeddable":true,"href":"https:\/\/staging.konzeptionisten.net\/en\/wp-json\/wp\/v2\/media\/363"}],"wp:attachment":[{"href":"https:\/\/staging.konzeptionisten.net\/en\/wp-json\/wp\/v2\/media?parent=356"}],"curies":[{"name":"wp","href":"https:\/\/api.w.org\/{rel}","templated":true}]}}