{"id":353,"date":"2023-04-25T08:13:39","date_gmt":"2023-04-25T06:13:39","guid":{"rendered":"https:\/\/staging.konzeptionisten.net\/?page_id=353"},"modified":"2023-06-03T10:01:50","modified_gmt":"2023-06-03T08:01:50","slug":"wallersee-2","status":"publish","type":"page","link":"https:\/\/staging.konzeptionisten.net\/en\/our-lakes\/wallersee-2","title":{"rendered":"Wallersee"},"content":{"rendered":"<div class=\"lazyblock-seenland-booking-ZIPJko wp-block-lazyblock-seenland-booking\"><div id=\"bookingform\">\r\n  <h3 class=\"en_GB\">This is where your next holiday begins...<\/h3>\r\n  <div class=\"container\">\r\n  <form  onsubmit=\"return onFormSubmit()\" method=\"get\" action=\"\">\r\n    <div class=\"book-column dates\">\r\n       <div class=\"form-group\">\r\n         <label for=\"selArrivaldate\">Arrival:<\/label>\r\n         <input type=\"date\" class=\"has-datepicker\" id=\"selArrivaldate\" name=\"selArrivaldate\" min=\"2026-04-19\" value=\"2026-04-19\">\r\n       <\/div> \r\n       <span class=\"booking-trenner\">&nbsp; &#8211; &nbsp;<\/span>\r\n       <div class=\"form-group\">\r\n         <label for=\"selDeparturedate\">Departure:<\/label>\r\n         <input type=\"date\" class=\"has-datepicker\" id=\"selDeparturedate\" name=\"selDeparturedate\" value=\"2026-04-26\">\r\n       <\/div> \r\n     <\/div>\r\n      <div class=\"book-column persons\">\r\n     <div class=\"form-group border-left\">\r\n       <label for=\"selAdults\">Adults:<\/label>\r\n       <select id=\"selAdults\" name=\"selAdults\">\r\n        <option value=\"1\">1<\/option>\r\n        <option value=\"2\" selected>2<\/option>\r\n        <option value=\"3\">3<\/option>\r\n        <option value=\"4\">4<\/option>\r\n        <option value=\"5\">5<\/option>\r\n        <option value=\"6\">6<\/option>\r\n        <option value=\"7\">7<\/option>\r\n        <option value=\"8\">8<\/option>\r\n        <option value=\"9\">9<\/option>\r\n        <option value=\"10\">10<\/option>\r\n       <\/select>\r\n     <\/div>\r\n     <div class=\"form-group\">\r\n      <label for=\"selKids\">Children:<\/label>\r\n       <select id=\"selKids\" name=\"selKids\">\r\n        <option value=\"0\" selected>0<\/option>\r\n        <option value=\"1\">1<\/option>\r\n        <option value=\"2\">2<\/option>\r\n        <option value=\"3\">3<\/option>\r\n        <option value=\"4\">4<\/option>\r\n        <option value=\"5\">5<\/option>\r\n        <option value=\"6\">6<\/option>\r\n        <option value=\"7\">7<\/option>\r\n        <option value=\"8\">8<\/option>\r\n        <option value=\"9\">9<\/option>\r\n        <option value=\"10\">10<\/option>\r\n       <\/select> \r\n     <\/div>\r\n    <\/div>\r\n     <div class=\"button-column buttons\">\r\n        <input type=\"hidden\" id=\"selLocation\" name=\"selLocation\" value=\"58c4b89d-25c7-49db-8d5e-8382bbdb57e4\"> \r\n  \t\t  <input type=\"hidden\" id=\"selCategories\" name=\"selCategories\" value=\"\">\r\n  \t\t   <input type=\"hidden\" id=\"rc\" name=\"rc\" value=\"1\">\r\n  \t\t   <input type=\"hidden\" name=\"selNights\" \/>\r\n  \t\t  <input type=\"hidden\" id=\"selNumberofUnits\" name=\"selNumberofUnits\" value=\"1\">\r\n  \t\t  <button class=\"acco-find rounded\" type=\"submit\">Find accommodation<\/button> &nbsp; \r\n  \t\t  <a class=\"req-button rounded\" href=\"https:\/\/staging.konzeptionisten.net\/en\/info#\/quickinquiry\" role=\"button\">Non-binding request<\/a> \r\n      <\/div>\r\n  <input type=\"hidden\" name=\"trp-form-language\" value=\"en\"\/><\/form>\r\n <\/div>\r\n<\/div>\r\n<script src=\"https:\/\/web5.deskline.net\/dwutility.js\" async><\/script>\r\n\r\n<script>\r\n    function onFormSubmit(){\r\n\t\r\n\tvar anreise = new Date(document.getElementsByName('selArrivaldate')[0].value); \/\/console.log(anreise);\r\n\tvar abreise = new Date(document.getElementsByName('selDeparturedate')[0].value); \/\/console.log(abreise);\r\n\tvar erwachsene = document.getElementsByName('selAdults')[0].value; \/\/console.log(erwachsene);\r\n\t\r\n        dw.accommodationQuickFind(\r\n            \/\/ LocalStorageID: \r\n            'seenlandelixhausen',\r\n\r\n            \/\/ Gastdaten\r\n            {\r\n                dateFrom: anreise,\r\n                dateTo: abreise,\r\n                occupancy1:{\r\n                    units:1,\r\n                    adults: erwachsene,\r\n                    children:[]\r\n                }\r\n            },\r\n            function() {\r\n                \/\/ Callback Funktion, Maybe redirecting\r\n                window.location.href = \"en\/info\";\r\n            });\r\n\r\n        return false;\r\n    }\r\n<\/script><\/div>\n\n<div class=\"lazyblock-zweifarbige-uberschrift-Z1nbA55 wp-block-lazyblock-zweifarbige-uberschrift\"><div class=\"container\">\n  <h1 class=\"duo-heading alignleft\">\n  The \n  \n  <span class=\"after-color\">Wallersee<\/span>\n<\/h1>\n<div style=\"clear:both;\"><\/div>\n<\/div><\/div>\n\n\n<p>With its six square kilometres, it is the largest lake in Salzburg Seenlandes.<\/p>\n\n\n\n<p>\"Wallersee\": The name is not derived from the fish, the Wallern or Welsen, which are quite common - but refers to the Middle High German Walchen, which meant \"strangers\". Thus, all Romance peoples south of Bavaria - including the partly Romanceised population of the Alps - were \"strangers\" to the natives.<\/p>\n\n\n\n<p>The <strong>Wenger Moor<\/strong> at the Wallersee - idyllic riparian landscape with dense reed belt is listed as a Natura 2000 European protected area and is habitat for rare water birds, pheasants and beavers, which feel \"pudelwohl\" at the warm and fish-rich Wallersee.<\/p>\n\n\n<div class=\"lazyblock-related-posts-2pobJX wp-block-lazyblock-related-posts\"><div class=\"sase-block light-background\">\r\n  <p>&nbsp;<\/p>\r\n  <div class=\"container\">\r\n   <h2 class=\"duo-heading aligncenter\">\r\n\t\tThe places at the <br> <span class=\"after-color\">Wallersee<\/span>\r\n\t <\/h2> \r\n\t<p class=\"aligncenter\">&nbsp;<\/p>\r\n\t<div class=\"flex-grid\">\r\n\t<div class=\"flex-child col-lg-3\"><div class=\"box-with-text rounded\">\r\n\t\t\t        <a href=\"https:\/\/staging.konzeptionisten.net\/en\/our-places\/henndorf\">\r\n\t\t\t          <img decoding=\"async\" class=\"b-lazy img-responsive wp-image-80\" src=\"data:image\/gif;base64,R0lGODlhAQABAAAAACH5BAEKAAEALAAAAAABAAEAAAICTAEAOw==\" data-src=\"https:\/\/staging.konzeptionisten.net\/wp-content\/uploads\/2023\/05\/SalzburgerSeenland_Henndorf_pilgern_CH.Mandl_-405x240.jpg\" \/>\r\n\t\t\t        <\/a> \r\n\t\t\t        <div class=\"box-text-content\">\r\n\t\t\t          <h3><a href=\"https:\/\/staging.konzeptionisten.net\/en\/our-places\/henndorf\">Henndorf am Wallersee<\/a><\/h3>\r\n\t\t\t          <p><\/p>\r\n\t\t\t        <\/div>\r\n\t\t\t     <\/div><\/div><div class=\"flex-child col-lg-3\"><div class=\"box-with-text rounded\">\r\n\t\t\t        <a href=\"https:\/\/staging.konzeptionisten.net\/en\/our-places\/neumarkt-am-wallersee\">\r\n\t\t\t          <img decoding=\"async\" class=\"b-lazy img-responsive wp-image-299\" src=\"data:image\/gif;base64,R0lGODlhAQABAAAAACH5BAEKAAEALAAAAAABAAEAAAICTAEAOw==\" data-src=\"https:\/\/staging.konzeptionisten.net\/wp-content\/uploads\/2023\/04\/c_Neumarkt_Stadt-Neumarkt-2014-09-17-8259_kl-405x240.jpg\" \/>\r\n\t\t\t        <\/a> \r\n\t\t\t        <div class=\"box-text-content\">\r\n\t\t\t          <h3><a href=\"https:\/\/staging.konzeptionisten.net\/en\/our-places\/neumarkt-am-wallersee\">New market on Wallersee<\/a><\/h3>\r\n\t\t\t          <p><\/p>\r\n\t\t\t        <\/div>\r\n\t\t\t     <\/div><\/div><div class=\"flex-child col-lg-3\"><div class=\"box-with-text rounded\">\r\n\t\t\t        <a href=\"https:\/\/staging.konzeptionisten.net\/en\/our-places\/seekirchen-am-wallersee\">\r\n\t\t\t          <img decoding=\"async\" class=\"b-lazy img-responsive wp-image-76\" src=\"data:image\/gif;base64,R0lGODlhAQABAAAAACH5BAEKAAEALAAAAAABAAEAAAICTAEAOw==\" data-src=\"https:\/\/staging.konzeptionisten.net\/wp-content\/uploads\/2023\/04\/csm_Ortsinfo__c__Ernest_Stierschneider_I.jpeg_7b98d10ac9-1-405x240.jpg\" \/>\r\n\t\t\t        <\/a> \r\n\t\t\t        <div class=\"box-text-content\">\r\n\t\t\t          <h3><a href=\"https:\/\/staging.konzeptionisten.net\/en\/our-places\/seekirchen-am-wallersee\">Seekirchen am Wallersee<\/a><\/h3>\r\n\t\t\t          <p><\/p>\r\n\t\t\t        <\/div>\r\n\t\t\t     <\/div><\/div><div class=\"flex-child col-lg-3\"><div class=\"box-with-text rounded\">\r\n\t\t\t        <a href=\"https:\/\/staging.konzeptionisten.net\/en\/our-places\/koestendorf-near-salzburg\">\r\n\t\t\t          <img decoding=\"async\" class=\"b-lazy img-responsive wp-image-293\" src=\"data:image\/gif;base64,R0lGODlhAQABAAAAACH5BAEKAAEALAAAAAABAAEAAAICTAEAOw==\" data-src=\"https:\/\/staging.konzeptionisten.net\/wp-content\/uploads\/2023\/04\/Koestendorf-04-llI-405x240.jpg\" \/>\r\n\t\t\t        <\/a> \r\n\t\t\t        <div class=\"box-text-content\">\r\n\t\t\t          <h3><a href=\"https:\/\/staging.konzeptionisten.net\/en\/our-places\/koestendorf-near-salzburg\">K\u00f6stendorf near Salzburg<\/a><\/h3>\r\n\t\t\t          <p><\/p>\r\n\t\t\t        <\/div>\r\n\t\t\t     <\/div><\/div> \r\n\t<\/div>\r\n  <p style=\"clear:both;\">&nbsp;<br \/><br \/><\/p>\r\n<\/div>\r\n<\/div><\/div>","protected":false},"excerpt":{"rendered":"<p>At six square kilometres, it is the largest lake in Salzburg's Seenland. \"Wallersee\": The name does not come from the fish, the Waller or Welsh, which are quite common - but refers to the Middle High German Walchen, which meant \"foreigners\". All Romance peoples south of Bavaria - including the partly Romanised population of the [...]<\/p>","protected":false},"author":1,"featured_media":357,"parent":350,"menu_order":0,"comment_status":"closed","ping_status":"closed","template":"","meta":{"footnotes":""},"class_list":["post-353","page","type-page","status-publish","has-post-thumbnail","hentry"],"yoast_head":"<!-- This site is optimized with the Yoast SEO plugin v26.9 - https:\/\/yoast.com\/product\/yoast-seo-wordpress\/ -->\n<title>Wallersee - Salzburger Seenland<\/title>\n<meta name=\"description\" content=\"Mit seiner sechs Quadratkilometer gro\u00dfen Wasserfl\u00e4che ist der Wallersee der gr\u00f6\u00dfte See des Salzburger Seenlandes. Gro\u00dfe Teile des K\u00f6stendorfer Anteils am See entfallen auf das Naturschutzgebiet\u00a0Wenger Moor. Auch die Schilfg\u00fcrtel entlang des Sees stehen unter Naturschutz.\" \/>\n<meta name=\"robots\" content=\"noindex, follow, max-snippet:-1, max-image-preview:large, max-video-preview:-1\" \/>\n<meta property=\"og:locale\" content=\"en_GB\" \/>\n<meta property=\"og:type\" content=\"article\" \/>\n<meta property=\"og:title\" content=\"Wallersee - Salzburger Seenland\" \/>\n<meta property=\"og:description\" content=\"Mit seiner sechs Quadratkilometer gro\u00dfen Wasserfl\u00e4che ist der Wallersee der gr\u00f6\u00dfte See des Salzburger Seenlandes. Gro\u00dfe Teile des K\u00f6stendorfer Anteils am See entfallen auf das Naturschutzgebiet\u00a0Wenger Moor. Auch die Schilfg\u00fcrtel entlang des Sees stehen unter Naturschutz.\" \/>\n<meta property=\"og:url\" content=\"https:\/\/staging.konzeptionisten.net\/en\/our-lakes\/wallersee-2\" \/>\n<meta property=\"og:site_name\" content=\"Salzburger Seenland\" \/>\n<meta property=\"article:modified_time\" content=\"2023-06-03T08:01:50+00:00\" \/>\n<meta property=\"og:image\" content=\"https:\/\/staging.konzeptionisten.net\/wp-content\/uploads\/2023\/04\/Wenger_Moor_01_StefanSchwab-kl_Wallersee-scaled.jpg\" \/>\n\t<meta property=\"og:image:width\" content=\"2560\" \/>\n\t<meta property=\"og:image:height\" content=\"1707\" \/>\n\t<meta property=\"og:image:type\" content=\"image\/jpeg\" \/>\n<meta name=\"twitter:card\" content=\"summary_large_image\" \/>\n<meta name=\"twitter:label1\" content=\"Estimated reading time\" \/>\n\t<meta name=\"twitter:data1\" content=\"1 minute\" \/>\n<script type=\"application\/ld+json\" class=\"yoast-schema-graph\">{\"@context\":\"https:\/\/schema.org\",\"@graph\":[{\"@type\":\"WebPage\",\"@id\":\"https:\/\/staging.konzeptionisten.net\/unsere-seen\/wallersee\",\"url\":\"https:\/\/staging.konzeptionisten.net\/unsere-seen\/wallersee\",\"name\":\"Wallersee - Salzburger Seenland\",\"isPartOf\":{\"@id\":\"https:\/\/staging.konzeptionisten.net\/#website\"},\"primaryImageOfPage\":{\"@id\":\"https:\/\/staging.konzeptionisten.net\/unsere-seen\/wallersee#primaryimage\"},\"image\":{\"@id\":\"https:\/\/staging.konzeptionisten.net\/unsere-seen\/wallersee#primaryimage\"},\"thumbnailUrl\":\"https:\/\/staging.konzeptionisten.net\/wp-content\/uploads\/2023\/04\/Wenger_Moor_01_StefanSchwab-kl_Wallersee-scaled.jpg\",\"datePublished\":\"2023-04-25T06:13:39+00:00\",\"dateModified\":\"2023-06-03T08:01:50+00:00\",\"description\":\"Mit seiner sechs Quadratkilometer gro\u00dfen Wasserfl\u00e4che ist der Wallersee der gr\u00f6\u00dfte See des Salzburger Seenlandes. Gro\u00dfe Teile des K\u00f6stendorfer Anteils am See entfallen auf das Naturschutzgebiet\u00a0Wenger Moor. Auch die Schilfg\u00fcrtel entlang des Sees stehen unter Naturschutz.\",\"breadcrumb\":{\"@id\":\"https:\/\/staging.konzeptionisten.net\/unsere-seen\/wallersee#breadcrumb\"},\"inLanguage\":\"en-GB\",\"potentialAction\":[{\"@type\":\"ReadAction\",\"target\":[\"https:\/\/staging.konzeptionisten.net\/unsere-seen\/wallersee\"]}]},{\"@type\":\"ImageObject\",\"inLanguage\":\"en-GB\",\"@id\":\"https:\/\/staging.konzeptionisten.net\/unsere-seen\/wallersee#primaryimage\",\"url\":\"https:\/\/staging.konzeptionisten.net\/wp-content\/uploads\/2023\/04\/Wenger_Moor_01_StefanSchwab-kl_Wallersee-scaled.jpg\",\"contentUrl\":\"https:\/\/staging.konzeptionisten.net\/wp-content\/uploads\/2023\/04\/Wenger_Moor_01_StefanSchwab-kl_Wallersee-scaled.jpg\",\"width\":2560,\"height\":1707,\"caption\":\"Naturschutzgebiet Wenger Moor Wallersee (c) Stefan Schwab\"},{\"@type\":\"BreadcrumbList\",\"@id\":\"https:\/\/staging.konzeptionisten.net\/unsere-seen\/wallersee#breadcrumb\",\"itemListElement\":[{\"@type\":\"ListItem\",\"position\":1,\"name\":\"Startseite\",\"item\":\"https:\/\/staging.konzeptionisten.net\/\"},{\"@type\":\"ListItem\",\"position\":2,\"name\":\"Unsere Seen\",\"item\":\"https:\/\/staging.konzeptionisten.net\/unsere-seen\"},{\"@type\":\"ListItem\",\"position\":3,\"name\":\"Wallersee\"}]},{\"@type\":\"WebSite\",\"@id\":\"https:\/\/staging.konzeptionisten.net\/#website\",\"url\":\"https:\/\/staging.konzeptionisten.net\/\",\"name\":\"Salzburger Seenland\",\"description\":\"eintauchen erleben genie\u00dfen\",\"potentialAction\":[{\"@type\":\"SearchAction\",\"target\":{\"@type\":\"EntryPoint\",\"urlTemplate\":\"https:\/\/staging.konzeptionisten.net\/?s={search_term_string}\"},\"query-input\":{\"@type\":\"PropertyValueSpecification\",\"valueRequired\":true,\"valueName\":\"search_term_string\"}}],\"inLanguage\":\"en-GB\"}]}<\/script>\n<!-- \/ Yoast SEO plugin. -->","yoast_head_json":{"title":"Wallersee - Salzburg Seenland","description":"With its six square kilometre water surface, the Wallersee is the largest lake in Salzburg's Seenland. Large parts of the K\u00f6stendorf portion of the lake fall within the Wenger Moor nature reserve. The reed belts along the lake are also protected.","robots":{"index":"noindex","follow":"follow","max-snippet":"max-snippet:-1","max-image-preview":"max-image-preview:large","max-video-preview":"max-video-preview:-1"},"og_locale":"en_GB","og_type":"article","og_title":"Wallersee - Salzburger Seenland","og_description":"Mit seiner sechs Quadratkilometer gro\u00dfen Wasserfl\u00e4che ist der Wallersee der gr\u00f6\u00dfte See des Salzburger Seenlandes. Gro\u00dfe Teile des K\u00f6stendorfer Anteils am See entfallen auf das Naturschutzgebiet\u00a0Wenger Moor. Auch die Schilfg\u00fcrtel entlang des Sees stehen unter Naturschutz.","og_url":"https:\/\/staging.konzeptionisten.net\/en\/our-lakes\/wallersee-2","og_site_name":"Salzburger Seenland","article_modified_time":"2023-06-03T08:01:50+00:00","og_image":[{"width":2560,"height":1707,"url":"https:\/\/staging.konzeptionisten.net\/wp-content\/uploads\/2023\/04\/Wenger_Moor_01_StefanSchwab-kl_Wallersee-scaled.jpg","type":"image\/jpeg"}],"twitter_card":"summary_large_image","twitter_misc":{"Estimated reading time":"1 minute"},"schema":{"@context":"https:\/\/schema.org","@graph":[{"@type":"WebPage","@id":"https:\/\/staging.konzeptionisten.net\/unsere-seen\/wallersee","url":"https:\/\/staging.konzeptionisten.net\/unsere-seen\/wallersee","name":"Wallersee - Salzburg Seenland","isPartOf":{"@id":"https:\/\/staging.konzeptionisten.net\/#website"},"primaryImageOfPage":{"@id":"https:\/\/staging.konzeptionisten.net\/unsere-seen\/wallersee#primaryimage"},"image":{"@id":"https:\/\/staging.konzeptionisten.net\/unsere-seen\/wallersee#primaryimage"},"thumbnailUrl":"https:\/\/staging.konzeptionisten.net\/wp-content\/uploads\/2023\/04\/Wenger_Moor_01_StefanSchwab-kl_Wallersee-scaled.jpg","datePublished":"2023-04-25T06:13:39+00:00","dateModified":"2023-06-03T08:01:50+00:00","description":"With its six square kilometre water surface, the Wallersee is the largest lake in Salzburg's Seenland. Large parts of the K\u00f6stendorf portion of the lake fall within the Wenger Moor nature reserve. The reed belts along the lake are also protected.","breadcrumb":{"@id":"https:\/\/staging.konzeptionisten.net\/unsere-seen\/wallersee#breadcrumb"},"inLanguage":"en-GB","potentialAction":[{"@type":"ReadAction","target":["https:\/\/staging.konzeptionisten.net\/unsere-seen\/wallersee"]}]},{"@type":"ImageObject","inLanguage":"en-GB","@id":"https:\/\/staging.konzeptionisten.net\/unsere-seen\/wallersee#primaryimage","url":"https:\/\/staging.konzeptionisten.net\/wp-content\/uploads\/2023\/04\/Wenger_Moor_01_StefanSchwab-kl_Wallersee-scaled.jpg","contentUrl":"https:\/\/staging.konzeptionisten.net\/wp-content\/uploads\/2023\/04\/Wenger_Moor_01_StefanSchwab-kl_Wallersee-scaled.jpg","width":2560,"height":1707,"caption":"Naturschutzgebiet Wenger Moor Wallersee (c) Stefan Schwab"},{"@type":"BreadcrumbList","@id":"https:\/\/staging.konzeptionisten.net\/unsere-seen\/wallersee#breadcrumb","itemListElement":[{"@type":"ListItem","position":1,"name":"Startseite","item":"https:\/\/staging.konzeptionisten.net\/"},{"@type":"ListItem","position":2,"name":"Unsere Seen","item":"https:\/\/staging.konzeptionisten.net\/unsere-seen"},{"@type":"ListItem","position":3,"name":"Wallersee"}]},{"@type":"WebSite","@id":"https:\/\/staging.konzeptionisten.net\/#website","url":"https:\/\/staging.konzeptionisten.net\/","name":"Salzburg Seenland","description":"immerse experience enjoy","potentialAction":[{"@type":"SearchAction","target":{"@type":"EntryPoint","urlTemplate":"https:\/\/staging.konzeptionisten.net\/?s={search_term_string}"},"query-input":{"@type":"PropertyValueSpecification","valueRequired":true,"valueName":"search_term_string"}}],"inLanguage":"en-GB"}]}},"_links":{"self":[{"href":"https:\/\/staging.konzeptionisten.net\/en\/wp-json\/wp\/v2\/pages\/353","targetHints":{"allow":["GET"]}}],"collection":[{"href":"https:\/\/staging.konzeptionisten.net\/en\/wp-json\/wp\/v2\/pages"}],"about":[{"href":"https:\/\/staging.konzeptionisten.net\/en\/wp-json\/wp\/v2\/types\/page"}],"author":[{"embeddable":true,"href":"https:\/\/staging.konzeptionisten.net\/en\/wp-json\/wp\/v2\/users\/1"}],"replies":[{"embeddable":true,"href":"https:\/\/staging.konzeptionisten.net\/en\/wp-json\/wp\/v2\/comments?post=353"}],"version-history":[{"count":5,"href":"https:\/\/staging.konzeptionisten.net\/en\/wp-json\/wp\/v2\/pages\/353\/revisions"}],"predecessor-version":[{"id":3644,"href":"https:\/\/staging.konzeptionisten.net\/en\/wp-json\/wp\/v2\/pages\/353\/revisions\/3644"}],"up":[{"embeddable":true,"href":"https:\/\/staging.konzeptionisten.net\/en\/wp-json\/wp\/v2\/pages\/350"}],"wp:featuredmedia":[{"embeddable":true,"href":"https:\/\/staging.konzeptionisten.net\/en\/wp-json\/wp\/v2\/media\/357"}],"wp:attachment":[{"href":"https:\/\/staging.konzeptionisten.net\/en\/wp-json\/wp\/v2\/media?parent=353"}],"curies":[{"name":"wp","href":"https:\/\/api.w.org\/{rel}","templated":true}]}}