{"id":2135,"date":"2023-05-16T18:15:22","date_gmt":"2023-05-16T16:15:22","guid":{"rendered":"https:\/\/staging.konzeptionisten.net\/?page_id=2135"},"modified":"2024-07-18T11:49:57","modified_gmt":"2024-07-18T09:49:57","slug":"public-transport","status":"publish","type":"page","link":"https:\/\/staging.konzeptionisten.net\/en\/service\/public-transport","title":{"rendered":"Public transport"},"content":{"rendered":"<div class=\"lazyblock-zweifarbige-uberschrift-Z1ro5Hz wp-block-lazyblock-zweifarbige-uberschrift\"><div class=\"container\">\n  <h1 class=\"duo-heading alignleft\">\n  With the public transport to the \n  <br>\n  <span class=\"after-color\">Salzburg Seenland<\/span>\n<\/h1>\n<div style=\"clear:both;\"><\/div>\n<\/div><\/div>\n\n\n<div class=\"wp-block-columns is-layout-flex wp-container-core-columns-is-layout-28f84493 wp-block-columns-is-layout-flex\">\n<div class=\"wp-block-column is-layout-flow wp-block-column-is-layout-flow\">\n<p>Thanks to the well-developed network of the <strong>Salzburg Transport Association<\/strong> (this is the name of Salzburg's public transport system) you can leave your car behind and discover Salzburg Seenland by public transport.<\/p>\n\n\n\n<p>Simply fill out the form on the right. Please do not use umlauts and special characters. (instead of \"\u00df\" - \"ss\", instead of \"\u00e4\" - \"ae\", etc.).<\/p>\n<\/div>\n\n\n\n<div class=\"wp-block-column is-layout-flow wp-block-column-is-layout-flow\">\n<style>#hfmap_div_0_HFS_time_REQ0, #hfmap_div_0_HFS_date_REQ0{padding:0 !important;}<\/style>\n    <figure>\n      <script type='text\/javascript' src='\/\/fahrplan.salzburg-verkehr.at\/bin\/query.exe\/dny?tpl=mapwidget&#038;customer=vs_svv&#038;L=vs_svv&#038;customer=vs_svv&#038;tpOnly'><\/script><div class='HafasMapWidget' style='width:400px;height:250px;'><input class='mapWidgetJourneyPlanner' type='hidden' value=''\/><input class='mapWidgetTPSize' type='hidden' value='400;250'><input class='mapWidgetCustomer' type='hidden' value='vs_svv'\/><input class='mapWidgetPOISet' type='hidden' value='14,PR,19|20,26'\/><input class='mapWidgetMOTSet' type='hidden' value='2635'\/><input class='mapWidgetInputPos' type='hidden' value='below'\/><input class='mapWidgetJourneyMode' type='hidden' value='dep'\/><\/div>\n    <\/figure>\n<\/div>\n<\/div>\n\n\n\n<div class=\"wp-block-columns is-layout-flex wp-container-core-columns-is-layout-28f84493 wp-block-columns-is-layout-flex\">\n<div class=\"wp-block-column is-layout-flow wp-block-column-is-layout-flow\">\n<h2 class=\"wp-block-heading\"><strong>By bus<\/strong> or the <strong>Railway<\/strong><\/h2>\n\n\n\n<form action=\"https:\/\/fahrplan.oebb.at\/bin\/query.exe\/dn\" method=\"post\" target=\"quickquerywindow\" id=\"quickquery\">\n  <table border=\"0\" cellpadding=\"1\" cellspacing=\"0\">\n    <tbody><tr>\n      <td height=\"0\"><table width=\"100%\" border=\"0\" cellpadding=\"2\" cellspacing=\"2\" bordercolor=\"#CCCCCC\">\n        \n        <tbody><tr bgcolor=\"#346337\">\n          <td bgcolor=\"#DDDDDD\"><strong>Departure station \/ stop<\/strong><\/td>\n          <td bgcolor=\"#DDDDDD\"><strong>Destination station \/ stop<\/strong><\/td>\n        <\/tr>\n        <tr>\n          <td bordercolor=\"#FFFFFF\"><b class=\"content\">From:<\/b>\n                <input name=\"from\" id=\"from2\" size=\"20\"><\/td>\n<td bordercolor=\"#FFFFFF\"><b>After: <\/b>\n                <select name=\"to\" id=\"to\">\n                  <option value=\"Berndorf b. Salzburg\">Berndorf<\/option>\n                  <option value=\"Henndorf a. Wallersee\">Henndorf<\/option>\n                  <option value=\"K\u00f6stendorf\">K\u00f6stendorf<\/option>\n                  <option value=\"Lochen\">Punching<\/option>\n                  <option value=\"Mattsee\">Mattsee<\/option>\n                  <option value=\"Neumarkt a. Wallersee\">Neumarkt<\/option>\n                  <option value=\"Obertrum a. See\">Obertrum on the lake<\/option>\n                  <option value=\"Perwang\">Perwang<\/option>\n                  <option value=\"Schleedorf\">Schleedorf<\/option>\n                  <option value=\"Seeham\">Seeham<\/option>\n                  <option value=\"Seekirchen a. Wallersee\">Seekirchen<\/option>\n                  <option value=\"Strasswalchen\">Strasswalchen<\/option>\n                  <option value=\"Oberndorf\">Oberndorf<\/option>\n              <\/select><\/td>\n        <\/tr>\n        <tr bgcolor=\"#346337\">\n          <td colspan=\"2\" bordercolor=\"#FFFFFF\" bgcolor=\"#DDDDDD\"><strong>Departure \/ Arrival<\/strong><\/td>\n        <\/tr>\n        <tr>\n          <td colspan=\"2\" align=\"center\"><table width=\"100%\" border=\"0\" cellpadding=\"1\" cellspacing=\"1\">\n            <tbody><tr>\n              <td align=\"right\"><b>Date:<\/b><\/td>\n              <td align=\"left\"><input name=\"date\" type=\"text\" value=\"dd.mm.jjj\" size=\"10\"><\/td>\n              <td><input type=\"radio\" name=\"timesel\" value=\"depart\" checked=\"checked\">\n                      <b>Departure<\/b><\/td>\n              <td>&nbsp;<\/td>\n            <\/tr>\n            <tr>\n              <td align=\"right\"><b>Time:<\/b><\/td>\n              <td align=\"left\"><input name=\"time\" type=\"text\" value=\"hh:mm\" size=\"5\"><\/td>\n              <td><input type=\"radio\" name=\"timesel\" value=\"arrive\">\n                      <b>Arrival<\/b><\/td>\n              <td align=\"right\"><input type=\"submit\" name=\"start\" value=\"Search\" border=\"0\"><\/td>\n            <\/tr>\n          <\/tbody><\/table><\/td>\n        <\/tr>\n      <\/tbody><\/table><\/td>\n    <\/tr>\n  <\/tbody><\/table>\n<\/form>\n<\/div>\n\n\n\n<div class=\"wp-block-column is-layout-flow wp-block-column-is-layout-flow\"><figure class=\"wp-block-post-featured-image\"><img loading=\"lazy\" decoding=\"async\" width=\"600\" height=\"425\" src=\"https:\/\/staging.konzeptionisten.net\/wp-content\/uploads\/2023\/05\/SVV-Netzplan-A4Q-Mattsee.jpg\" class=\"attachment-post-thumbnail size-post-thumbnail b-lazy wp-post-image\" alt=\"Overview Public Transport Region Salzburg Seenland - Salzburger Verkehsverbund\" style=\"object-fit:cover;\" srcset=\"https:\/\/staging.konzeptionisten.net\/wp-content\/uploads\/2023\/05\/SVV-Netzplan-A4Q-Mattsee.jpg 600w, https:\/\/staging.konzeptionisten.net\/wp-content\/uploads\/2023\/05\/SVV-Netzplan-A4Q-Mattsee-300x213.jpg 300w, https:\/\/staging.konzeptionisten.net\/wp-content\/uploads\/2023\/05\/SVV-Netzplan-A4Q-Mattsee-350x248.jpg 350w\" sizes=\"auto, (max-width: 600px) 100vw, 600px\" data-src=\"https:\/\/staging.konzeptionisten.net\/wp-content\/uploads\/2023\/05\/SVV-Netzplan-A4Q-Mattsee.jpg\" \/><\/figure><\/div>\n<\/div>","protected":false},"excerpt":{"rendered":"<p>Thanks to the well-developed network of Salzburg's public transport system, you can leave your car behind and discover Salzburg's Seenland by public transport. Simply fill in the form on the right. Please do not use umlauts and special characters. (instead of \"\u00df\" - \"ss\", instead of \"\u00e4\" - \"ae\", etc.) By bus or [...]<\/p>","protected":false},"author":1,"featured_media":2148,"parent":918,"menu_order":0,"comment_status":"closed","ping_status":"closed","template":"page-no-hero.php","meta":{"footnotes":""},"class_list":["post-2135","page","type-page","status-publish","has-post-thumbnail","hentry"],"yoast_head":"<!-- This site is optimized with the Yoast SEO plugin v26.9 - https:\/\/yoast.com\/product\/yoast-seo-wordpress\/ -->\n<title>\u00d6ffentlicher Verkehr - Salzburger Seenland<\/title>\n<meta name=\"description\" content=\"Durch das gut ausgebaute Netz des Salzburger Verkehrsverbundes (so hei\u00dft der Salzburger \u00d6PNV) k\u00f6nnen Sie Ihr Auto stehen lassen und das Salzburger Seenland mit den \u00f6ffentlichen Verkehrsmitteln entdecken.\" \/>\n<meta name=\"robots\" content=\"noindex, follow, max-snippet:-1, max-image-preview:large, max-video-preview:-1\" \/>\n<meta property=\"og:locale\" content=\"en_GB\" \/>\n<meta property=\"og:type\" content=\"article\" \/>\n<meta property=\"og:title\" content=\"\u00d6ffentlicher Verkehr - Salzburger Seenland\" \/>\n<meta property=\"og:description\" content=\"Durch das gut ausgebaute Netz des Salzburger Verkehrsverbundes (so hei\u00dft der Salzburger \u00d6PNV) k\u00f6nnen Sie Ihr Auto stehen lassen und das Salzburger Seenland mit den \u00f6ffentlichen Verkehrsmitteln entdecken.\" \/>\n<meta property=\"og:url\" content=\"https:\/\/staging.konzeptionisten.net\/en\/service\/public-transport\" \/>\n<meta property=\"og:site_name\" content=\"Salzburger Seenland\" \/>\n<meta property=\"article:modified_time\" content=\"2024-07-18T09:49:57+00:00\" \/>\n<meta property=\"og:image\" content=\"https:\/\/staging.konzeptionisten.net\/wp-content\/uploads\/2023\/05\/SVV-Netzplan-A4Q-Mattsee.jpg\" \/>\n\t<meta property=\"og:image:width\" content=\"600\" \/>\n\t<meta property=\"og:image:height\" content=\"425\" \/>\n\t<meta property=\"og:image:type\" content=\"image\/jpeg\" \/>\n<meta name=\"twitter:card\" content=\"summary_large_image\" \/>\n<meta name=\"twitter:label1\" content=\"Estimated reading time\" \/>\n\t<meta name=\"twitter:data1\" content=\"1 minute\" \/>\n<script type=\"application\/ld+json\" class=\"yoast-schema-graph\">{\"@context\":\"https:\/\/schema.org\",\"@graph\":[{\"@type\":\"WebPage\",\"@id\":\"https:\/\/staging.konzeptionisten.net\/service\/oeffentlicher-verkehr\",\"url\":\"https:\/\/staging.konzeptionisten.net\/service\/oeffentlicher-verkehr\",\"name\":\"\u00d6ffentlicher Verkehr - Salzburger Seenland\",\"isPartOf\":{\"@id\":\"https:\/\/staging.konzeptionisten.net\/#website\"},\"primaryImageOfPage\":{\"@id\":\"https:\/\/staging.konzeptionisten.net\/service\/oeffentlicher-verkehr#primaryimage\"},\"image\":{\"@id\":\"https:\/\/staging.konzeptionisten.net\/service\/oeffentlicher-verkehr#primaryimage\"},\"thumbnailUrl\":\"https:\/\/staging.konzeptionisten.net\/wp-content\/uploads\/2023\/05\/SVV-Netzplan-A4Q-Mattsee.jpg\",\"datePublished\":\"2023-05-16T16:15:22+00:00\",\"dateModified\":\"2024-07-18T09:49:57+00:00\",\"description\":\"Durch das gut ausgebaute Netz des Salzburger Verkehrsverbundes (so hei\u00dft der Salzburger \u00d6PNV) k\u00f6nnen Sie Ihr Auto stehen lassen und das Salzburger Seenland mit den \u00f6ffentlichen Verkehrsmitteln entdecken.\",\"breadcrumb\":{\"@id\":\"https:\/\/staging.konzeptionisten.net\/service\/oeffentlicher-verkehr#breadcrumb\"},\"inLanguage\":\"en-GB\",\"potentialAction\":[{\"@type\":\"ReadAction\",\"target\":[\"https:\/\/staging.konzeptionisten.net\/service\/oeffentlicher-verkehr\"]}]},{\"@type\":\"ImageObject\",\"inLanguage\":\"en-GB\",\"@id\":\"https:\/\/staging.konzeptionisten.net\/service\/oeffentlicher-verkehr#primaryimage\",\"url\":\"https:\/\/staging.konzeptionisten.net\/wp-content\/uploads\/2023\/05\/SVV-Netzplan-A4Q-Mattsee.jpg\",\"contentUrl\":\"https:\/\/staging.konzeptionisten.net\/wp-content\/uploads\/2023\/05\/SVV-Netzplan-A4Q-Mattsee.jpg\",\"width\":600,\"height\":425,\"caption\":\"\u00dcbersicht \u00d6PNV Region Salzburger Seenland - Salzburger Verkehsverbund\"},{\"@type\":\"BreadcrumbList\",\"@id\":\"https:\/\/staging.konzeptionisten.net\/service\/oeffentlicher-verkehr#breadcrumb\",\"itemListElement\":[{\"@type\":\"ListItem\",\"position\":1,\"name\":\"Startseite\",\"item\":\"https:\/\/staging.konzeptionisten.net\/\"},{\"@type\":\"ListItem\",\"position\":2,\"name\":\"Service\",\"item\":\"https:\/\/staging.konzeptionisten.net\/service\"},{\"@type\":\"ListItem\",\"position\":3,\"name\":\"\u00d6ffentlicher Verkehr\"}]},{\"@type\":\"WebSite\",\"@id\":\"https:\/\/staging.konzeptionisten.net\/#website\",\"url\":\"https:\/\/staging.konzeptionisten.net\/\",\"name\":\"Salzburger Seenland\",\"description\":\"eintauchen erleben genie\u00dfen\",\"potentialAction\":[{\"@type\":\"SearchAction\",\"target\":{\"@type\":\"EntryPoint\",\"urlTemplate\":\"https:\/\/staging.konzeptionisten.net\/?s={search_term_string}\"},\"query-input\":{\"@type\":\"PropertyValueSpecification\",\"valueRequired\":true,\"valueName\":\"search_term_string\"}}],\"inLanguage\":\"en-GB\"}]}<\/script>\n<!-- \/ Yoast SEO plugin. -->","yoast_head_json":{"title":"Public transport - Salzburg Seenland","description":"Thanks to the well-developed network of the Salzburg Transport Association (this is the name of Salzburg's public transport system), you can leave your car behind and discover Salzburg Seenland by public transport.","robots":{"index":"noindex","follow":"follow","max-snippet":"max-snippet:-1","max-image-preview":"max-image-preview:large","max-video-preview":"max-video-preview:-1"},"og_locale":"en_GB","og_type":"article","og_title":"\u00d6ffentlicher Verkehr - Salzburger Seenland","og_description":"Durch das gut ausgebaute Netz des Salzburger Verkehrsverbundes (so hei\u00dft der Salzburger \u00d6PNV) k\u00f6nnen Sie Ihr Auto stehen lassen und das Salzburger Seenland mit den \u00f6ffentlichen Verkehrsmitteln entdecken.","og_url":"https:\/\/staging.konzeptionisten.net\/en\/service\/public-transport","og_site_name":"Salzburger Seenland","article_modified_time":"2024-07-18T09:49:57+00:00","og_image":[{"width":600,"height":425,"url":"https:\/\/staging.konzeptionisten.net\/wp-content\/uploads\/2023\/05\/SVV-Netzplan-A4Q-Mattsee.jpg","type":"image\/jpeg"}],"twitter_card":"summary_large_image","twitter_misc":{"Estimated reading time":"1 minute"},"schema":{"@context":"https:\/\/schema.org","@graph":[{"@type":"WebPage","@id":"https:\/\/staging.konzeptionisten.net\/service\/oeffentlicher-verkehr","url":"https:\/\/staging.konzeptionisten.net\/service\/oeffentlicher-verkehr","name":"Public transport - Salzburg Seenland","isPartOf":{"@id":"https:\/\/staging.konzeptionisten.net\/#website"},"primaryImageOfPage":{"@id":"https:\/\/staging.konzeptionisten.net\/service\/oeffentlicher-verkehr#primaryimage"},"image":{"@id":"https:\/\/staging.konzeptionisten.net\/service\/oeffentlicher-verkehr#primaryimage"},"thumbnailUrl":"https:\/\/staging.konzeptionisten.net\/wp-content\/uploads\/2023\/05\/SVV-Netzplan-A4Q-Mattsee.jpg","datePublished":"2023-05-16T16:15:22+00:00","dateModified":"2024-07-18T09:49:57+00:00","description":"Thanks to the well-developed network of the Salzburg Transport Association (this is the name of Salzburg's public transport system), you can leave your car behind and discover Salzburg Seenland by public transport.","breadcrumb":{"@id":"https:\/\/staging.konzeptionisten.net\/service\/oeffentlicher-verkehr#breadcrumb"},"inLanguage":"en-GB","potentialAction":[{"@type":"ReadAction","target":["https:\/\/staging.konzeptionisten.net\/service\/oeffentlicher-verkehr"]}]},{"@type":"ImageObject","inLanguage":"en-GB","@id":"https:\/\/staging.konzeptionisten.net\/service\/oeffentlicher-verkehr#primaryimage","url":"https:\/\/staging.konzeptionisten.net\/wp-content\/uploads\/2023\/05\/SVV-Netzplan-A4Q-Mattsee.jpg","contentUrl":"https:\/\/staging.konzeptionisten.net\/wp-content\/uploads\/2023\/05\/SVV-Netzplan-A4Q-Mattsee.jpg","width":600,"height":425,"caption":"\u00dcbersicht \u00d6PNV Region Salzburger Seenland - Salzburger Verkehsverbund"},{"@type":"BreadcrumbList","@id":"https:\/\/staging.konzeptionisten.net\/service\/oeffentlicher-verkehr#breadcrumb","itemListElement":[{"@type":"ListItem","position":1,"name":"Startseite","item":"https:\/\/staging.konzeptionisten.net\/"},{"@type":"ListItem","position":2,"name":"Service","item":"https:\/\/staging.konzeptionisten.net\/service"},{"@type":"ListItem","position":3,"name":"\u00d6ffentlicher Verkehr"}]},{"@type":"WebSite","@id":"https:\/\/staging.konzeptionisten.net\/#website","url":"https:\/\/staging.konzeptionisten.net\/","name":"Salzburg Seenland","description":"immerse experience enjoy","potentialAction":[{"@type":"SearchAction","target":{"@type":"EntryPoint","urlTemplate":"https:\/\/staging.konzeptionisten.net\/?s={search_term_string}"},"query-input":{"@type":"PropertyValueSpecification","valueRequired":true,"valueName":"search_term_string"}}],"inLanguage":"en-GB"}]}},"_links":{"self":[{"href":"https:\/\/staging.konzeptionisten.net\/en\/wp-json\/wp\/v2\/pages\/2135","targetHints":{"allow":["GET"]}}],"collection":[{"href":"https:\/\/staging.konzeptionisten.net\/en\/wp-json\/wp\/v2\/pages"}],"about":[{"href":"https:\/\/staging.konzeptionisten.net\/en\/wp-json\/wp\/v2\/types\/page"}],"author":[{"embeddable":true,"href":"https:\/\/staging.konzeptionisten.net\/en\/wp-json\/wp\/v2\/users\/1"}],"replies":[{"embeddable":true,"href":"https:\/\/staging.konzeptionisten.net\/en\/wp-json\/wp\/v2\/comments?post=2135"}],"version-history":[{"count":5,"href":"https:\/\/staging.konzeptionisten.net\/en\/wp-json\/wp\/v2\/pages\/2135\/revisions"}],"predecessor-version":[{"id":6271,"href":"https:\/\/staging.konzeptionisten.net\/en\/wp-json\/wp\/v2\/pages\/2135\/revisions\/6271"}],"up":[{"embeddable":true,"href":"https:\/\/staging.konzeptionisten.net\/en\/wp-json\/wp\/v2\/pages\/918"}],"wp:featuredmedia":[{"embeddable":true,"href":"https:\/\/staging.konzeptionisten.net\/en\/wp-json\/wp\/v2\/media\/2148"}],"wp:attachment":[{"href":"https:\/\/staging.konzeptionisten.net\/en\/wp-json\/wp\/v2\/media?parent=2135"}],"curies":[{"name":"wp","href":"https:\/\/api.w.org\/{rel}","templated":true}]}}