{"id":1840,"date":"2023-05-15T19:49:09","date_gmt":"2023-05-15T17:49:09","guid":{"rendered":"https:\/\/staging.konzeptionisten.net\/?page_id=1840"},"modified":"2024-04-18T13:48:36","modified_gmt":"2024-04-18T11:48:36","slug":"seenland-card","status":"publish","type":"page","link":"https:\/\/staging.konzeptionisten.net\/en\/seenland-card","title":{"rendered":"Seenlandcard"},"content":{"rendered":"<div class=\"lazyblock-zweifarbige-uberschrift-25UN0a wp-block-lazyblock-zweifarbige-uberschrift\"><div class=\"container\">\n  <h1 class=\"duo-heading alignleft\">\n  Seenland Card \n  <br>\n  <span class=\"after-color\">Your personal advantage card<\/span>\n<\/h1>\n<div style=\"clear:both;\"><\/div>\n<\/div><\/div>\n\n<div class=\"lazyblock-single-postthumb-JaOTu wp-block-lazyblock-single-postthumb\"><div class=\"sase-block\">\r\n  <div class=\"container\">\r\n\t  <div class=\"flex-grid\">\r\n\t\t<div class=\"flex-text-half\">\r\n\t\t\t<p class=\"bodytext\">Discovering Salzburg's Seenland is even easier and, above all, even cheaper for all holders of the Seenland Card (guest card). Admission to numerous sights and leisure facilities is <b>reduced<\/b>\u00a0or even\u00a0<b>free of charge<\/b>.<br \/><br \/>In addition to highlights such as the Gut Aiderbichl animal paradise or Trumer Welt in Obertrum, admission to all Seenland lidos is also included, with the exception of the Lochen am See lido.<br \/><br \/><b>You will automatically receive your free Seenland Card when you arrive at one of our <a href=\"https:\/\/staging.konzeptionisten.net\/en\/info\/?limACCSPCLASS=2f662279-b1b0-4edb-b184-4e8e7985eca3\" target=\"_blank\" rel=\"noopener\">65 Inclusive landlords<\/a>.<\/b><\/p>\n<p class=\"bodytext\"><i>Valid during your stay from May to October.<\/i><b><\/b><\/p>\n<p><a href=\"https:\/\/staging.konzeptionisten.net\/wp-content\/uploads\/2024\/04\/Neu2024-SC-Beilageflyer_web-2.pdf\" target=\"_blank\" rel=\"noopener\"><strong>Info folder for the Seenland Card<\/strong><\/a><\/p> \r\n\t\t<\/div>\r\n\t\t<div class=\"flex-img-half\">\r\n\t\t\t<img decoding=\"async\" class=\"b-lazy img-responsive lightbox wp-image-1840 rounded\" src=\"data:image\/gif;base64,R0lGODlhAQABAAAAACH5BAEKAAEALAAAAAABAAEAAAICTAEAOw==\" data-src=\"https:\/\/staging.konzeptionisten.net\/wp-content\/uploads\/2023\/05\/sbg_seenland_card_1.jpg\" data-content=\"https:\/\/staging.konzeptionisten.net\/wp-content\/uploads\/2023\/05\/sbg_seenland_card_1.jpg\" \/><p>&nbsp;<\/p>\t\t<\/div>\r\n\t  <\/div>\r\n <\/div>\r\n<\/div><\/div>\n\n<div class=\"lazyblock-loadhighlights-7dKe1 wp-block-lazyblock-loadhighlights\"><div class=\"sase-block\">\r\n  <div class=\"container\">\r\n\t<h2 class=\"duo-heading aligncenter\"><a name=\"urlaubsthemen\"><\/a>\r\n\t\tFree offers <br> <span class=\"after-color\">the Seenland Card<\/span>\r\n\t<\/h2> \r\n\t<p class=\"aligncenter\"><\/p>\r\n\t<div class=\"flex-grid\">\r\n\t<div class=\"flex-child col-lg-3\"><a href=\"https:\/\/staging.konzeptionisten.net\/en\/lake-district-highlights\/gut-aiderbichl\"><div class=\"box\"><img decoding=\"async\" class=\"b-lazy img-responsive wp-image-541 rounded\" src=\"data:image\/gif;base64,R0lGODlhAQABAAAAACH5BAEKAAEALAAAAAABAAEAAAICTAEAOw==\" data-src=\"https:\/\/staging.konzeptionisten.net\/wp-content\/uploads\/2023\/04\/SalzburgerSeenland_GutAiderbichl_Sommer-Ziegen-405x240.jpg\" alt=\"Gut Aiderbichl\" \/><div class=\"resp-text-overlay\"><h3>Gut Aiderbichl<\/h3><\/div><\/div><\/a><\/div><div class=\"flex-child col-lg-3\"><a href=\"https:\/\/staging.konzeptionisten.net\/en\/recreational-experience\/water-fun\"><div class=\"box\"><img decoding=\"async\" class=\"b-lazy img-responsive wp-image-895 rounded\" src=\"data:image\/gif;base64,R0lGODlhAQABAAAAACH5BAEKAAEALAAAAAABAAEAAAICTAEAOw==\" data-src=\"https:\/\/staging.konzeptionisten.net\/wp-content\/uploads\/2023\/05\/SalzburgerSeenland_Springer-405x240.jpg\" alt=\"Water fun &amp; lidos\" \/><div class=\"resp-text-overlay\"><h3>Water fun &amp; lidos<\/h3><\/div><\/div><\/a><\/div><div class=\"flex-child col-lg-3\"><a href=\"https:\/\/staging.konzeptionisten.net\/en\/lake-district-highlights\/lakeland-shipping\"><div class=\"box\"><img decoding=\"async\" class=\"b-lazy img-responsive wp-image-1671 rounded\" src=\"data:image\/gif;base64,R0lGODlhAQABAAAAACH5BAEKAAEALAAAAAABAAEAAAICTAEAOw==\" data-src=\"https:\/\/staging.konzeptionisten.net\/wp-content\/uploads\/2023\/05\/DSC_0013-405x240.jpg\" alt=\"Seenland Shipping\" \/><div class=\"resp-text-overlay\"><h3>Seenland Shipping<\/h3><\/div><\/div><\/a><\/div><div class=\"flex-child col-lg-3\"><a href=\"https:\/\/staging.konzeptionisten.net\/en\/lake-district-highlights\/trumer-world\"><div class=\"box\"><img decoding=\"async\" class=\"b-lazy img-responsive wp-image-908 rounded\" src=\"data:image\/gif;base64,R0lGODlhAQABAAAAACH5BAEKAAEALAAAAAABAAEAAAICTAEAOw==\" data-src=\"https:\/\/staging.konzeptionisten.net\/wp-content\/uploads\/2023\/05\/SalzburgerSeenland_Obertrum_TrumerBrauerei-405x240.jpg\" alt=\"Trumer World\" \/><div class=\"resp-text-overlay\"><h3>Trumer World<\/h3><\/div><\/div><\/a><\/div><div class=\"flex-child col-lg-3\"><a href=\"https:\/\/staging.konzeptionisten.net\/en\/insider-tips\/sup-fischach\"><div class=\"box\"><img decoding=\"async\" class=\"b-lazy img-responsive wp-image-1590 rounded\" src=\"data:image\/gif;base64,R0lGODlhAQABAAAAACH5BAEKAAEALAAAAAABAAEAAAICTAEAOw==\" data-src=\"https:\/\/staging.konzeptionisten.net\/wp-content\/uploads\/2023\/11\/SUP-Fischach-c-Dominik-Buchner-405x240.jpg\" alt=\"Exploring the Fischach with a SUP\" \/><div class=\"resp-text-overlay\"><h3>Exploring the Fischach with a SUP<\/h3><\/div><\/div><\/a><\/div><div class=\"flex-child col-lg-3\"><a href=\"https:\/\/staging.konzeptionisten.net\/en\/hiking-routes\/devils-trench-seeham\"><div class=\"box\"><img decoding=\"async\" class=\"b-lazy img-responsive wp-image-1989 rounded\" src=\"data:image\/gif;base64,R0lGODlhAQABAAAAACH5BAEKAAEALAAAAAABAAEAAAICTAEAOw==\" data-src=\"https:\/\/staging.konzeptionisten.net\/wp-content\/uploads\/2023\/05\/SalzburgerSeenland_Seeham_CAlexanderLohmann-kl-42-405x240.jpg\" alt=\"Devil&#039;s Trench Seeham\" \/><div class=\"resp-text-overlay\"><h3>Devil's Trench Seeham<\/h3><\/div><\/div><\/a><\/div><div class=\"flex-child col-lg-3\"><a href=\"https:\/\/staging.konzeptionisten.net\/en\/lake-district-highlights\/seeham-again-and-again-on-fridays\"><div class=\"box\"><img decoding=\"async\" class=\"b-lazy img-responsive wp-image-1932 rounded\" src=\"data:image\/gif;base64,R0lGODlhAQABAAAAACH5BAEKAAEALAAAAAABAAEAAAICTAEAOw==\" data-src=\"https:\/\/staging.konzeptionisten.net\/wp-content\/uploads\/2023\/05\/KugelmuellerPaulHerbst_c_TourismusverbandSeeham_RAWFoto__14_-405x240.jpg\" alt=\"Again and again on Fridays - Seeham\" \/><div class=\"resp-text-overlay\"><h3>Fridays again and again - Seeham<\/h3><\/div><\/div><\/a><\/div><div class=\"flex-child col-lg-3\"><a href=\"https:\/\/staging.konzeptionisten.net\/en\/insider-tips\/minigolf\"><div class=\"box\"><img decoding=\"async\" class=\"b-lazy img-responsive wp-image-1902 rounded\" src=\"data:image\/gif;base64,R0lGODlhAQABAAAAACH5BAEKAAEALAAAAAABAAEAAAICTAEAOw==\" data-src=\"https:\/\/staging.konzeptionisten.net\/wp-content\/uploads\/2023\/05\/SalzburgerSeenland_family_CHeikoMandl-121-405x240.jpg\" alt=\"Mini Golf Mattsee\" \/><div class=\"resp-text-overlay\"><h3>Mini Golf Mattsee<\/h3><\/div><\/div><\/a><\/div><div class=\"flex-child col-lg-3\"><a href=\"https:\/\/staging.konzeptionisten.net\/en\/insider-tips\/minigolf-neumarkt-am-wallersee\"><div class=\"box\"><img decoding=\"async\" class=\"b-lazy img-responsive wp-image-2525 rounded\" src=\"data:image\/gif;base64,R0lGODlhAQABAAAAACH5BAEKAAEALAAAAAABAAEAAAICTAEAOw==\" data-src=\"https:\/\/staging.konzeptionisten.net\/wp-content\/uploads\/2023\/05\/csm_Neumarkt_Familienauszeit_cd875f853c-405x240.jpg\" alt=\"Mini Golf Neumarkt am Wallersee\" \/><div class=\"resp-text-overlay\"><h3>Mini Golf Neumarkt am Wallersee<\/h3><\/div><\/div><\/a><\/div><div class=\"flex-child col-lg-3\"><a href=\"https:\/\/staging.konzeptionisten.net\/en\/lake-district-highlights\/wallersee-xpress\"><div class=\"box\"><img decoding=\"async\" class=\"b-lazy img-responsive wp-image-1561 rounded\" src=\"data:image\/gif;base64,R0lGODlhAQABAAAAACH5BAEKAAEALAAAAAABAAEAAAICTAEAOw==\" data-src=\"https:\/\/staging.konzeptionisten.net\/wp-content\/uploads\/2023\/05\/Fahrt-Oktober21-c-Dominik-Stier-1-405x240.jpeg\" alt=\"Wallersee Express\" \/><div class=\"resp-text-overlay\"><h3>Wallersee Express<\/h3><\/div><\/div><\/a><\/div><div class=\"flex-child col-lg-3\"><a href=\"https:\/\/staging.konzeptionisten.net\/en\/lake-district-highlights\/silent-night-museum\"><div class=\"box\"><img decoding=\"async\" class=\"b-lazy img-responsive wp-image-1448 rounded\" src=\"data:image\/gif;base64,R0lGODlhAQABAAAAACH5BAEKAAEALAAAAAABAAEAAAICTAEAOw==\" data-src=\"https:\/\/staging.konzeptionisten.net\/wp-content\/uploads\/2023\/05\/SalzburgerSeenland_Oberndorf_StilleNacht_Museum_aussen_CHermeter-405x240.jpg\" alt=\"Silent Night Museum\" \/><div class=\"resp-text-overlay\"><h3>Silent Night Museum<\/h3><\/div><\/div><\/a><\/div><div class=\"flex-child col-lg-3\"><a href=\"https:\/\/staging.konzeptionisten.net\/en\/insider-tips\/bowling-at-the-hirschenwirt\"><div class=\"box\"><img decoding=\"async\" class=\"b-lazy img-responsive wp-image-1662 rounded\" src=\"data:image\/gif;base64,R0lGODlhAQABAAAAACH5BAEKAAEALAAAAAABAAEAAAICTAEAOw==\" data-src=\"https:\/\/staging.konzeptionisten.net\/wp-content\/uploads\/2023\/05\/Hirschenwirt_Kegeln-405x240.jpg\" alt=\"Bowling at the Hirschenwirt\" \/><div class=\"resp-text-overlay\"><h3>Bowling at the Hirschenwirt<\/h3><\/div><\/div><\/a><\/div><div class=\"flex-child col-lg-3\"><a href=\"https:\/\/staging.konzeptionisten.net\/en\/lake-district-highlights\/neumarkt-fortress\"><div class=\"box\"><img decoding=\"async\" class=\"b-lazy img-responsive wp-image-1298 rounded\" src=\"data:image\/gif;base64,R0lGODlhAQABAAAAACH5BAEKAAEALAAAAAABAAEAAAICTAEAOw==\" data-src=\"https:\/\/staging.konzeptionisten.net\/wp-content\/uploads\/2023\/05\/Neumarkt_Fronfeste-1-405x240.jpg\" alt=\"Fronfeste Museum\" \/><div class=\"resp-text-overlay\"><h3>Fronfeste Museum<\/h3><\/div><\/div><\/a><\/div><div class=\"flex-child col-lg-3\"><a href=\"https:\/\/staging.konzeptionisten.net\/en\/insider-tips\/bee-experience-trail\"><div class=\"box\"><img decoding=\"async\" class=\"b-lazy img-responsive wp-image-1960 rounded\" src=\"data:image\/gif;base64,R0lGODlhAQABAAAAACH5BAEKAAEALAAAAAABAAEAAAICTAEAOw==\" data-src=\"https:\/\/staging.konzeptionisten.net\/wp-content\/uploads\/2023\/05\/Seeham-BluetenfestcTourismusverband_Seeham_Albert_Moser-36-405x240.jpg\" alt=\"Bee Experience Trail\" \/><div class=\"resp-text-overlay\"><h3>Bee Experience Trail<\/h3><\/div><\/div><\/a><\/div><div class=\"flex-child col-lg-3\"><a href=\"https:\/\/staging.konzeptionisten.net\/en\/lake-district-highlights\/literature-house-henndorf\"><div class=\"box\"><img decoding=\"async\" class=\"b-lazy img-responsive wp-image-109 rounded\" src=\"data:image\/gif;base64,R0lGODlhAQABAAAAACH5BAEKAAEALAAAAAABAAEAAAICTAEAOw==\" data-src=\"https:\/\/staging.konzeptionisten.net\/wp-content\/uploads\/2023\/04\/SalzburgerSeenland_Henndorf_Literaturhaus-405x240.jpg\" alt=\"House of Literature Henndorf\" \/><div class=\"resp-text-overlay\"><h3>House of Literature Henndorf<\/h3><\/div><\/div><\/a><\/div><div class=\"flex-child col-lg-3\"><a href=\"https:\/\/staging.konzeptionisten.net\/en\/insider-tips\/horse-riding-and-carriage-rides-seekirchen\"><div class=\"box\"><img decoding=\"async\" class=\"b-lazy img-responsive wp-image-1583 rounded\" src=\"data:image\/gif;base64,R0lGODlhAQABAAAAACH5BAEKAAEALAAAAAABAAEAAAICTAEAOw==\" data-src=\"https:\/\/staging.konzeptionisten.net\/wp-content\/uploads\/2023\/05\/csm_Hochroider_DSC_0423_eda759e73d-400x240.jpg\" alt=\"Horse riding &amp; carriage rides Seekirchen\" \/><div class=\"resp-text-overlay\"><h3>Horse Riding &amp; Carriage Rides Seekirchen<\/h3><\/div><\/div><\/a><\/div><div class=\"flex-child col-lg-3\"><a href=\"https:\/\/staging.konzeptionisten.net\/en\/lake-district-highlights\/mattsee-abbey-and-abbey-museum\"><div class=\"box\"><img decoding=\"async\" class=\"b-lazy img-responsive wp-image-1767 rounded\" src=\"data:image\/gif;base64,R0lGODlhAQABAAAAACH5BAEKAAEALAAAAAABAAEAAAICTAEAOw==\" data-src=\"https:\/\/staging.konzeptionisten.net\/wp-content\/uploads\/2023\/05\/Mattsee_Stiftsmuseum-2-405x240.jpg\" alt=\"Abbey and Abbey Museum Mattsee\" \/><div class=\"resp-text-overlay\"><h3>Abbey and Abbey Museum Mattsee<\/h3><\/div><\/div><\/a><\/div> \r\n\t<\/div>\r\n  <p class=\"desktop\" style=\"clear:both;\">&nbsp;<br \/><\/p>\r\n<\/div>\r\n<\/div><\/div>\n\n\n<div class=\"wp-block-columns is-layout-flex wp-container-core-columns-is-layout-28f84493 wp-block-columns-is-layout-flex\">\n<div class=\"wp-block-column is-layout-flow wp-block-column-is-layout-flow\"><div class=\"lazyblock-zweifarbige-uberschrift-oR83w wp-block-lazyblock-zweifarbige-uberschrift\"><div class=\"container\">\n  <h2 class=\"duo-heading alignleft\">\n  More \n  <br>\n  <span class=\"after-color\">discounted offers<\/span>\n<\/h2>\n<div style=\"clear:both;\"><\/div>\n<\/div><\/div>\n\n\n<p>In our info folder you will find a list of all included and discounted services of the Seenland Card. <\/p>\n\n\n\n<div class=\"wp-block-buttons is-layout-flex wp-block-buttons-is-layout-flex\">\n<div class=\"wp-block-button\"><a class=\"wp-block-button__link wp-element-button\" href=\"https:\/\/staging.konzeptionisten.net\/wp-content\/uploads\/2024\/04\/Neu2024-SC-Beilageflyer_web-2.pdf\"><strong>View info folder<\/strong><\/a><\/div>\n<\/div>\n<\/div>\n\n\n\n<div class=\"wp-block-column is-layout-flow wp-block-column-is-layout-flow\">\n<figure class=\"wp-block-image size-full\"><a href=\"https:\/\/staging.konzeptionisten.net\/wp-content\/uploads\/2023\/05\/SC_Weitere-Angebote_Prospekt-Teaser.png\" target=\"_blank\" rel=\"noreferrer noopener\"><img loading=\"lazy\" decoding=\"async\" width=\"502\" height=\"325\" src=\"https:\/\/staging.konzeptionisten.net\/wp-content\/uploads\/2023\/05\/SC_Weitere-Angebote_Prospekt-Teaser.png\" alt=\"Seenland Card - Brochure PDF Cover\" class=\"wp-image-2680\" srcset=\"https:\/\/staging.konzeptionisten.net\/wp-content\/uploads\/2023\/05\/SC_Weitere-Angebote_Prospekt-Teaser.png 502w, https:\/\/staging.konzeptionisten.net\/wp-content\/uploads\/2023\/05\/SC_Weitere-Angebote_Prospekt-Teaser-300x194.png 300w, https:\/\/staging.konzeptionisten.net\/wp-content\/uploads\/2023\/05\/SC_Weitere-Angebote_Prospekt-Teaser-350x227.png 350w\" sizes=\"auto, (max-width: 502px) 100vw, 502px\" \/><\/a><\/figure>\n<\/div>\n<\/div>\n\n\n\n<div style=\"height:100px\" aria-hidden=\"true\" class=\"wp-block-spacer\"><\/div>\n\n\n<div class=\"lazyblock-zweifarbige-uberschrift-8SD4o wp-block-lazyblock-zweifarbige-uberschrift\"><div class=\"container\">\n  <h2 class=\"duo-heading alignleft\">\n  Frequently asked \n  \n  <span class=\"after-color\">Questions<\/span>\n<\/h2>\n<div style=\"clear:both;\"><\/div>\n<\/div><\/div>\n\n\n<div style=\"height:31px\" aria-hidden=\"true\" class=\"wp-block-spacer\"><\/div>\n\n\n\n<h3 class=\"wp-block-heading\">Where can I get the Seenland Card?<\/h3>\n\n\n\n<p>In all \"inclusive rentals\". Your host will give you the card on arrival and all you have to do is provide your name, date of birth and length of stay. One card can be issued per family for up to 7 people.<\/p>\n\n\n\n<div style=\"height:31px\" aria-hidden=\"true\" class=\"wp-block-spacer\"><\/div>\n\n\n\n<h3 class=\"wp-block-heading\">How does the Seenland Card work?<\/h3>\n\n\n\n<p>By presenting the card, you can take advantage of the offer of the respective partner.&nbsp;<strong>free of charge<\/strong>&nbsp;or&nbsp;<strong>reduced<\/strong>&nbsp;make use of.<\/p>\n\n\n\n<div style=\"height:31px\" aria-hidden=\"true\" class=\"wp-block-spacer\"><\/div>\n\n\n\n<h3 class=\"wp-block-heading\">How much does the Seenland Card cost?<\/h3>\n\n\n\n<p>The Seenland Card is completely free of charge.<\/p>\n\n\n\n<div style=\"height:31px\" aria-hidden=\"true\" class=\"wp-block-spacer\"><\/div>\n\n\n\n<h3 class=\"wp-block-heading\">How long is the Seenland Card valid?<\/h3>\n\n\n\n<p>For the entire duration of your stay.<\/p>\n\n\n\n<div style=\"height:31px\" aria-hidden=\"true\" class=\"wp-block-spacer\"><\/div>\n\n\n\n<h3 class=\"wp-block-heading\">In which period is the card available in the inclusive rental?<\/h3>\n\n\n\n<p>The card is available from 01 May to 31 October.<\/p>\n\n\n\n<div style=\"height:31px\" aria-hidden=\"true\" class=\"wp-block-spacer\"><\/div>\n\n\n\n<h3 class=\"wp-block-heading\">Who are the offers for?<\/h3>\n\n\n\n<p>Each service applies PER PERSON (e.g. 1x free entrance per person).<\/p>","protected":false},"excerpt":{"rendered":"<p>In our info folder you will find a list of all included and discounted services of the Seenland Card. Where can I get the Seenland Card? At all \"inclusive landlords\". Your host will give you the card on arrival and all you have to do is provide your name, date of birth and length of stay. One card can be issued per family for up to 7 people. [...]<\/p>","protected":false},"author":1,"featured_media":2281,"parent":0,"menu_order":0,"comment_status":"closed","ping_status":"closed","template":"page-no-hero.php","meta":{"footnotes":""},"class_list":["post-1840","page","type-page","status-publish","has-post-thumbnail","hentry"],"yoast_head":"<!-- This site is optimized with the Yoast SEO plugin v26.9 - https:\/\/yoast.com\/product\/yoast-seo-wordpress\/ -->\n<title>Seenlandcard - Salzburger Seenland<\/title>\n<meta name=\"description\" content=\"Das Salzburger Seenland l\u00e4sst sich f\u00fcr alle Inhaber der Seenland Card noch einfacher und vor allem noch g\u00fcnstiger entdecken. F\u00fcr zahlreiche Sehensw\u00fcrdigkeiten und Freizeiteinrichtungen ist der Eintritt\u00a0erm\u00e4\u00dfigt\u00a0oder sogar\u00a0kostenlos. Neben Highlights wie dem Tierparadies Gut Aiderbichl oder der Trumer Welt in Obertrum ist auch der Eintritt in alle Seenland-Strandb\u00e4der inkludiert.\" \/>\n<meta name=\"robots\" content=\"noindex, follow, max-snippet:-1, max-image-preview:large, max-video-preview:-1\" \/>\n<meta property=\"og:locale\" content=\"en_GB\" \/>\n<meta property=\"og:type\" content=\"article\" \/>\n<meta property=\"og:title\" content=\"Seenlandcard - Salzburger Seenland\" \/>\n<meta property=\"og:description\" content=\"Das Salzburger Seenland l\u00e4sst sich f\u00fcr alle Inhaber der Seenland Card noch einfacher und vor allem noch g\u00fcnstiger entdecken. F\u00fcr zahlreiche Sehensw\u00fcrdigkeiten und Freizeiteinrichtungen ist der Eintritt\u00a0erm\u00e4\u00dfigt\u00a0oder sogar\u00a0kostenlos. Neben Highlights wie dem Tierparadies Gut Aiderbichl oder der Trumer Welt in Obertrum ist auch der Eintritt in alle Seenland-Strandb\u00e4der inkludiert.\" \/>\n<meta property=\"og:url\" content=\"https:\/\/staging.konzeptionisten.net\/en\/seenland-card\" \/>\n<meta property=\"og:site_name\" content=\"Salzburger Seenland\" \/>\n<meta property=\"article:modified_time\" content=\"2024-04-18T11:48:36+00:00\" \/>\n<meta property=\"og:image\" content=\"https:\/\/staging.konzeptionisten.net\/wp-content\/uploads\/2023\/05\/sbg_seenland_card_1.jpg\" \/>\n\t<meta property=\"og:image:width\" content=\"502\" \/>\n\t<meta property=\"og:image:height\" content=\"325\" \/>\n\t<meta property=\"og:image:type\" content=\"image\/jpeg\" \/>\n<meta name=\"twitter:card\" content=\"summary_large_image\" \/>\n<meta name=\"twitter:label1\" content=\"Estimated reading time\" \/>\n\t<meta name=\"twitter:data1\" content=\"6 minutes\" \/>\n<script type=\"application\/ld+json\" class=\"yoast-schema-graph\">{\"@context\":\"https:\/\/schema.org\",\"@graph\":[{\"@type\":\"WebPage\",\"@id\":\"https:\/\/staging.konzeptionisten.net\/en\/seenland-card\",\"url\":\"https:\/\/staging.konzeptionisten.net\/en\/seenland-card\",\"name\":\"Seenlandcard - Salzburger Seenland\",\"isPartOf\":{\"@id\":\"https:\/\/staging.konzeptionisten.net\/#website\"},\"primaryImageOfPage\":{\"@id\":\"https:\/\/staging.konzeptionisten.net\/en\/seenland-card#primaryimage\"},\"image\":{\"@id\":\"https:\/\/staging.konzeptionisten.net\/en\/seenland-card#primaryimage\"},\"thumbnailUrl\":\"https:\/\/staging.konzeptionisten.net\/wp-content\/uploads\/2023\/05\/sbg_seenland_card_1.jpg\",\"datePublished\":\"2023-05-15T17:49:09+00:00\",\"dateModified\":\"2024-04-18T11:48:36+00:00\",\"description\":\"Das Salzburger Seenland l\u00e4sst sich f\u00fcr alle Inhaber der Seenland Card noch einfacher und vor allem noch g\u00fcnstiger entdecken. F\u00fcr zahlreiche Sehensw\u00fcrdigkeiten und Freizeiteinrichtungen ist der Eintritt\u00a0erm\u00e4\u00dfigt\u00a0oder sogar\u00a0kostenlos. Neben Highlights wie dem Tierparadies Gut Aiderbichl oder der Trumer Welt in Obertrum ist auch der Eintritt in alle Seenland-Strandb\u00e4der inkludiert.\",\"breadcrumb\":{\"@id\":\"https:\/\/staging.konzeptionisten.net\/en\/seenland-card#breadcrumb\"},\"inLanguage\":\"en-GB\",\"potentialAction\":[{\"@type\":\"ReadAction\",\"target\":[\"https:\/\/staging.konzeptionisten.net\/en\/seenland-card\"]}]},{\"@type\":\"ImageObject\",\"inLanguage\":\"en-GB\",\"@id\":\"https:\/\/staging.konzeptionisten.net\/en\/seenland-card#primaryimage\",\"url\":\"https:\/\/staging.konzeptionisten.net\/wp-content\/uploads\/2023\/05\/sbg_seenland_card_1.jpg\",\"contentUrl\":\"https:\/\/staging.konzeptionisten.net\/wp-content\/uploads\/2023\/05\/sbg_seenland_card_1.jpg\",\"width\":502,\"height\":325,\"caption\":\"Salzburger Seenland Card\"},{\"@type\":\"BreadcrumbList\",\"@id\":\"https:\/\/staging.konzeptionisten.net\/en\/seenland-card#breadcrumb\",\"itemListElement\":[{\"@type\":\"ListItem\",\"position\":1,\"name\":\"Startseite\",\"item\":\"https:\/\/staging.konzeptionisten.net\/\"},{\"@type\":\"ListItem\",\"position\":2,\"name\":\"Seenlandcard\"}]},{\"@type\":\"WebSite\",\"@id\":\"https:\/\/staging.konzeptionisten.net\/#website\",\"url\":\"https:\/\/staging.konzeptionisten.net\/\",\"name\":\"Salzburger Seenland\",\"description\":\"eintauchen erleben genie\u00dfen\",\"potentialAction\":[{\"@type\":\"SearchAction\",\"target\":{\"@type\":\"EntryPoint\",\"urlTemplate\":\"https:\/\/staging.konzeptionisten.net\/?s={search_term_string}\"},\"query-input\":{\"@type\":\"PropertyValueSpecification\",\"valueRequired\":true,\"valueName\":\"search_term_string\"}}],\"inLanguage\":\"en-GB\"}]}<\/script>\n<!-- \/ Yoast SEO plugin. -->","yoast_head_json":{"title":"Seenlandcard - Salzburg Seenland","description":"Discovering Salzburg's Seenland is even easier and, above all, even cheaper for all Seenland Card holders. Admission to numerous sights and leisure facilities is reduced or even free. In addition to highlights such as the animal paradise Gut Aiderbichl or the Trumer Welt in Obertrum, admission to all Seenland beach pools is also included.","robots":{"index":"noindex","follow":"follow","max-snippet":"max-snippet:-1","max-image-preview":"max-image-preview:large","max-video-preview":"max-video-preview:-1"},"og_locale":"en_GB","og_type":"article","og_title":"Seenlandcard - Salzburger Seenland","og_description":"Das Salzburger Seenland l\u00e4sst sich f\u00fcr alle Inhaber der Seenland Card noch einfacher und vor allem noch g\u00fcnstiger entdecken. F\u00fcr zahlreiche Sehensw\u00fcrdigkeiten und Freizeiteinrichtungen ist der Eintritt\u00a0erm\u00e4\u00dfigt\u00a0oder sogar\u00a0kostenlos. Neben Highlights wie dem Tierparadies Gut Aiderbichl oder der Trumer Welt in Obertrum ist auch der Eintritt in alle Seenland-Strandb\u00e4der inkludiert.","og_url":"https:\/\/staging.konzeptionisten.net\/en\/seenland-card","og_site_name":"Salzburger Seenland","article_modified_time":"2024-04-18T11:48:36+00:00","og_image":[{"width":502,"height":325,"url":"https:\/\/staging.konzeptionisten.net\/wp-content\/uploads\/2023\/05\/sbg_seenland_card_1.jpg","type":"image\/jpeg"}],"twitter_card":"summary_large_image","twitter_misc":{"Estimated reading time":"6 minutes"},"schema":{"@context":"https:\/\/schema.org","@graph":[{"@type":"WebPage","@id":"https:\/\/staging.konzeptionisten.net\/en\/seenland-card","url":"https:\/\/staging.konzeptionisten.net\/en\/seenland-card","name":"Seenlandcard - Salzburg Seenland","isPartOf":{"@id":"https:\/\/staging.konzeptionisten.net\/#website"},"primaryImageOfPage":{"@id":"https:\/\/staging.konzeptionisten.net\/en\/seenland-card#primaryimage"},"image":{"@id":"https:\/\/staging.konzeptionisten.net\/en\/seenland-card#primaryimage"},"thumbnailUrl":"https:\/\/staging.konzeptionisten.net\/wp-content\/uploads\/2023\/05\/sbg_seenland_card_1.jpg","datePublished":"2023-05-15T17:49:09+00:00","dateModified":"2024-04-18T11:48:36+00:00","description":"Discovering Salzburg's Seenland is even easier and, above all, even cheaper for all Seenland Card holders. Admission to numerous sights and leisure facilities is reduced or even free. In addition to highlights such as the animal paradise Gut Aiderbichl or the Trumer Welt in Obertrum, admission to all Seenland beach pools is also included.","breadcrumb":{"@id":"https:\/\/staging.konzeptionisten.net\/en\/seenland-card#breadcrumb"},"inLanguage":"en-GB","potentialAction":[{"@type":"ReadAction","target":["https:\/\/staging.konzeptionisten.net\/en\/seenland-card"]}]},{"@type":"ImageObject","inLanguage":"en-GB","@id":"https:\/\/staging.konzeptionisten.net\/en\/seenland-card#primaryimage","url":"https:\/\/staging.konzeptionisten.net\/wp-content\/uploads\/2023\/05\/sbg_seenland_card_1.jpg","contentUrl":"https:\/\/staging.konzeptionisten.net\/wp-content\/uploads\/2023\/05\/sbg_seenland_card_1.jpg","width":502,"height":325,"caption":"Salzburger Seenland Card"},{"@type":"BreadcrumbList","@id":"https:\/\/staging.konzeptionisten.net\/en\/seenland-card#breadcrumb","itemListElement":[{"@type":"ListItem","position":1,"name":"Startseite","item":"https:\/\/staging.konzeptionisten.net\/"},{"@type":"ListItem","position":2,"name":"Seenlandcard"}]},{"@type":"WebSite","@id":"https:\/\/staging.konzeptionisten.net\/#website","url":"https:\/\/staging.konzeptionisten.net\/","name":"Salzburg Seenland","description":"immerse experience enjoy","potentialAction":[{"@type":"SearchAction","target":{"@type":"EntryPoint","urlTemplate":"https:\/\/staging.konzeptionisten.net\/?s={search_term_string}"},"query-input":{"@type":"PropertyValueSpecification","valueRequired":true,"valueName":"search_term_string"}}],"inLanguage":"en-GB"}]}},"_links":{"self":[{"href":"https:\/\/staging.konzeptionisten.net\/en\/wp-json\/wp\/v2\/pages\/1840","targetHints":{"allow":["GET"]}}],"collection":[{"href":"https:\/\/staging.konzeptionisten.net\/en\/wp-json\/wp\/v2\/pages"}],"about":[{"href":"https:\/\/staging.konzeptionisten.net\/en\/wp-json\/wp\/v2\/types\/page"}],"author":[{"embeddable":true,"href":"https:\/\/staging.konzeptionisten.net\/en\/wp-json\/wp\/v2\/users\/1"}],"replies":[{"embeddable":true,"href":"https:\/\/staging.konzeptionisten.net\/en\/wp-json\/wp\/v2\/comments?post=1840"}],"version-history":[{"count":5,"href":"https:\/\/staging.konzeptionisten.net\/en\/wp-json\/wp\/v2\/pages\/1840\/revisions"}],"predecessor-version":[{"id":5708,"href":"https:\/\/staging.konzeptionisten.net\/en\/wp-json\/wp\/v2\/pages\/1840\/revisions\/5708"}],"wp:featuredmedia":[{"embeddable":true,"href":"https:\/\/staging.konzeptionisten.net\/en\/wp-json\/wp\/v2\/media\/2281"}],"wp:attachment":[{"href":"https:\/\/staging.konzeptionisten.net\/en\/wp-json\/wp\/v2\/media?parent=1840"}],"curies":[{"name":"wp","href":"https:\/\/api.w.org\/{rel}","templated":true}]}}