{"id":1819,"date":"2023-05-15T19:30:27","date_gmt":"2023-05-15T17:30:27","guid":{"rendered":"https:\/\/staging.konzeptionisten.net\/?page_id=1819"},"modified":"2023-05-20T09:55:44","modified_gmt":"2023-05-20T07:55:44","slug":"experience-bios","status":"publish","type":"page","link":"https:\/\/staging.konzeptionisten.net\/en\/recreational-experience\/experience-bios","title":{"rendered":"BiOS - Experience organic"},"content":{"rendered":"<div class=\"lazyblock-zweifarbige-uberschrift-Z19n21H wp-block-lazyblock-zweifarbige-uberschrift\"><div class=\"container\">\n  <h1 class=\"duo-heading alignleft\">\n  Experience BiOS \n  <br>\n  <span class=\"after-color\">Three countries - one pleasure region<\/span>\n<\/h1>\n<div style=\"clear:both;\"><\/div>\n<\/div><\/div>\n\n<div class=\"lazyblock-single-postthumb-h8v6t wp-block-lazyblock-single-postthumb\"><div class=\"sase-block\">\r\n  <div class=\"container\">\r\n\t  <div class=\"flex-grid\">\r\n\t\t<div class=\"flex-text-half\">\r\n\t\t\t<p class=\"bodytext\">The Bajuwaren cycle tour connects three cross-border regions that have dedicated themselves to the topic of ecology and \"organic\": the eco model region of Lake Waginger - Rupertiwinkel, s'Entdeckerviertel in Upper Austria and the organic hay region in Salzburg Seenland.<\/p>\n<p class=\"bodytext\">Committed farmers and trendy restaurateurs are united by an awareness of sustainability and biodiversity, but the coexistence of organic and conventional farming is also actively lived here. This is particularly evident in farming, animal husbandry or the production of cheese, chocolate and beer in keeping with the motto: \"Experience pleasure!\" The landscape of the three regions is also a pleasure in itself, where crystal-clear lakes, gentle hills and a unique moor landscape meet.<\/p>\n<p><a href=\"http:\/\/www.bios-erleben.com\/\" target=\"_blank\" rel=\"noopener\">www.bios-erleben.com<\/a><\/p> \r\n\t\t<\/div>\r\n\t\t<div class=\"flex-img-half\">\r\n\t\t\t<img decoding=\"async\" class=\"b-lazy img-responsive lightbox wp-image-1819 rounded\" src=\"data:image\/gif;base64,R0lGODlhAQABAAAAACH5BAEKAAEALAAAAAABAAEAAAICTAEAOw==\" data-src=\"https:\/\/staging.konzeptionisten.net\/wp-content\/uploads\/2023\/05\/Seenland_Luftaufnahmen__C__D.Fink_kl-800x600.jpg\" data-content=\"https:\/\/staging.konzeptionisten.net\/wp-content\/uploads\/2023\/05\/Seenland_Luftaufnahmen__C__D.Fink_kl.jpg\" \/><p>&nbsp;<\/p>\t\t<\/div>\r\n\t  <\/div>\r\n <\/div>\r\n<\/div><\/div>\n\n<div class=\"lazyblock-related-posts-Z21I8TU wp-block-lazyblock-related-posts\"><div class=\"sase-block light-background\">\r\n  <p>&nbsp;<\/p>\r\n  <div class=\"container\">\r\n   <h2 class=\"duo-heading aligncenter\">\r\n\t\tBIO-GENUSS <br> <span class=\"after-color\">in Salzburg Seenland<\/span>\r\n\t <\/h2> \r\n\t<p class=\"aligncenter\">&nbsp;<\/p>\r\n\t<div class=\"flex-grid\">\r\n\t<div class=\"flex-child col-lg-3\"><div class=\"box-with-text rounded\">\r\n\t\t\t        <a href=\"https:\/\/staging.konzeptionisten.net\/en\/insider-tips\/bio-hotel-schiessentobel\">\r\n\t\t\t          <img decoding=\"async\" class=\"b-lazy img-responsive wp-image-2658\" src=\"data:image\/gif;base64,R0lGODlhAQABAAAAACH5BAEKAAEALAAAAAABAAEAAAICTAEAOw==\" data-src=\"https:\/\/staging.konzeptionisten.net\/wp-content\/uploads\/2023\/05\/Bio-Bauernhof-Hotel-Schiessentobel-405x240.jpg\" \/>\r\n\t\t\t        <\/a> \r\n\t\t\t        <div class=\"box-text-content\">\r\n\t\t\t          <h3><a href=\"https:\/\/staging.konzeptionisten.net\/en\/insider-tips\/bio-hotel-schiessentobel\">Organic Hotel Schiessentobel<\/a><\/h3>\r\n\t\t\t          <p>In the picturesque hilly landscape around Obertrumer See lies the organic hotel and organic farm Schiessentobel.<\/p>\r\n\t\t\t        <\/div>\r\n\t\t\t     <\/div><\/div><div class=\"flex-child col-lg-3\"><div class=\"box-with-text rounded\">\r\n\t\t\t        <a href=\"https:\/\/staging.konzeptionisten.net\/en\/insider-tips\/farm-shop-joglbauer\">\r\n\t\t\t          <img decoding=\"async\" class=\"b-lazy img-responsive wp-image-2556\" src=\"data:image\/gif;base64,R0lGODlhAQABAAAAACH5BAEKAAEALAAAAAABAAEAAAICTAEAOw==\" data-src=\"https:\/\/staging.konzeptionisten.net\/wp-content\/uploads\/2023\/05\/bios-erleben-hofladen-joglbauer-obertrum-208a3143-405x240.jpg\" \/>\r\n\t\t\t        <\/a> \r\n\t\t\t        <div class=\"box-text-content\">\r\n\t\t\t          <h3><a href=\"https:\/\/staging.konzeptionisten.net\/en\/insider-tips\/farm-shop-joglbauer\">Joglbauer farm shop<\/a><\/h3>\r\n\t\t\t          <p>On the ridge of the Haunsberg above the Trumer Lakes is the...<\/p>\r\n\t\t\t        <\/div>\r\n\t\t\t     <\/div><\/div><div class=\"flex-child col-lg-3\"><div class=\"box-with-text rounded\">\r\n\t\t\t        <a href=\"https:\/\/staging.konzeptionisten.net\/en\/insider-tips\/mattigtaler-hofkaeserei\">\r\n\t\t\t          <img decoding=\"async\" class=\"b-lazy img-responsive wp-image-2669\" src=\"data:image\/gif;base64,R0lGODlhAQABAAAAACH5BAEKAAEALAAAAAABAAEAAAICTAEAOw==\" data-src=\"https:\/\/staging.konzeptionisten.net\/wp-content\/uploads\/2023\/05\/Mattigtaler-Kaese-405x240.jpg\" \/>\r\n\t\t\t        <\/a> \r\n\t\t\t        <div class=\"box-text-content\">\r\n\t\t\t          <h3><a href=\"https:\/\/staging.konzeptionisten.net\/en\/insider-tips\/mattigtaler-hofkaeserei\">Mattigtaler farm cheese dairy<\/a><\/h3>\r\n\t\t\t          <p>In the midst of the tranquil green landscape of the Mattigtal near Seekirchen am Wallersee is...<\/p>\r\n\t\t\t        <\/div>\r\n\t\t\t     <\/div><\/div> \r\n\t<\/div>\r\n  <p style=\"clear:both;\">&nbsp;<br \/><br \/><\/p>\r\n<\/div>\r\n<\/div><\/div>\n\n\n<div class=\"wp-block-buttons is-layout-flex wp-block-buttons-is-layout-flex\">\n<div class=\"wp-block-button\"><a class=\"wp-block-button__link wp-element-button\" href=\"https:\/\/staging.konzeptionisten.net\/en\/infra\/?selLocation=58c4b89d-25c7-49db-8d5e-8382bbdb57e4&amp;limINFOSYSTEMTOPICS=b592b378-9715-42db-acfc-662037897ffc#\/pois\" target=\"_blank\" rel=\"noreferrer noopener\"><strong>More organic farm shops, direct marketers and organic markets<\/strong><\/a><\/div>\n<\/div>\n\n\n\n<div style=\"height:50px\" aria-hidden=\"true\" class=\"wp-block-spacer\"><\/div>\n\n\n\n<p>The small-scale project is financially supported by the EU programme Interreg V A Austria\/Bavaria 2014 - 2020.<\/p>\n\n\n\n<div class=\"wp-block-columns is-layout-flex wp-container-core-columns-is-layout-28f84493 wp-block-columns-is-layout-flex\">\n<div class=\"wp-block-column is-layout-flow wp-block-column-is-layout-flow\">\n<figure class=\"wp-block-image size-full\"><img loading=\"lazy\" decoding=\"async\" width=\"334\" height=\"152\" src=\"https:\/\/staging.konzeptionisten.net\/wp-content\/uploads\/2023\/05\/logo_bios-intereg-logo.png\" alt=\"EU Programme Interreg V A Austria\/Bavaria 2014 - 2020\" class=\"wp-image-2722\" srcset=\"https:\/\/staging.konzeptionisten.net\/wp-content\/uploads\/2023\/05\/logo_bios-intereg-logo.png 334w, https:\/\/staging.konzeptionisten.net\/wp-content\/uploads\/2023\/05\/logo_bios-intereg-logo-300x137.png 300w\" sizes=\"auto, (max-width: 334px) 100vw, 334px\" \/><\/figure>\n<\/div>\n\n\n\n<div class=\"wp-block-column is-layout-flow wp-block-column-is-layout-flow\">\n<figure class=\"wp-block-image aligncenter size-full\"><a href=\"https:\/\/www.waginger-see.de\/urlaubsplanung\/genussregion\/bio-genuss-waginger-see\" target=\"_blank\" rel=\"noreferrer noopener\"><img loading=\"lazy\" decoding=\"async\" width=\"334\" height=\"152\" src=\"https:\/\/staging.konzeptionisten.net\/wp-content\/uploads\/2023\/05\/logo_bios-wagginger-see.png\" alt=\"Logo BiOS Lake Wagingen\" class=\"wp-image-2723\" srcset=\"https:\/\/staging.konzeptionisten.net\/wp-content\/uploads\/2023\/05\/logo_bios-wagginger-see.png 334w, https:\/\/staging.konzeptionisten.net\/wp-content\/uploads\/2023\/05\/logo_bios-wagginger-see-300x137.png 300w\" sizes=\"auto, (max-width: 334px) 100vw, 334px\" \/><\/a><\/figure>\n<\/div>\n\n\n\n<div class=\"wp-block-column is-layout-flow wp-block-column-is-layout-flow\">\n<figure class=\"wp-block-image size-full\"><a href=\"https:\/\/www.entdeckerviertel.at\/bio.html\" target=\"_blank\" rel=\"noreferrer noopener\"><img loading=\"lazy\" decoding=\"async\" width=\"334\" height=\"152\" src=\"https:\/\/staging.konzeptionisten.net\/wp-content\/uploads\/2023\/05\/logo_bios-entdeckerviertel.png\" alt=\"Logo BiOS s&#039;Entdeckerviertel\" class=\"wp-image-2721\" srcset=\"https:\/\/staging.konzeptionisten.net\/wp-content\/uploads\/2023\/05\/logo_bios-entdeckerviertel.png 334w, https:\/\/staging.konzeptionisten.net\/wp-content\/uploads\/2023\/05\/logo_bios-entdeckerviertel-300x137.png 300w\" sizes=\"auto, (max-width: 334px) 100vw, 334px\" \/><\/a><\/figure>\n<\/div>\n<\/div>","protected":false},"excerpt":{"rendered":"<p>The small-scale project is financially supported by the EU programme Interreg V A Austria\/Bavaria 2014 - 2020.<\/p>","protected":false},"author":1,"featured_media":1820,"parent":404,"menu_order":0,"comment_status":"closed","ping_status":"closed","template":"page-no-hero.php","meta":{"footnotes":""},"class_list":["post-1819","page","type-page","status-publish","has-post-thumbnail","hentry"],"yoast_head":"<!-- This site is optimized with the Yoast SEO plugin v26.9 - https:\/\/yoast.com\/product\/yoast-seo-wordpress\/ -->\n<title>BiOS - Bio erleben - Salzburger Seenland<\/title>\n<meta name=\"description\" content=\"Engagierte Landwirte und trendige Gastronomen eint das Bewusstsein f\u00fcr Nachhaltigkeit und Biodiversit\u00e4t, aber auch das Miteinander von \u00f6kologischer und konventioneller Landwirtschaft wird hier aktiv gelebt. Das zeigt sich vor allem im Landbau, bei der Tierhaltung oder der Herstellung von K\u00e4se, Schokolade und Bier, uvm.\" \/>\n<meta name=\"robots\" content=\"noindex, follow, max-snippet:-1, max-image-preview:large, max-video-preview:-1\" \/>\n<meta property=\"og:locale\" content=\"en_GB\" \/>\n<meta property=\"og:type\" content=\"article\" \/>\n<meta property=\"og:title\" content=\"BiOS - Bio erleben - Salzburger Seenland\" \/>\n<meta property=\"og:description\" content=\"Engagierte Landwirte und trendige Gastronomen eint das Bewusstsein f\u00fcr Nachhaltigkeit und Biodiversit\u00e4t, aber auch das Miteinander von \u00f6kologischer und konventioneller Landwirtschaft wird hier aktiv gelebt. Das zeigt sich vor allem im Landbau, bei der Tierhaltung oder der Herstellung von K\u00e4se, Schokolade und Bier, uvm.\" \/>\n<meta property=\"og:url\" content=\"https:\/\/staging.konzeptionisten.net\/en\/recreational-experience\/experience-bios\" \/>\n<meta property=\"og:site_name\" content=\"Salzburger Seenland\" \/>\n<meta property=\"article:modified_time\" content=\"2023-05-20T07:55:44+00:00\" \/>\n<meta property=\"og:image\" content=\"https:\/\/staging.konzeptionisten.net\/wp-content\/uploads\/2023\/05\/Seenland_Luftaufnahmen__C__D.Fink_kl.jpg\" \/>\n\t<meta property=\"og:image:width\" content=\"1024\" \/>\n\t<meta property=\"og:image:height\" content=\"682\" \/>\n\t<meta property=\"og:image:type\" content=\"image\/jpeg\" \/>\n<meta name=\"twitter:card\" content=\"summary_large_image\" \/>\n<meta name=\"twitter:label1\" content=\"Estimated reading time\" \/>\n\t<meta name=\"twitter:data1\" content=\"1 minute\" \/>\n<script type=\"application\/ld+json\" class=\"yoast-schema-graph\">{\"@context\":\"https:\/\/schema.org\",\"@graph\":[{\"@type\":\"WebPage\",\"@id\":\"https:\/\/staging.konzeptionisten.net\/en\/recreational-experience\/experience-bios\",\"url\":\"https:\/\/staging.konzeptionisten.net\/en\/recreational-experience\/experience-bios\",\"name\":\"BiOS - Bio erleben - Salzburger Seenland\",\"isPartOf\":{\"@id\":\"https:\/\/staging.konzeptionisten.net\/#website\"},\"primaryImageOfPage\":{\"@id\":\"https:\/\/staging.konzeptionisten.net\/en\/recreational-experience\/experience-bios#primaryimage\"},\"image\":{\"@id\":\"https:\/\/staging.konzeptionisten.net\/en\/recreational-experience\/experience-bios#primaryimage\"},\"thumbnailUrl\":\"https:\/\/staging.konzeptionisten.net\/wp-content\/uploads\/2023\/05\/Seenland_Luftaufnahmen__C__D.Fink_kl.jpg\",\"datePublished\":\"2023-05-15T17:30:27+00:00\",\"dateModified\":\"2023-05-20T07:55:44+00:00\",\"description\":\"Engagierte Landwirte und trendige Gastronomen eint das Bewusstsein f\u00fcr Nachhaltigkeit und Biodiversit\u00e4t, aber auch das Miteinander von \u00f6kologischer und konventioneller Landwirtschaft wird hier aktiv gelebt. Das zeigt sich vor allem im Landbau, bei der Tierhaltung oder der Herstellung von K\u00e4se, Schokolade und Bier, uvm.\",\"breadcrumb\":{\"@id\":\"https:\/\/staging.konzeptionisten.net\/en\/recreational-experience\/experience-bios#breadcrumb\"},\"inLanguage\":\"en-GB\",\"potentialAction\":[{\"@type\":\"ReadAction\",\"target\":[\"https:\/\/staging.konzeptionisten.net\/en\/recreational-experience\/experience-bios\"]}]},{\"@type\":\"ImageObject\",\"inLanguage\":\"en-GB\",\"@id\":\"https:\/\/staging.konzeptionisten.net\/en\/recreational-experience\/experience-bios#primaryimage\",\"url\":\"https:\/\/staging.konzeptionisten.net\/wp-content\/uploads\/2023\/05\/Seenland_Luftaufnahmen__C__D.Fink_kl.jpg\",\"contentUrl\":\"https:\/\/staging.konzeptionisten.net\/wp-content\/uploads\/2023\/05\/Seenland_Luftaufnahmen__C__D.Fink_kl.jpg\",\"width\":1024,\"height\":682,\"caption\":\"Seenland Luftaufnahmen (c) D. Fink\"},{\"@type\":\"BreadcrumbList\",\"@id\":\"https:\/\/staging.konzeptionisten.net\/en\/recreational-experience\/experience-bios#breadcrumb\",\"itemListElement\":[{\"@type\":\"ListItem\",\"position\":1,\"name\":\"Startseite\",\"item\":\"https:\/\/staging.konzeptionisten.net\/\"},{\"@type\":\"ListItem\",\"position\":2,\"name\":\"Erlebnis &#038; Freizeit\",\"item\":\"https:\/\/staging.konzeptionisten.net\/erlebnis-freizeit\"},{\"@type\":\"ListItem\",\"position\":3,\"name\":\"BiOS &#8211; Bio erleben\"}]},{\"@type\":\"WebSite\",\"@id\":\"https:\/\/staging.konzeptionisten.net\/#website\",\"url\":\"https:\/\/staging.konzeptionisten.net\/\",\"name\":\"Salzburger Seenland\",\"description\":\"eintauchen erleben genie\u00dfen\",\"potentialAction\":[{\"@type\":\"SearchAction\",\"target\":{\"@type\":\"EntryPoint\",\"urlTemplate\":\"https:\/\/staging.konzeptionisten.net\/?s={search_term_string}\"},\"query-input\":{\"@type\":\"PropertyValueSpecification\",\"valueRequired\":true,\"valueName\":\"search_term_string\"}}],\"inLanguage\":\"en-GB\"}]}<\/script>\n<!-- \/ Yoast SEO plugin. -->","yoast_head_json":{"title":"BiOS - Experience Organic - Salzburg Seenland","description":"Committed farmers and trendy restaurateurs are united by an awareness of sustainability and biodiversity, but the coexistence of organic and conventional farming is also actively lived here. This is particularly evident in farming, animal husbandry or the production of cheese, chocolate and beer, and much more.","robots":{"index":"noindex","follow":"follow","max-snippet":"max-snippet:-1","max-image-preview":"max-image-preview:large","max-video-preview":"max-video-preview:-1"},"og_locale":"en_GB","og_type":"article","og_title":"BiOS - Bio erleben - Salzburger Seenland","og_description":"Engagierte Landwirte und trendige Gastronomen eint das Bewusstsein f\u00fcr Nachhaltigkeit und Biodiversit\u00e4t, aber auch das Miteinander von \u00f6kologischer und konventioneller Landwirtschaft wird hier aktiv gelebt. Das zeigt sich vor allem im Landbau, bei der Tierhaltung oder der Herstellung von K\u00e4se, Schokolade und Bier, uvm.","og_url":"https:\/\/staging.konzeptionisten.net\/en\/recreational-experience\/experience-bios","og_site_name":"Salzburger Seenland","article_modified_time":"2023-05-20T07:55:44+00:00","og_image":[{"width":1024,"height":682,"url":"https:\/\/staging.konzeptionisten.net\/wp-content\/uploads\/2023\/05\/Seenland_Luftaufnahmen__C__D.Fink_kl.jpg","type":"image\/jpeg"}],"twitter_card":"summary_large_image","twitter_misc":{"Estimated reading time":"1 minute"},"schema":{"@context":"https:\/\/schema.org","@graph":[{"@type":"WebPage","@id":"https:\/\/staging.konzeptionisten.net\/en\/recreational-experience\/experience-bios","url":"https:\/\/staging.konzeptionisten.net\/en\/recreational-experience\/experience-bios","name":"BiOS - Experience Organic - Salzburg Seenland","isPartOf":{"@id":"https:\/\/staging.konzeptionisten.net\/#website"},"primaryImageOfPage":{"@id":"https:\/\/staging.konzeptionisten.net\/en\/recreational-experience\/experience-bios#primaryimage"},"image":{"@id":"https:\/\/staging.konzeptionisten.net\/en\/recreational-experience\/experience-bios#primaryimage"},"thumbnailUrl":"https:\/\/staging.konzeptionisten.net\/wp-content\/uploads\/2023\/05\/Seenland_Luftaufnahmen__C__D.Fink_kl.jpg","datePublished":"2023-05-15T17:30:27+00:00","dateModified":"2023-05-20T07:55:44+00:00","description":"Committed farmers and trendy restaurateurs are united by an awareness of sustainability and biodiversity, but the coexistence of organic and conventional farming is also actively lived here. This is particularly evident in farming, animal husbandry or the production of cheese, chocolate and beer, and much more.","breadcrumb":{"@id":"https:\/\/staging.konzeptionisten.net\/en\/recreational-experience\/experience-bios#breadcrumb"},"inLanguage":"en-GB","potentialAction":[{"@type":"ReadAction","target":["https:\/\/staging.konzeptionisten.net\/en\/recreational-experience\/experience-bios"]}]},{"@type":"ImageObject","inLanguage":"en-GB","@id":"https:\/\/staging.konzeptionisten.net\/en\/recreational-experience\/experience-bios#primaryimage","url":"https:\/\/staging.konzeptionisten.net\/wp-content\/uploads\/2023\/05\/Seenland_Luftaufnahmen__C__D.Fink_kl.jpg","contentUrl":"https:\/\/staging.konzeptionisten.net\/wp-content\/uploads\/2023\/05\/Seenland_Luftaufnahmen__C__D.Fink_kl.jpg","width":1024,"height":682,"caption":"Seenland Luftaufnahmen (c) D. Fink"},{"@type":"BreadcrumbList","@id":"https:\/\/staging.konzeptionisten.net\/en\/recreational-experience\/experience-bios#breadcrumb","itemListElement":[{"@type":"ListItem","position":1,"name":"Startseite","item":"https:\/\/staging.konzeptionisten.net\/"},{"@type":"ListItem","position":2,"name":"Erlebnis &#038; Freizeit","item":"https:\/\/staging.konzeptionisten.net\/erlebnis-freizeit"},{"@type":"ListItem","position":3,"name":"BiOS &#8211; Bio erleben"}]},{"@type":"WebSite","@id":"https:\/\/staging.konzeptionisten.net\/#website","url":"https:\/\/staging.konzeptionisten.net\/","name":"Salzburg Seenland","description":"immerse experience enjoy","potentialAction":[{"@type":"SearchAction","target":{"@type":"EntryPoint","urlTemplate":"https:\/\/staging.konzeptionisten.net\/?s={search_term_string}"},"query-input":{"@type":"PropertyValueSpecification","valueRequired":true,"valueName":"search_term_string"}}],"inLanguage":"en-GB"}]}},"_links":{"self":[{"href":"https:\/\/staging.konzeptionisten.net\/en\/wp-json\/wp\/v2\/pages\/1819","targetHints":{"allow":["GET"]}}],"collection":[{"href":"https:\/\/staging.konzeptionisten.net\/en\/wp-json\/wp\/v2\/pages"}],"about":[{"href":"https:\/\/staging.konzeptionisten.net\/en\/wp-json\/wp\/v2\/types\/page"}],"author":[{"embeddable":true,"href":"https:\/\/staging.konzeptionisten.net\/en\/wp-json\/wp\/v2\/users\/1"}],"replies":[{"embeddable":true,"href":"https:\/\/staging.konzeptionisten.net\/en\/wp-json\/wp\/v2\/comments?post=1819"}],"version-history":[{"count":5,"href":"https:\/\/staging.konzeptionisten.net\/en\/wp-json\/wp\/v2\/pages\/1819\/revisions"}],"predecessor-version":[{"id":2751,"href":"https:\/\/staging.konzeptionisten.net\/en\/wp-json\/wp\/v2\/pages\/1819\/revisions\/2751"}],"up":[{"embeddable":true,"href":"https:\/\/staging.konzeptionisten.net\/en\/wp-json\/wp\/v2\/pages\/404"}],"wp:featuredmedia":[{"embeddable":true,"href":"https:\/\/staging.konzeptionisten.net\/en\/wp-json\/wp\/v2\/media\/1820"}],"wp:attachment":[{"href":"https:\/\/staging.konzeptionisten.net\/en\/wp-json\/wp\/v2\/media?parent=1819"}],"curies":[{"name":"wp","href":"https:\/\/api.w.org\/{rel}","templated":true}]}}