{"id":1809,"date":"2023-05-15T18:52:51","date_gmt":"2023-05-15T16:52:51","guid":{"rendered":"https:\/\/staging.konzeptionisten.net\/?page_id=1809"},"modified":"2024-04-04T17:31:54","modified_gmt":"2024-04-04T15:31:54","slug":"seminars","status":"publish","type":"page","link":"https:\/\/staging.konzeptionisten.net\/en\/recreational-experience\/seminars","title":{"rendered":"Seminars"},"content":{"rendered":"<div class=\"lazyblock-zweifarbige-uberschrift-2lwwUd wp-block-lazyblock-zweifarbige-uberschrift\"><div class=\"container\">\n  <h1 class=\"duo-heading alignleft\">\n  Seminars &amp; Conferences \n  <br>\n  <span class=\"after-color\">in Salzburg Seenland<\/span>\n<\/h1>\n<div style=\"clear:both;\"><\/div>\n<\/div><\/div>\n\n<div class=\"lazyblock-single-postthumb-1Erzjo wp-block-lazyblock-single-postthumb\"><div class=\"sase-block\">\r\n  <div class=\"container\">\r\n\t  <div class=\"flex-grid\">\r\n\t\t<div class=\"flex-text-half\">\r\n\t\t\t<p>For companies and employees. For events, seminars, training courses, workshops and conferences. Discover the seminar hotels and event locations in Salzburg's Seenland and find out about suitable seminar packages, technical equipment and an ideal supporting programme.<\/p> \r\n\t\t<\/div>\r\n\t\t<div class=\"flex-img-half\">\r\n\t\t\t<img decoding=\"async\" class=\"b-lazy img-responsive lightbox wp-image-1809 rounded\" src=\"data:image\/gif;base64,R0lGODlhAQABAAAAACH5BAEKAAEALAAAAAABAAEAAAICTAEAOw==\" data-src=\"https:\/\/staging.konzeptionisten.net\/wp-content\/uploads\/2023\/05\/Hotel_Walkner1-800x600.jpg\" data-content=\"https:\/\/staging.konzeptionisten.net\/wp-content\/uploads\/2023\/05\/Hotel_Walkner1.jpg\" \/><p>&nbsp;<\/p>\t\t<\/div>\r\n\t  <\/div>\r\n <\/div>\r\n<\/div><\/div>\n\n<div class=\"lazyblock-loadinsidertips-1tJ872 wp-block-lazyblock-loadinsidertips\"><div class=\"sase-block light-background\">\r\n  <div class=\"container\">\r\n\t<h2 class=\"duo-heading aligncenter\"><a name=\"insidertipps\"><\/a>\r\n\t\tOur seminar rooms <span class=\"after-color\">in Salzburg Seenland<\/span>\r\n\t<\/h2> \r\n\t<p class=\"aligncenter\"><br><br><\/p>\r\n\t<div class=\"flex-grid\">\r\n\t<div class=\"flex-child col-lg-4\"><a href=\"https:\/\/staging.konzeptionisten.net\/en\/seminars\/pension-obertrum\"><div class=\"box\"><img decoding=\"async\" class=\"b-lazy img-responsive wp-image-3537 rounded\" src=\"data:image\/gif;base64,R0lGODlhAQABAAAAACH5BAEKAAEALAAAAAABAAEAAAICTAEAOw==\" data-src=\"https:\/\/staging.konzeptionisten.net\/wp-content\/uploads\/2023\/06\/csm_Unbenannt_581b3ad24a-405x240.jpg\" alt=\"Pension Obertrum\" \/><div class=\"small-resp-text-overlay\"><h4>Pension Obertrum<\/h4><\/div><\/div><\/a><\/div><div class=\"flex-child col-lg-4\"><a href=\"https:\/\/staging.konzeptionisten.net\/en\/seminars\/elixhauser-host\"><div class=\"box\"><img decoding=\"async\" class=\"b-lazy img-responsive wp-image-3542 rounded\" src=\"data:image\/gif;base64,R0lGODlhAQABAAAAACH5BAEKAAEALAAAAAABAAEAAAICTAEAOw==\" data-src=\"https:\/\/staging.konzeptionisten.net\/wp-content\/uploads\/2023\/06\/seminarraum-4-1024x676-1-405x240.jpg\" alt=\"Elixhauser Innkeeper\" \/><div class=\"small-resp-text-overlay\"><h4>Elixhauser Innkeeper<\/h4><\/div><\/div><\/a><\/div><div class=\"flex-child col-lg-4\"><a href=\"https:\/\/staging.konzeptionisten.net\/en\/seminars\/hotel-walkner\"><div class=\"box\"><img decoding=\"async\" class=\"b-lazy img-responsive wp-image-3547 rounded\" src=\"data:image\/gif;base64,R0lGODlhAQABAAAAACH5BAEKAAEALAAAAAABAAEAAAICTAEAOw==\" data-src=\"https:\/\/staging.konzeptionisten.net\/wp-content\/uploads\/2023\/06\/csm_Walkner_Seminarraum_0e42b1df2f-405x240.jpg\" alt=\"Hotel Walkner\" \/><div class=\"small-resp-text-overlay\"><h4>Hotel Walkner<\/h4><\/div><\/div><\/a><\/div><div class=\"flex-child col-lg-4\"><a href=\"https:\/\/staging.konzeptionisten.net\/en\/seminars\/hotel-zum-altwirt\"><div class=\"box\"><img decoding=\"async\" class=\"b-lazy img-responsive wp-image-3552 rounded\" src=\"data:image\/gif;base64,R0lGODlhAQABAAAAACH5BAEKAAEALAAAAAABAAEAAAICTAEAOw==\" data-src=\"https:\/\/staging.konzeptionisten.net\/wp-content\/uploads\/2023\/06\/dsc7178b-405x240.jpg\" alt=\"Hotel zum Altwirt\" \/><div class=\"small-resp-text-overlay\"><h4>Hotel zum Altwirt<\/h4><\/div><\/div><\/a><\/div><div class=\"flex-child col-lg-4\"><a href=\"https:\/\/staging.konzeptionisten.net\/en\/seminars\/seminar-rooms-at-gut-aiderbichl-henndorf\"><div class=\"box\"><img decoding=\"async\" class=\"b-lazy img-responsive wp-image-5368 rounded\" src=\"data:image\/gif;base64,R0lGODlhAQABAAAAACH5BAEKAAEALAAAAAABAAEAAAICTAEAOw==\" data-src=\"https:\/\/staging.konzeptionisten.net\/wp-content\/uploads\/2024\/02\/bandit-768x543-1-405x240.jpg\" alt=\"Gut Aiderbichl Henndorf\" \/><div class=\"small-resp-text-overlay\"><h4>Gut Aiderbichl Henndorf<\/h4><\/div><\/div><\/a><\/div><div class=\"flex-child col-lg-4\"><a href=\"https:\/\/staging.konzeptionisten.net\/en\/seminars\/vega-observatory-2\"><div class=\"box\"><img decoding=\"async\" class=\"b-lazy img-responsive wp-image-5563 rounded\" src=\"data:image\/gif;base64,R0lGODlhAQABAAAAACH5BAEKAAEALAAAAAABAAEAAAICTAEAOw==\" data-src=\"https:\/\/staging.konzeptionisten.net\/wp-content\/uploads\/2024\/03\/Vortrag-5-405x240.jpeg\" alt=\"VEGA Observatory\" \/><div class=\"small-resp-text-overlay\"><h4>VEGA Observatory<\/h4><\/div><\/div><\/a><\/div><div class=\"flex-child col-lg-4\"><a href=\"https:\/\/staging.konzeptionisten.net\/en\/seminars\/bioart-campus-2\"><div class=\"box\"><img decoding=\"async\" class=\"b-lazy img-responsive wp-image-5573 rounded\" src=\"data:image\/gif;base64,R0lGODlhAQABAAAAACH5BAEKAAEALAAAAAABAAEAAAICTAEAOw==\" data-src=\"https:\/\/staging.konzeptionisten.net\/wp-content\/uploads\/2023\/05\/gebaeude_010822_02-405x240.jpg\" alt=\"BioArt Campus\" \/><div class=\"small-resp-text-overlay\"><h4>BioArt Campus<\/h4><\/div><\/div><\/a><\/div><div class=\"flex-child col-lg-4\"><a href=\"https:\/\/staging.konzeptionisten.net\/en\/seminars\/bio-hotel-schiessentobel-2\"><div class=\"box\"><img decoding=\"async\" class=\"b-lazy img-responsive wp-image-5579 rounded\" src=\"data:image\/gif;base64,R0lGODlhAQABAAAAACH5BAEKAAEALAAAAAABAAEAAAICTAEAOw==\" data-src=\"https:\/\/staging.konzeptionisten.net\/wp-content\/uploads\/2024\/03\/dji_0444-405x240.webp\" alt=\"Organic Hotel Schiessentobel\" \/><div class=\"small-resp-text-overlay\"><h4>Organic Hotel Schiessentobel<\/h4><\/div><\/div><\/a><\/div><div class=\"flex-child col-lg-4\"><a href=\"https:\/\/staging.konzeptionisten.net\/en\/seminars\/mattsee-castle-2\"><div class=\"box\"><img decoding=\"async\" class=\"b-lazy img-responsive wp-image-5588 rounded\" src=\"data:image\/gif;base64,R0lGODlhAQABAAAAACH5BAEKAAEALAAAAAABAAEAAAICTAEAOw==\" data-src=\"https:\/\/staging.konzeptionisten.net\/wp-content\/uploads\/2023\/06\/SalzburgerSeenland_Mattsee_Luftaufnahme_Schloss-CBluesky-2-405x240.jpg\" alt=\"Lock Mattsee\" \/><div class=\"small-resp-text-overlay\"><h4>Lock Mattsee<\/h4><\/div><\/div><\/a><\/div> \r\n\t<\/div>\r\n  <p style=\"clear:both;\">&nbsp;<br \/><br \/><\/p>\r\n<\/div>\r\n<\/div><\/div>","protected":false},"excerpt":{"rendered":"","protected":false},"author":1,"featured_media":2923,"parent":404,"menu_order":0,"comment_status":"closed","ping_status":"closed","template":"page-no-hero.php","meta":{"footnotes":""},"class_list":["post-1809","page","type-page","status-publish","has-post-thumbnail","hentry"],"yoast_head":"<!-- This site is optimized with the Yoast SEO plugin v26.9 - https:\/\/yoast.com\/product\/yoast-seo-wordpress\/ -->\n<title>Seminare - Salzburger Seenland<\/title>\n<meta name=\"description\" content=\"F\u00fcr Unternehmen und Mitarbeiter. F\u00fcr Veranstaltungen und Tagungen. Entdecken Sie die Seminarhotels im Seenland und informieren Sie sich \u00fcber passende Seminar-Pauschalen, technische Ausstattung und ein ideales Rahmenprogramm.\" \/>\n<meta name=\"robots\" content=\"noindex, follow, max-snippet:-1, max-image-preview:large, max-video-preview:-1\" \/>\n<meta property=\"og:locale\" content=\"en_GB\" \/>\n<meta property=\"og:type\" content=\"article\" \/>\n<meta property=\"og:title\" content=\"Seminare - Salzburger Seenland\" \/>\n<meta property=\"og:description\" content=\"F\u00fcr Unternehmen und Mitarbeiter. F\u00fcr Veranstaltungen und Tagungen. Entdecken Sie die Seminarhotels im Seenland und informieren Sie sich \u00fcber passende Seminar-Pauschalen, technische Ausstattung und ein ideales Rahmenprogramm.\" \/>\n<meta property=\"og:url\" content=\"https:\/\/staging.konzeptionisten.net\/en\/recreational-experience\/seminars\" \/>\n<meta property=\"og:site_name\" content=\"Salzburger Seenland\" \/>\n<meta property=\"article:modified_time\" content=\"2024-04-04T15:31:54+00:00\" \/>\n<meta property=\"og:image\" content=\"https:\/\/staging.konzeptionisten.net\/wp-content\/uploads\/2023\/05\/Hotel_Walkner1.jpg\" \/>\n\t<meta property=\"og:image:width\" content=\"1024\" \/>\n\t<meta property=\"og:image:height\" content=\"682\" \/>\n\t<meta property=\"og:image:type\" content=\"image\/jpeg\" \/>\n<meta name=\"twitter:card\" content=\"summary_large_image\" \/>\n<meta name=\"twitter:label1\" content=\"Estimated reading time\" \/>\n\t<meta name=\"twitter:data1\" content=\"3 minutes\" \/>\n<script type=\"application\/ld+json\" class=\"yoast-schema-graph\">{\"@context\":\"https:\/\/schema.org\",\"@graph\":[{\"@type\":\"WebPage\",\"@id\":\"https:\/\/staging.konzeptionisten.net\/erlebnis-freizeit\/seminare\",\"url\":\"https:\/\/staging.konzeptionisten.net\/erlebnis-freizeit\/seminare\",\"name\":\"Seminare - Salzburger Seenland\",\"isPartOf\":{\"@id\":\"https:\/\/staging.konzeptionisten.net\/#website\"},\"primaryImageOfPage\":{\"@id\":\"https:\/\/staging.konzeptionisten.net\/erlebnis-freizeit\/seminare#primaryimage\"},\"image\":{\"@id\":\"https:\/\/staging.konzeptionisten.net\/erlebnis-freizeit\/seminare#primaryimage\"},\"thumbnailUrl\":\"https:\/\/staging.konzeptionisten.net\/wp-content\/uploads\/2023\/05\/Hotel_Walkner1.jpg\",\"datePublished\":\"2023-05-15T16:52:51+00:00\",\"dateModified\":\"2024-04-04T15:31:54+00:00\",\"description\":\"F\u00fcr Unternehmen und Mitarbeiter. F\u00fcr Veranstaltungen und Tagungen. Entdecken Sie die Seminarhotels im Seenland und informieren Sie sich \u00fcber passende Seminar-Pauschalen, technische Ausstattung und ein ideales Rahmenprogramm.\",\"breadcrumb\":{\"@id\":\"https:\/\/staging.konzeptionisten.net\/erlebnis-freizeit\/seminare#breadcrumb\"},\"inLanguage\":\"en-GB\",\"potentialAction\":[{\"@type\":\"ReadAction\",\"target\":[\"https:\/\/staging.konzeptionisten.net\/erlebnis-freizeit\/seminare\"]}]},{\"@type\":\"ImageObject\",\"inLanguage\":\"en-GB\",\"@id\":\"https:\/\/staging.konzeptionisten.net\/erlebnis-freizeit\/seminare#primaryimage\",\"url\":\"https:\/\/staging.konzeptionisten.net\/wp-content\/uploads\/2023\/05\/Hotel_Walkner1.jpg\",\"contentUrl\":\"https:\/\/staging.konzeptionisten.net\/wp-content\/uploads\/2023\/05\/Hotel_Walkner1.jpg\",\"width\":1024,\"height\":682,\"caption\":\"Seminare & Tagungen im Hotel Walkner in Seeham\"},{\"@type\":\"BreadcrumbList\",\"@id\":\"https:\/\/staging.konzeptionisten.net\/erlebnis-freizeit\/seminare#breadcrumb\",\"itemListElement\":[{\"@type\":\"ListItem\",\"position\":1,\"name\":\"Startseite\",\"item\":\"https:\/\/staging.konzeptionisten.net\/\"},{\"@type\":\"ListItem\",\"position\":2,\"name\":\"Erlebnis &#038; Freizeit\",\"item\":\"https:\/\/staging.konzeptionisten.net\/erlebnis-freizeit\"},{\"@type\":\"ListItem\",\"position\":3,\"name\":\"Seminare\"}]},{\"@type\":\"WebSite\",\"@id\":\"https:\/\/staging.konzeptionisten.net\/#website\",\"url\":\"https:\/\/staging.konzeptionisten.net\/\",\"name\":\"Salzburger Seenland\",\"description\":\"eintauchen erleben genie\u00dfen\",\"potentialAction\":[{\"@type\":\"SearchAction\",\"target\":{\"@type\":\"EntryPoint\",\"urlTemplate\":\"https:\/\/staging.konzeptionisten.net\/?s={search_term_string}\"},\"query-input\":{\"@type\":\"PropertyValueSpecification\",\"valueRequired\":true,\"valueName\":\"search_term_string\"}}],\"inLanguage\":\"en-GB\"}]}<\/script>\n<!-- \/ Yoast SEO plugin. -->","yoast_head_json":{"title":"Seminars - Salzburg Seenland","description":"For companies and employees. For events and conferences. Discover the seminar hotels in Seenland and find out about suitable seminar packages, technical equipment and an ideal supporting programme.","robots":{"index":"noindex","follow":"follow","max-snippet":"max-snippet:-1","max-image-preview":"max-image-preview:large","max-video-preview":"max-video-preview:-1"},"og_locale":"en_GB","og_type":"article","og_title":"Seminare - Salzburger Seenland","og_description":"F\u00fcr Unternehmen und Mitarbeiter. F\u00fcr Veranstaltungen und Tagungen. Entdecken Sie die Seminarhotels im Seenland und informieren Sie sich \u00fcber passende Seminar-Pauschalen, technische Ausstattung und ein ideales Rahmenprogramm.","og_url":"https:\/\/staging.konzeptionisten.net\/en\/recreational-experience\/seminars","og_site_name":"Salzburger Seenland","article_modified_time":"2024-04-04T15:31:54+00:00","og_image":[{"width":1024,"height":682,"url":"https:\/\/staging.konzeptionisten.net\/wp-content\/uploads\/2023\/05\/Hotel_Walkner1.jpg","type":"image\/jpeg"}],"twitter_card":"summary_large_image","twitter_misc":{"Estimated reading time":"3 minutes"},"schema":{"@context":"https:\/\/schema.org","@graph":[{"@type":"WebPage","@id":"https:\/\/staging.konzeptionisten.net\/erlebnis-freizeit\/seminare","url":"https:\/\/staging.konzeptionisten.net\/erlebnis-freizeit\/seminare","name":"Seminars - Salzburg Seenland","isPartOf":{"@id":"https:\/\/staging.konzeptionisten.net\/#website"},"primaryImageOfPage":{"@id":"https:\/\/staging.konzeptionisten.net\/erlebnis-freizeit\/seminare#primaryimage"},"image":{"@id":"https:\/\/staging.konzeptionisten.net\/erlebnis-freizeit\/seminare#primaryimage"},"thumbnailUrl":"https:\/\/staging.konzeptionisten.net\/wp-content\/uploads\/2023\/05\/Hotel_Walkner1.jpg","datePublished":"2023-05-15T16:52:51+00:00","dateModified":"2024-04-04T15:31:54+00:00","description":"For companies and employees. For events and conferences. Discover the seminar hotels in Seenland and find out about suitable seminar packages, technical equipment and an ideal supporting programme.","breadcrumb":{"@id":"https:\/\/staging.konzeptionisten.net\/erlebnis-freizeit\/seminare#breadcrumb"},"inLanguage":"en-GB","potentialAction":[{"@type":"ReadAction","target":["https:\/\/staging.konzeptionisten.net\/erlebnis-freizeit\/seminare"]}]},{"@type":"ImageObject","inLanguage":"en-GB","@id":"https:\/\/staging.konzeptionisten.net\/erlebnis-freizeit\/seminare#primaryimage","url":"https:\/\/staging.konzeptionisten.net\/wp-content\/uploads\/2023\/05\/Hotel_Walkner1.jpg","contentUrl":"https:\/\/staging.konzeptionisten.net\/wp-content\/uploads\/2023\/05\/Hotel_Walkner1.jpg","width":1024,"height":682,"caption":"Seminare & Tagungen im Hotel Walkner in Seeham"},{"@type":"BreadcrumbList","@id":"https:\/\/staging.konzeptionisten.net\/erlebnis-freizeit\/seminare#breadcrumb","itemListElement":[{"@type":"ListItem","position":1,"name":"Startseite","item":"https:\/\/staging.konzeptionisten.net\/"},{"@type":"ListItem","position":2,"name":"Erlebnis &#038; Freizeit","item":"https:\/\/staging.konzeptionisten.net\/erlebnis-freizeit"},{"@type":"ListItem","position":3,"name":"Seminare"}]},{"@type":"WebSite","@id":"https:\/\/staging.konzeptionisten.net\/#website","url":"https:\/\/staging.konzeptionisten.net\/","name":"Salzburg Seenland","description":"immerse experience enjoy","potentialAction":[{"@type":"SearchAction","target":{"@type":"EntryPoint","urlTemplate":"https:\/\/staging.konzeptionisten.net\/?s={search_term_string}"},"query-input":{"@type":"PropertyValueSpecification","valueRequired":true,"valueName":"search_term_string"}}],"inLanguage":"en-GB"}]}},"_links":{"self":[{"href":"https:\/\/staging.konzeptionisten.net\/en\/wp-json\/wp\/v2\/pages\/1809","targetHints":{"allow":["GET"]}}],"collection":[{"href":"https:\/\/staging.konzeptionisten.net\/en\/wp-json\/wp\/v2\/pages"}],"about":[{"href":"https:\/\/staging.konzeptionisten.net\/en\/wp-json\/wp\/v2\/types\/page"}],"author":[{"embeddable":true,"href":"https:\/\/staging.konzeptionisten.net\/en\/wp-json\/wp\/v2\/users\/1"}],"replies":[{"embeddable":true,"href":"https:\/\/staging.konzeptionisten.net\/en\/wp-json\/wp\/v2\/comments?post=1809"}],"version-history":[{"count":5,"href":"https:\/\/staging.konzeptionisten.net\/en\/wp-json\/wp\/v2\/pages\/1809\/revisions"}],"predecessor-version":[{"id":5644,"href":"https:\/\/staging.konzeptionisten.net\/en\/wp-json\/wp\/v2\/pages\/1809\/revisions\/5644"}],"up":[{"embeddable":true,"href":"https:\/\/staging.konzeptionisten.net\/en\/wp-json\/wp\/v2\/pages\/404"}],"wp:featuredmedia":[{"embeddable":true,"href":"https:\/\/staging.konzeptionisten.net\/en\/wp-json\/wp\/v2\/media\/2923"}],"wp:attachment":[{"href":"https:\/\/staging.konzeptionisten.net\/en\/wp-json\/wp\/v2\/media?parent=1809"}],"curies":[{"name":"wp","href":"https:\/\/api.w.org\/{rel}","templated":true}]}}